{"id":1018,"date":"2023-10-06T12:58:56","date_gmt":"2023-10-06T10:58:56","guid":{"rendered":"https:\/\/www.subzerowolf.cz\/?page_id=1018"},"modified":"2023-12-04T20:09:15","modified_gmt":"2023-12-04T19:09:15","slug":"plyty-gazowe-range-top","status":"publish","type":"page","link":"https:\/\/www.subzerowolf.cz\/pl\/gotowanie\/plyty-gazowe-range-top\/","title":{"rendered":"P\u0142yty gazowe Range Top"},"content":{"rendered":"<!--themify_builder_content-->\n<div id=\"themify_builder_content-1018\" data-postid=\"1018\" class=\"themify_builder_content themify_builder_content-1018 themify_builder tf_clear\">\n                    <div  data-lazy=\"1\" class=\"module_row themify_builder_row tb_abvu157 tb_first tf_w hide-mobile\">\n            <span class=\"builder_row_cover tf_abs\"><\/span>            <div class=\"row_inner col_align_top tb_col_count_1 tf_box tf_rel\">\n                        <div  data-lazy=\"1\" class=\"module_column tb-column col-full tb_6p64157 first\">\n                            <\/div>\n                        <\/div>\n        <\/div>\n                        <div  data-lazy=\"1\" class=\"module_row themify_builder_row tb_tzc2712 tf_w hide-desktop hide-tablet hide-tablet_landscape\">\n            <span class=\"builder_row_cover tf_abs\"><\/span>            <div class=\"row_inner col_align_top tb_col_count_1 tf_box tf_rel\">\n                        <div  data-lazy=\"1\" class=\"module_column tb-column col-full tb_nz8q712 first\">\n                            <\/div>\n                        <\/div>\n        <\/div>\n                        <div  data-lazy=\"1\" class=\"module_row themify_builder_row tb_rilt3 tf_w\">\n            <span class=\"builder_row_cover tf_abs\"><\/span>            <div class=\"row_inner col_align_top tb_col_count_1 tf_box tf_rel\">\n                        <div  data-lazy=\"1\" class=\"module_column tb-column col-full tb_v3e73 first\">\n                    <!-- module text -->\n<div  class=\"module module-text tb_itc73   \" data-lazy=\"1\">\n        <div  class=\"tb_text_wrap\">\n        <h1>P\u0142yty gazowe Range Top<\/h1>    <\/div>\n<\/div>\n<!-- \/module text --><!-- module divider -->\n<div  class=\"module tf_mw module-divider tb_4czo3 solid  divider-custom divider-center\" style=\"border-width: 1px;border-color: #ccc;margin-bottom: 0px;max-width: 150px;\" data-lazy=\"1\">\n    <\/div>\n<!-- \/module divider -->\n        <\/div>\n                        <\/div>\n        <\/div>\n                        <div  data-lazy=\"1\" class=\"module_row themify_builder_row tb_cto7548 tf_w\">\n            <span class=\"builder_row_cover tf_abs\"><\/span>            <div class=\"row_inner col_align_top tb_col_count_1 tf_box tf_rel\">\n                        <div  data-lazy=\"1\" class=\"module_column tb-column col-full tb_0wyw548 first\">\n                    <!-- module text -->\n<div  class=\"module module-text tb_xnxe548 subzero-wolf-range-description  \" data-lazy=\"1\">\n        <div  class=\"tb_text_wrap\">\n        <p>Genialne urz\u0105dzenie dla domowych szef\u00f3w kuchni, kt\u00f3re \u0142\u0105czy moc i kontrol\u0119 podw\u00f3jnych palnik\u00f3w gazowych Wolf z opcjonalnymi modu\u0142ami teppanyaki czy gazowym grillem. Ikoniczne pokr\u0119t\u0142a do sterowania dost\u0119pne w wielu kolorach. Dost\u0119pne w rozmiarach 91cm oraz 122cm.<\/p>    <\/div>\n<\/div>\n<!-- \/module text -->        <\/div>\n                        <\/div>\n        <\/div>\n                        <div  data-lazy=\"1\" class=\"module_row themify_builder_row tb_1ocd121 tf_w\">\n                        <div class=\"row_inner col_align_top tb_col_count_1 tf_box tf_rel\">\n                        <div  data-lazy=\"1\" class=\"module_column tb-column col-full tb_cwi8122 first\">\n                    <!-- advanced-products module -->\n<div  class=\"module woocommerce module-advanced-products tb_lnr5122  themify_builder_content-lnr5122\" data-lazy=\"1\">\n\t\t\t<ul class=\"builder-posts-wrap loops-wrapper tbp_posts_wrap products grid4 classic tf_clear tf_clearfix\" data-lazy=\"1\">\n\t\t\n\t\t\n\t\t\t\t\t\t\t\t\t\t\t\t\t\t\t\t\t\t\t\t\t\t\t<li id=\"post-746\" class=\"post tf_clearfix has-post-title has-post-date has-post-category has-post-tag has-post-comment has-post-author product type-product post-746 status-publish first instock product_cat-gotowanie product_cat-plyty-gazowe-range-top product_cat-wolf has-post-thumbnail shipping-taxable product-type-simple\">\n\n\t\t\t\t\t\t\t    <div class=\"tbp_advanced_archive_wrap\">\n\t                <div  data-lazy=\"1\" class=\"module_row themify_builder_row tb_gr7z121 tf_w\">\n                        <div class=\"row_inner col_align_top tb_col_count_1 tf_box tf_rel\">\n                        <div  data-lazy=\"1\" class=\"module_column tb-column col-full tb_pjp4621 first\">\n                    <!-- Product Image module -->\n<div  class=\"module module-product-image tb_rfog621   thumb-img-bottom tbp_disable_wc_zoom\" data-lazy=\"1\">\n\t<figure class=\"product-image\">\n\t\t\t\t<a  href=\"https:\/\/www.subzerowolf.cz\/pl\/produkt\/plyta-gazowa-4-palniki-wok-icbsrt484w\/\">\n\t\t\t\t<img loading=\"lazy\" decoding=\"async\" src=\"https:\/\/www.subzerowolf.cz\/wp-content\/uploads\/2023\/09\/Wolf_Product_ICBSRT484W-1024x1024-200x200.jpg\" width=\"200\" height=\"200\" class=\"wp-post-image wp-image-747\" title=\"Wolf_Product_ICBSRT484W\" alt=\"Wolf P\u0142yta Gazowa - 4 palniki + Wok ICBSRT484W\" srcset=\"https:\/\/www.subzerowolf.cz\/wp-content\/uploads\/2023\/09\/Wolf_Product_ICBSRT484W-1024x1024-200x200.jpg 200w, https:\/\/www.subzerowolf.cz\/wp-content\/uploads\/2023\/09\/Wolf_Product_ICBSRT484W-300x300.jpg 300w, https:\/\/www.subzerowolf.cz\/wp-content\/uploads\/2023\/09\/Wolf_Product_ICBSRT484W-1024x1024.jpg 1024w, https:\/\/www.subzerowolf.cz\/wp-content\/uploads\/2023\/09\/Wolf_Product_ICBSRT484W-150x150.jpg 150w, https:\/\/www.subzerowolf.cz\/wp-content\/uploads\/2023\/09\/Wolf_Product_ICBSRT484W-768x768.jpg 768w, https:\/\/www.subzerowolf.cz\/wp-content\/uploads\/2023\/09\/Wolf_Product_ICBSRT484W-600x600.jpg 600w, https:\/\/www.subzerowolf.cz\/wp-content\/uploads\/2023\/09\/Wolf_Product_ICBSRT484W-100x100.jpg 100w, https:\/\/www.subzerowolf.cz\/wp-content\/uploads\/2023\/09\/Wolf_Product_ICBSRT484W.jpg 1280w\" sizes=\"auto, (max-width: 200px) 100vw, 200px\" \/>\t\t\t\t\t\t<\/a>\n\t<\/figure>\n<\/div>\n<!-- \/Product Image module -->\n<!-- module plain text -->\n<div  class=\"module module-plain-text tb_jx2n621 subzero-wolf-product-number\" data-lazy=\"1\">\n        <div class=\"tb_text_wrap\">\n    ICBSRT484W    <\/div>\n<\/div>\n<!-- \/module plain text --><!-- Product Title module -->\n<div  class=\"module module-product-title tb_o3zm621 \" data-lazy=\"1\">\n\t<h2 class=\"tbp_title\">\n\t<a  href=\"https:\/\/www.subzerowolf.cz\/pl\/produkt\/plyta-gazowa-4-palniki-wok-icbsrt484w\/\">\n\t\tP\u0142yta Gazowa &#8211; 4 palniki + Wok\t\t<\/a>\n<\/h2><\/div>\n<!-- \/Product Title module -->        <\/div>\n                        <\/div>\n        <\/div>\n            <\/div>\n\n\t\t\t\t\t\t\t<\/li>\n\n\t\t\t\t\t\t\t\t\t\t\t\t\t\t\t\t\t\t\t\t\t\t\t\t\t\t\t\t\t\t<li id=\"post-752\" class=\"post tf_clearfix has-post-title has-post-date has-post-category has-post-tag has-post-comment has-post-author product type-product post-752 status-publish instock product_cat-gotowanie product_cat-plyty-gazowe-range-top product_cat-wolf has-post-thumbnail shipping-taxable product-type-simple\">\n\n\t\t\t\t\t\t\t    <div class=\"tbp_advanced_archive_wrap\">\n\t                <div  data-lazy=\"1\" class=\"module_row themify_builder_row tb_gr7z121 tf_w\">\n                        <div class=\"row_inner col_align_top tb_col_count_1 tf_box tf_rel\">\n                        <div  data-lazy=\"1\" class=\"module_column tb-column col-full tb_pjp4621 first\">\n                    <!-- Product Image module -->\n<div  class=\"module module-product-image tb_rfog621   thumb-img-bottom tbp_disable_wc_zoom\" data-lazy=\"1\">\n\t<figure class=\"product-image\">\n\t\t\t\t<a  href=\"https:\/\/www.subzerowolf.cz\/pl\/produkt\/plyta-gazowa-2-palniki-wok-icbsrt362w\/\">\n\t\t\t\t<img loading=\"lazy\" decoding=\"async\" src=\"https:\/\/www.subzerowolf.cz\/wp-content\/uploads\/2023\/09\/Wolf_Product_ICBSRT362W-1024x1024-200x200.jpg\" width=\"200\" height=\"200\" class=\"wp-post-image wp-image-753\" title=\"Wolf_Product_ICBSRT362W\" alt=\"Wolf P\u0142yta Gazowa - 2 palniki + Wok ICBSRT362W\" srcset=\"https:\/\/www.subzerowolf.cz\/wp-content\/uploads\/2023\/09\/Wolf_Product_ICBSRT362W-1024x1024-200x200.jpg 200w, https:\/\/www.subzerowolf.cz\/wp-content\/uploads\/2023\/09\/Wolf_Product_ICBSRT362W-300x300.jpg 300w, https:\/\/www.subzerowolf.cz\/wp-content\/uploads\/2023\/09\/Wolf_Product_ICBSRT362W-1024x1024.jpg 1024w, https:\/\/www.subzerowolf.cz\/wp-content\/uploads\/2023\/09\/Wolf_Product_ICBSRT362W-150x150.jpg 150w, https:\/\/www.subzerowolf.cz\/wp-content\/uploads\/2023\/09\/Wolf_Product_ICBSRT362W-768x768.jpg 768w, https:\/\/www.subzerowolf.cz\/wp-content\/uploads\/2023\/09\/Wolf_Product_ICBSRT362W-600x600.jpg 600w, https:\/\/www.subzerowolf.cz\/wp-content\/uploads\/2023\/09\/Wolf_Product_ICBSRT362W-100x100.jpg 100w, https:\/\/www.subzerowolf.cz\/wp-content\/uploads\/2023\/09\/Wolf_Product_ICBSRT362W.jpg 1280w\" sizes=\"auto, (max-width: 200px) 100vw, 200px\" \/>\t\t\t\t\t\t<\/a>\n\t<\/figure>\n<\/div>\n<!-- \/Product Image module -->\n<!-- module plain text -->\n<div  class=\"module module-plain-text tb_jx2n621 subzero-wolf-product-number\" data-lazy=\"1\">\n        <div class=\"tb_text_wrap\">\n    ICBSRT362W    <\/div>\n<\/div>\n<!-- \/module plain text --><!-- Product Title module -->\n<div  class=\"module module-product-title tb_o3zm621 \" data-lazy=\"1\">\n\t<h2 class=\"tbp_title\">\n\t<a  href=\"https:\/\/www.subzerowolf.cz\/pl\/produkt\/plyta-gazowa-2-palniki-wok-icbsrt362w\/\">\n\t\tP\u0142yta Gazowa &#8211; 2 palniki + Wok\t\t<\/a>\n<\/h2><\/div>\n<!-- \/Product Title module -->        <\/div>\n                        <\/div>\n        <\/div>\n            <\/div>\n\n\t\t\t\t\t\t\t<\/li>\n\n\t\t\t\t\t\t\t\t\t\t\t\t\t\t\t\t\t\t\t\t\t\t\t\t\t\t\t\t\t\t<li id=\"post-750\" class=\"post tf_clearfix has-post-title has-post-date has-post-category has-post-tag has-post-comment has-post-author product type-product post-750 status-publish instock product_cat-gotowanie product_cat-plyty-gazowe-range-top product_cat-wolf has-post-thumbnail shipping-taxable product-type-simple\">\n\n\t\t\t\t\t\t\t    <div class=\"tbp_advanced_archive_wrap\">\n\t                <div  data-lazy=\"1\" class=\"module_row themify_builder_row tb_gr7z121 tf_w\">\n                        <div class=\"row_inner col_align_top tb_col_count_1 tf_box tf_rel\">\n                        <div  data-lazy=\"1\" class=\"module_column tb-column col-full tb_pjp4621 first\">\n                    <!-- Product Image module -->\n<div  class=\"module module-product-image tb_rfog621   thumb-img-bottom tbp_disable_wc_zoom\" data-lazy=\"1\">\n\t<figure class=\"product-image\">\n\t\t\t\t<a  href=\"https:\/\/www.subzerowolf.cz\/pl\/produkt\/plyta-gazowa-6-palnikow-teppanyaki-icbsrt486g\/\">\n\t\t\t\t<img loading=\"lazy\" decoding=\"async\" src=\"https:\/\/www.subzerowolf.cz\/wp-content\/uploads\/2023\/09\/Wolf_Product_ICBSRT486G_00-1024x1024-200x200.jpg\" width=\"200\" height=\"200\" class=\"wp-post-image wp-image-1639\" title=\"Wolf_Product_ICBSRT486G_00\" alt=\"Wolf_Product_ICBSRT486G_00\" srcset=\"https:\/\/www.subzerowolf.cz\/wp-content\/uploads\/2023\/09\/Wolf_Product_ICBSRT486G_00-1024x1024-200x200.jpg 200w, https:\/\/www.subzerowolf.cz\/wp-content\/uploads\/2023\/09\/Wolf_Product_ICBSRT486G_00-300x300.jpg 300w, https:\/\/www.subzerowolf.cz\/wp-content\/uploads\/2023\/09\/Wolf_Product_ICBSRT486G_00-1024x1024.jpg 1024w, https:\/\/www.subzerowolf.cz\/wp-content\/uploads\/2023\/09\/Wolf_Product_ICBSRT486G_00-150x150.jpg 150w, https:\/\/www.subzerowolf.cz\/wp-content\/uploads\/2023\/09\/Wolf_Product_ICBSRT486G_00-768x768.jpg 768w, https:\/\/www.subzerowolf.cz\/wp-content\/uploads\/2023\/09\/Wolf_Product_ICBSRT486G_00-600x600.jpg 600w, https:\/\/www.subzerowolf.cz\/wp-content\/uploads\/2023\/09\/Wolf_Product_ICBSRT486G_00-100x100.jpg 100w, https:\/\/www.subzerowolf.cz\/wp-content\/uploads\/2023\/09\/Wolf_Product_ICBSRT486G_00.jpg 1280w\" sizes=\"auto, (max-width: 200px) 100vw, 200px\" \/>\t\t\t\t\t\t<\/a>\n\t<\/figure>\n<\/div>\n<!-- \/Product Image module -->\n<!-- module plain text -->\n<div  class=\"module module-plain-text tb_jx2n621 subzero-wolf-product-number\" data-lazy=\"1\">\n        <div class=\"tb_text_wrap\">\n    ICBSRT486G    <\/div>\n<\/div>\n<!-- \/module plain text --><!-- Product Title module -->\n<div  class=\"module module-product-title tb_o3zm621 \" data-lazy=\"1\">\n\t<h2 class=\"tbp_title\">\n\t<a  href=\"https:\/\/www.subzerowolf.cz\/pl\/produkt\/plyta-gazowa-6-palnikow-teppanyaki-icbsrt486g\/\">\n\t\tP\u0142yta Gazowa &#8211; 6 palnik\u00f3w + Teppanyaki\t\t<\/a>\n<\/h2><\/div>\n<!-- \/Product Title module -->        <\/div>\n                        <\/div>\n        <\/div>\n            <\/div>\n\n\t\t\t\t\t\t\t<\/li>\n\n\t\t\t\t\t\t\t\t\t\t\t\t\t\t\t\t\t\t\t\t\t\t\t\t\t\t\t\t\t\t<li id=\"post-748\" class=\"post tf_clearfix has-post-title has-post-date has-post-category has-post-tag has-post-comment has-post-author product type-product post-748 status-publish last instock product_cat-gotowanie product_cat-plyty-gazowe-range-top product_cat-wolf has-post-thumbnail shipping-taxable product-type-simple\">\n\n\t\t\t\t\t\t\t    <div class=\"tbp_advanced_archive_wrap\">\n\t                <div  data-lazy=\"1\" class=\"module_row themify_builder_row tb_gr7z121 tf_w\">\n                        <div class=\"row_inner col_align_top tb_col_count_1 tf_box tf_rel\">\n                        <div  data-lazy=\"1\" class=\"module_column tb-column col-full tb_pjp4621 first\">\n                    <!-- Product Image module -->\n<div  class=\"module module-product-image tb_rfog621   thumb-img-bottom tbp_disable_wc_zoom\" data-lazy=\"1\">\n\t<figure class=\"product-image\">\n\t\t\t\t<a  href=\"https:\/\/www.subzerowolf.cz\/pl\/produkt\/plyta-gazowa-4-palniki-grill-oraz-teppanyaki-icbsrt484cg\/\">\n\t\t\t\t<img loading=\"lazy\" decoding=\"async\" src=\"https:\/\/www.subzerowolf.cz\/wp-content\/uploads\/2023\/09\/Wolf_Product_ICBSRT484CG_00-1024x1024-200x200.jpg\" width=\"200\" height=\"200\" class=\"wp-post-image wp-image-1647\" title=\"Wolf_Product_ICBSRT484CG_00\" alt=\"Wolf_Product_ICBSRT484CG_00\" srcset=\"https:\/\/www.subzerowolf.cz\/wp-content\/uploads\/2023\/09\/Wolf_Product_ICBSRT484CG_00-1024x1024-200x200.jpg 200w, https:\/\/www.subzerowolf.cz\/wp-content\/uploads\/2023\/09\/Wolf_Product_ICBSRT484CG_00-300x300.jpg 300w, https:\/\/www.subzerowolf.cz\/wp-content\/uploads\/2023\/09\/Wolf_Product_ICBSRT484CG_00-1024x1024.jpg 1024w, https:\/\/www.subzerowolf.cz\/wp-content\/uploads\/2023\/09\/Wolf_Product_ICBSRT484CG_00-150x150.jpg 150w, https:\/\/www.subzerowolf.cz\/wp-content\/uploads\/2023\/09\/Wolf_Product_ICBSRT484CG_00-768x768.jpg 768w, https:\/\/www.subzerowolf.cz\/wp-content\/uploads\/2023\/09\/Wolf_Product_ICBSRT484CG_00-600x600.jpg 600w, https:\/\/www.subzerowolf.cz\/wp-content\/uploads\/2023\/09\/Wolf_Product_ICBSRT484CG_00-100x100.jpg 100w, https:\/\/www.subzerowolf.cz\/wp-content\/uploads\/2023\/09\/Wolf_Product_ICBSRT484CG_00.jpg 1280w\" sizes=\"auto, (max-width: 200px) 100vw, 200px\" \/>\t\t\t\t\t\t<\/a>\n\t<\/figure>\n<\/div>\n<!-- \/Product Image module -->\n<!-- module plain text -->\n<div  class=\"module module-plain-text tb_jx2n621 subzero-wolf-product-number\" data-lazy=\"1\">\n        <div class=\"tb_text_wrap\">\n    ICBSRT484CG    <\/div>\n<\/div>\n<!-- \/module plain text --><!-- Product Title module -->\n<div  class=\"module module-product-title tb_o3zm621 \" data-lazy=\"1\">\n\t<h2 class=\"tbp_title\">\n\t<a  href=\"https:\/\/www.subzerowolf.cz\/pl\/produkt\/plyta-gazowa-4-palniki-grill-oraz-teppanyaki-icbsrt484cg\/\">\n\t\tP\u0142yta Gazowa &#8211; 4 palniki, Grill oraz Teppanyaki\t\t<\/a>\n<\/h2><\/div>\n<!-- \/Product Title module -->        <\/div>\n                        <\/div>\n        <\/div>\n            <\/div>\n\n\t\t\t\t\t\t\t<\/li>\n\n\t\t\t\t\t\t\t\t\t\t\t\t\t\t\t\t\t\t\t\t\t\t\t\t\t\t\t\t\t\t<li id=\"post-754\" class=\"post tf_clearfix has-post-title has-post-date has-post-category has-post-tag has-post-comment has-post-author product type-product post-754 status-publish first instock product_cat-gotowanie product_cat-plyty-gazowe-range-top product_cat-wolf has-post-thumbnail shipping-taxable product-type-simple\">\n\n\t\t\t\t\t\t\t    <div class=\"tbp_advanced_archive_wrap\">\n\t                <div  data-lazy=\"1\" class=\"module_row themify_builder_row tb_gr7z121 tf_w\">\n                        <div class=\"row_inner col_align_top tb_col_count_1 tf_box tf_rel\">\n                        <div  data-lazy=\"1\" class=\"module_column tb-column col-full tb_pjp4621 first\">\n                    <!-- Product Image module -->\n<div  class=\"module module-product-image tb_rfog621   thumb-img-bottom tbp_disable_wc_zoom\" data-lazy=\"1\">\n\t<figure class=\"product-image\">\n\t\t\t\t<a  href=\"https:\/\/www.subzerowolf.cz\/pl\/produkt\/plyta-gazowa-4-palniki-teppanyaki-icbsrt364g\/\">\n\t\t\t\t<img loading=\"lazy\" decoding=\"async\" src=\"https:\/\/www.subzerowolf.cz\/wp-content\/uploads\/2023\/09\/Wolf_Product_ICBSRT364G-1024x1024-200x200.jpg\" width=\"200\" height=\"200\" class=\"wp-post-image wp-image-755\" title=\"Wolf_Product_ICBSRT364G\" alt=\"Wolf P\u0142yta Gazowa - 4 palniki + Teppanyaki ICBSRT364G\" srcset=\"https:\/\/www.subzerowolf.cz\/wp-content\/uploads\/2023\/09\/Wolf_Product_ICBSRT364G-1024x1024-200x200.jpg 200w, https:\/\/www.subzerowolf.cz\/wp-content\/uploads\/2023\/09\/Wolf_Product_ICBSRT364G-300x300.jpg 300w, https:\/\/www.subzerowolf.cz\/wp-content\/uploads\/2023\/09\/Wolf_Product_ICBSRT364G-1024x1024.jpg 1024w, https:\/\/www.subzerowolf.cz\/wp-content\/uploads\/2023\/09\/Wolf_Product_ICBSRT364G-150x150.jpg 150w, https:\/\/www.subzerowolf.cz\/wp-content\/uploads\/2023\/09\/Wolf_Product_ICBSRT364G-768x768.jpg 768w, https:\/\/www.subzerowolf.cz\/wp-content\/uploads\/2023\/09\/Wolf_Product_ICBSRT364G-600x600.jpg 600w, https:\/\/www.subzerowolf.cz\/wp-content\/uploads\/2023\/09\/Wolf_Product_ICBSRT364G-100x100.jpg 100w, https:\/\/www.subzerowolf.cz\/wp-content\/uploads\/2023\/09\/Wolf_Product_ICBSRT364G.jpg 1280w\" sizes=\"auto, (max-width: 200px) 100vw, 200px\" \/>\t\t\t\t\t\t<\/a>\n\t<\/figure>\n<\/div>\n<!-- \/Product Image module -->\n<!-- module plain text -->\n<div  class=\"module module-plain-text tb_jx2n621 subzero-wolf-product-number\" data-lazy=\"1\">\n        <div class=\"tb_text_wrap\">\n    ICBSRT364G    <\/div>\n<\/div>\n<!-- \/module plain text --><!-- Product Title module -->\n<div  class=\"module module-product-title tb_o3zm621 \" data-lazy=\"1\">\n\t<h2 class=\"tbp_title\">\n\t<a  href=\"https:\/\/www.subzerowolf.cz\/pl\/produkt\/plyta-gazowa-4-palniki-teppanyaki-icbsrt364g\/\">\n\t\tP\u0142yta Gazowa &#8211; 4 palniki + Teppanyaki\t\t<\/a>\n<\/h2><\/div>\n<!-- \/Product Title module -->        <\/div>\n                        <\/div>\n        <\/div>\n            <\/div>\n\n\t\t\t\t\t\t\t<\/li>\n\n\t\t\t\t\t\t\t\t\t\t\t\n\t\t\t\t\n\t\t<\/ul>\n\t\t\t<!-- \/advanced-products module -->\n<\/div>\n        <\/div>\n                        <\/div>\n        <\/div>\n                        <div  data-lazy=\"1\" class=\"module_row themify_builder_row tb_xtc4249 tf_w\">\n            <style class=\"tbp_dc_styles\">.themify_builder.themify_builder_content-1018 .module_row.tb_xtc4249{background-image: none}<\/style><span class=\"builder_row_cover tf_abs\"><\/span>            <div class=\"row_inner col_align_middle tb_col_count_2 tf_box tf_rel\">\n                        <div  data-lazy=\"1\" class=\"module_column tb-column col4-2 tb_db0h249 first\">\n                    <!-- module text -->\n<div  class=\"module module-text tb_hf5i249  repeat \" data-lazy=\"1\">\n        <div  class=\"tb_text_wrap\">\n        <h2>Zam\u00f3w darmow\u0105 broszur\u0119<\/h2>    <\/div>\n<\/div>\n<!-- \/module text --><!-- module text -->\n<div  class=\"module module-text tb_4dng249   \" data-lazy=\"1\">\n        <div  class=\"tb_text_wrap\">\n        <p>Chcesz pozna\u0107 wszystkie produkty Sub-Zero i Wolf?<br>A mo\u017ce odkry\u0107 inspiracj\u0119 dla swojego nowego wn\u0119trza?<\/p>\n<p>Wype\u0142nij formularz i zam\u00f3w nasz katalog.<\/p>    <\/div>\n<\/div>\n<!-- \/module text -->        <\/div>\n                    <div  data-lazy=\"1\" class=\"module_column tb-column col4-2 tb_e0p3249 last\">\n                    <!-- module plain text -->\n<div  class=\"module module-plain-text tb_imud249 \" data-lazy=\"1\">\n        <div class=\"tb_text_wrap\">\n    <div class=\"wpforms-container wpforms-container-full subzero-wolf-form wpforms-render-modern\" id=\"wpforms-262\"><form id=\"wpforms-form-262\" class=\"wpforms-validate wpforms-form wpforms-ajax-form\" data-formid=\"262\" method=\"post\" enctype=\"multipart\/form-data\" action=\"\/pl\/wp-json\/wp\/v2\/pages\/1018\" data-token=\"573499e124945de8aeb3e4eb03146681\" data-token-time=\"1777624470\"><noscript class=\"wpforms-error-noscript\">Aby wype\u0142ni\u0107 ten formularz, w\u0142\u0105cz obs\u0142ug\u0119 JavaScript w przegl\u0105darce.<\/noscript><div class=\"wpforms-hidden\" id=\"wpforms-error-noscript\">Aby wype\u0142ni\u0107 ten formularz, w\u0142\u0105cz obs\u0142ug\u0119 JavaScript w przegl\u0105darce.<\/div><div class=\"wpforms-field-container\"><div id=\"wpforms-262-field_1-container\" class=\"wpforms-field wpforms-field-text\" data-field-id=\"1\"><label class=\"wpforms-field-label wpforms-label-hide\" for=\"wpforms-262-field_1\" aria-hidden=\"false\">Jm\u00e9no a p\u0159\u00edjmen\u00ed <span class=\"wpforms-required-label\" aria-hidden=\"true\">*<\/span><\/label><input type=\"text\" id=\"wpforms-262-field_1\" class=\"wpforms-field-large wpforms-field-required\" name=\"wpforms[fields][1]\" placeholder=\"Jm\u00e9no a p\u0159\u00edjmen\u00ed\" aria-errormessage=\"wpforms-262-field_1-error\" required><\/div><div id=\"wpforms-262-field_2-container\" class=\"wpforms-field wpforms-field-email\" data-field-id=\"2\"><label class=\"wpforms-field-label wpforms-label-hide\" for=\"wpforms-262-field_2\" aria-hidden=\"false\">E-mail <span class=\"wpforms-required-label\" aria-hidden=\"true\">*<\/span><\/label><input type=\"email\" id=\"wpforms-262-field_2\" class=\"wpforms-field-large wpforms-field-required\" name=\"wpforms[fields][2]\" placeholder=\"E-mail\" spellcheck=\"false\" aria-errormessage=\"wpforms-262-field_2-error\" required><\/div><div id=\"wpforms-262-field_3-container\" class=\"wpforms-field wpforms-field-phone\" data-field-id=\"3\"><label class=\"wpforms-field-label wpforms-label-hide\" for=\"wpforms-262-field_3\" aria-hidden=\"false\">Telefonn\u00ed \u010d\u00edslo<\/label><input type=\"tel\" id=\"wpforms-262-field_3\" class=\"wpforms-field-large wpforms-smart-phone-field\" data-rule-smart-phone-field=\"true\" name=\"wpforms[fields][3]\" placeholder=\"Telefonn\u00ed \u010d\u00edslo\" aria-label=\"Telefonn\u00ed \u010d\u00edslo\" aria-errormessage=\"wpforms-262-field_3-error\" ><\/div><div id=\"wpforms-262-field_4-container\" class=\"wpforms-field wpforms-field-hidden\" data-field-id=\"4\"><input type=\"hidden\" id=\"wpforms-262-field_4\" name=\"wpforms[fields][4]\" value=\"WWW: \"><\/div><\/div><!-- .wpforms-field-container --><div class=\"wpforms-submit-container\" ><input type=\"hidden\" name=\"wpforms[id]\" value=\"262\"><input type=\"hidden\" name=\"page_title\" value=\"\"><input type=\"hidden\" name=\"page_url\" value=\"https:\/\/www.subzerowolf.cz\/pl\/wp-json\/wp\/v2\/pages\/1018\"><button type=\"submit\" name=\"wpforms[submit]\" id=\"wpforms-submit-262\" class=\"wpforms-submit subzero-wolf-form-button\" data-alt-text=\"Odes\u00edl\u00e1n\u00ed...\" data-submit-text=\"Objednat\" aria-live=\"assertive\" value=\"wpforms-submit\">Objednat<\/button><img loading=\"lazy\" decoding=\"async\" src=\"https:\/\/www.subzerowolf.cz\/wp-content\/plugins\/wpforms\/assets\/images\/submit-spin.svg\" class=\"wpforms-submit-spinner\" style=\"display: none;\" width=\"26\" height=\"26\" alt=\"Wczytywanie\"><\/div><\/form><\/div>  <!-- .wpforms-container -->    <\/div>\n<\/div>\n<!-- \/module plain text -->        <\/div>\n                        <\/div>\n        <\/div>\n        <\/div>\n<!--\/themify_builder_content-->","protected":false},"excerpt":{"rendered":"<p>P\u0142yty gazowe Range Top Genialne urz\u0105dzenie dla domowych szef\u00f3w kuchni, kt\u00f3re \u0142\u0105czy moc i kontrol\u0119 podw\u00f3jnych palnik\u00f3w gazowych Wolf z opcjonalnymi modu\u0142ami teppanyaki czy gazowym grillem. Ikoniczne pokr\u0119t\u0142a do sterowania dost\u0119pne w wielu kolorach. Dost\u0119pne w rozmiarach 91cm oraz 122cm. Zam\u00f3w darmow\u0105 broszur\u0119 Chcesz pozna\u0107 wszystkie produkty Sub-Zero i Wolf?A mo\u017ce odkry\u0107 inspiracj\u0119 dla swojego [&hellip;]<\/p>\n","protected":false},"author":2,"featured_media":0,"parent":848,"menu_order":0,"comment_status":"closed","ping_status":"closed","template":"","meta":{"_acf_changed":false,"inline_featured_image":false,"footnotes":""},"class_list":["post-1018","page","type-page","status-publish","hentry","has-post-title","has-post-date","has-post-category","has-post-tag","has-post-comment","has-post-author",""],"acf":[],"builder_content":"<h1>P\u0142yty gazowe Range Top<\/h1>\n\n<p>Genialne urz\u0105dzenie dla domowych szef\u00f3w kuchni, kt\u00f3re \u0142\u0105czy moc i kontrol\u0119 podw\u00f3jnych palnik\u00f3w gazowych Wolf z opcjonalnymi modu\u0142ami teppanyaki czy gazowym grillem. Ikoniczne pokr\u0119t\u0142a do sterowania dost\u0119pne w wielu kolorach. Dost\u0119pne w rozmiarach 91cm oraz 122cm.<\/p>\n<h2>Zam\u00f3w darmow\u0105 broszur\u0119<\/h2>\n<p>Chcesz pozna\u0107 wszystkie produkty Sub-Zero i Wolf?<br>A mo\u017ce odkry\u0107 inspiracj\u0119 dla swojego nowego wn\u0119trza?<\/p> <p>Wype\u0142nij formularz i zam\u00f3w nasz katalog.<\/p>\n[wpforms id=\"262\" title=\"false\"]","_links":{"self":[{"href":"https:\/\/www.subzerowolf.cz\/pl\/wp-json\/wp\/v2\/pages\/1018","targetHints":{"allow":["GET"]}}],"collection":[{"href":"https:\/\/www.subzerowolf.cz\/pl\/wp-json\/wp\/v2\/pages"}],"about":[{"href":"https:\/\/www.subzerowolf.cz\/pl\/wp-json\/wp\/v2\/types\/page"}],"author":[{"embeddable":true,"href":"https:\/\/www.subzerowolf.cz\/pl\/wp-json\/wp\/v2\/users\/2"}],"replies":[{"embeddable":true,"href":"https:\/\/www.subzerowolf.cz\/pl\/wp-json\/wp\/v2\/comments?post=1018"}],"version-history":[{"count":19,"href":"https:\/\/www.subzerowolf.cz\/pl\/wp-json\/wp\/v2\/pages\/1018\/revisions"}],"predecessor-version":[{"id":2775,"href":"https:\/\/www.subzerowolf.cz\/pl\/wp-json\/wp\/v2\/pages\/1018\/revisions\/2775"}],"up":[{"embeddable":true,"href":"https:\/\/www.subzerowolf.cz\/pl\/wp-json\/wp\/v2\/pages\/848"}],"wp:attachment":[{"href":"https:\/\/www.subzerowolf.cz\/pl\/wp-json\/wp\/v2\/media?parent=1018"}],"curies":[{"name":"wp","href":"https:\/\/api.w.org\/{rel}","templated":true}]}}