{"id":1042,"date":"2023-10-06T13:15:07","date_gmt":"2023-10-06T11:15:07","guid":{"rendered":"https:\/\/www.subzerowolf.cz\/?page_id=1042"},"modified":"2023-12-04T20:10:35","modified_gmt":"2023-12-04T19:10:35","slug":"szuflady","status":"publish","type":"page","link":"https:\/\/www.subzerowolf.cz\/pl\/gotowanie\/szuflady\/","title":{"rendered":"Szuflady"},"content":{"rendered":"<!--themify_builder_content-->\n<div id=\"themify_builder_content-1042\" data-postid=\"1042\" class=\"themify_builder_content themify_builder_content-1042 themify_builder tf_clear\">\n                    <div  data-lazy=\"1\" class=\"module_row themify_builder_row tb_j9bc904 tb_first tf_w hide-mobile\">\n            <span class=\"builder_row_cover tf_abs\"><\/span>            <div class=\"row_inner col_align_top tb_col_count_1 tf_box tf_rel\">\n                        <div  data-lazy=\"1\" class=\"module_column tb-column col-full tb_56kq905 first\">\n                            <\/div>\n                        <\/div>\n        <\/div>\n                        <div  data-lazy=\"1\" class=\"module_row themify_builder_row tb_3mza408 tf_w hide-desktop hide-tablet hide-tablet_landscape\">\n            <span class=\"builder_row_cover tf_abs\"><\/span>            <div class=\"row_inner col_align_top tb_col_count_1 tf_box tf_rel\">\n                        <div  data-lazy=\"1\" class=\"module_column tb-column col-full tb_uvt9408 first\">\n                            <\/div>\n                        <\/div>\n        <\/div>\n                        <div  data-lazy=\"1\" class=\"module_row themify_builder_row tb_vuj5470 tf_w\">\n            <span class=\"builder_row_cover tf_abs\"><\/span>            <div class=\"row_inner col_align_top tb_col_count_1 tf_box tf_rel\">\n                        <div  data-lazy=\"1\" class=\"module_column tb-column col-full tb_zw0s470 first\">\n                    <!-- module text -->\n<div  class=\"module module-text tb_dac8470   \" data-lazy=\"1\">\n        <div  class=\"tb_text_wrap\">\n        <h1>Szuflady<\/h1>    <\/div>\n<\/div>\n<!-- \/module text --><!-- module divider -->\n<div  class=\"module tf_mw module-divider tb_q2tk470 solid  divider-custom divider-center\" style=\"border-width: 1px;border-color: #ccc;margin-bottom: 0px;max-width: 150px;\" data-lazy=\"1\">\n    <\/div>\n<!-- \/module divider -->\n        <\/div>\n                        <\/div>\n        <\/div>\n                        <div  data-lazy=\"1\" class=\"module_row themify_builder_row tb_tumn243 tf_w\">\n            <span class=\"builder_row_cover tf_abs\"><\/span>            <div class=\"row_inner col_align_middle tb_col_count_2 tf_box tf_rel\">\n                        <div  data-lazy=\"1\" class=\"module_column tb-column col4-2 tb_085m244 first\">\n                    <!-- module video -->\n<div  class=\"module module-video tb_2orh244 video-top  video-autoplay\" data-lazy=\"1\">\n                    <div class=\"video-wrap-outer\">\n            <div class=\"video-wrap tf_rel tf_overflow tf_local_video\">\n                \n                    \n                    <div style=\"width: 640px;\" class=\"wp-video\"><video class=\"wp-video-shortcode\" id=\"video-1042-1\" width=\"640\" height=\"360\" loop autoplay muted data-hide-controls preload=\"metadata\" controls=\"controls\"><source type=\"video\/mp4\" src=\"http:\/\/www.subzerowolf.cz\/wp-content\/uploads\/2023\/10\/Subzero_Master-01.mp4?_=1\" \/><a href=\"http:\/\/www.subzerowolf.cz\/wp-content\/uploads\/2023\/10\/Subzero_Master-01.mp4\">http:\/\/www.subzerowolf.cz\/wp-content\/uploads\/2023\/10\/Subzero_Master-01.mp4<\/a><\/video><\/div>\n                    \n                                <\/div>\n            <!-- \/video-wrap -->\n        <\/div>\n        <!-- \/video-wrap-outer -->\n            <\/div>\n        <\/div>\n                    <div  data-lazy=\"1\" class=\"module_column tb-column col4-2 tb_x3g3244 last\">\n                    <!-- module text -->\n<div  class=\"module module-text tb_xcut244 subzero-wolf-range-description  \" data-lazy=\"1\">\n        <div  class=\"tb_text_wrap\">\n        <p>Uzupe\u0142nij swoj\u0105 kuchni\u0119 w szuflady Wolf. Serwuj potrawy w ciep\u0142ych naczyniach dzi\u0119ki szufladzie do podgrzewania. Mo\u017cesz j\u0105 r\u00f3wnie\u017c wykorzysta\u0107 w strefie SPA do podgrzewania r\u0119cznik\u00f3w. Dla ambitnych kucharzy polecamy szuflad\u0119 do pakowania pr\u00f3\u017cniowego, dzi\u0119ki kt\u00f3rej mo\u017cna opanowa\u0107 metod\u0119 pieczenia sous-vide.<\/p>    <\/div>\n<\/div>\n<!-- \/module text -->        <\/div>\n                        <\/div>\n        <\/div>\n                        <div  data-lazy=\"1\" class=\"module_row themify_builder_row tb_674w89 tf_w\">\n                        <div class=\"row_inner col_align_top tb_col_count_1 tf_box tf_rel\">\n                        <div  data-lazy=\"1\" class=\"module_column tb-column col-full tb_0n8889 first\">\n                    <!-- advanced-products module -->\n<div  class=\"module woocommerce module-advanced-products tb_np0189  themify_builder_content-np0189\" data-lazy=\"1\">\n\t\t\t<ul class=\"builder-posts-wrap loops-wrapper tbp_posts_wrap products grid4 classic tf_clear tf_clearfix\" data-lazy=\"1\">\n\t\t\n\t\t\n\t\t\t\t\t\t\t\t\t\t\t\t\t\t\t\t\t\t\t\t\t\t\t<li id=\"post-740\" class=\"post tf_clearfix has-post-title has-post-date has-post-category has-post-tag has-post-comment has-post-author product type-product post-740 status-publish first instock product_cat-ekspresy-do-kawy product_cat-gotowanie product_cat-szuflady product_cat-wolf has-post-thumbnail shipping-taxable product-type-simple\">\n\n\t\t\t\t\t\t\t    <div class=\"tbp_advanced_archive_wrap\">\n\t                <div  data-lazy=\"1\" class=\"module_row themify_builder_row tb_lm2t89 tf_w\">\n                        <div class=\"row_inner col_align_top tb_col_count_1 tf_box tf_rel\">\n                        <div  data-lazy=\"1\" class=\"module_column tb-column col-full tb_hdjx659 first\">\n                    <!-- Product Image module -->\n<div  class=\"module module-product-image tb_h5q7659   thumb-img-bottom tbp_disable_wc_zoom\" data-lazy=\"1\">\n\t<figure class=\"product-image\">\n\t\t\t\t<a  href=\"https:\/\/www.subzerowolf.cz\/pl\/produkt\/szuflada-do-podgrzewania-60cm-icbcw24s\/\">\n\t\t\t\t<img loading=\"lazy\" decoding=\"async\" src=\"https:\/\/www.subzerowolf.cz\/wp-content\/uploads\/2023\/09\/Wolf_Product_ICBCW24S_00-1024x1024-200x200.jpg\" width=\"200\" height=\"200\" class=\"wp-post-image wp-image-1616\" title=\"Wolf_Product_ICBCW24S_00\" alt=\"Wolf_Product_ICBCW24S_00\" srcset=\"https:\/\/www.subzerowolf.cz\/wp-content\/uploads\/2023\/09\/Wolf_Product_ICBCW24S_00-1024x1024-200x200.jpg 200w, https:\/\/www.subzerowolf.cz\/wp-content\/uploads\/2023\/09\/Wolf_Product_ICBCW24S_00-300x300.jpg 300w, https:\/\/www.subzerowolf.cz\/wp-content\/uploads\/2023\/09\/Wolf_Product_ICBCW24S_00-1024x1024.jpg 1024w, https:\/\/www.subzerowolf.cz\/wp-content\/uploads\/2023\/09\/Wolf_Product_ICBCW24S_00-150x150.jpg 150w, https:\/\/www.subzerowolf.cz\/wp-content\/uploads\/2023\/09\/Wolf_Product_ICBCW24S_00-768x768.jpg 768w, https:\/\/www.subzerowolf.cz\/wp-content\/uploads\/2023\/09\/Wolf_Product_ICBCW24S_00-1024x1024-600x600.jpg 600w, https:\/\/www.subzerowolf.cz\/wp-content\/uploads\/2023\/09\/Wolf_Product_ICBCW24S_00-100x100.jpg 100w, https:\/\/www.subzerowolf.cz\/wp-content\/uploads\/2023\/09\/Wolf_Product_ICBCW24S_00.jpg 1280w, https:\/\/www.subzerowolf.cz\/wp-content\/uploads\/2023\/09\/Wolf_Product_ICBCW24S_00-1024x1024-47x48.jpg 47w\" sizes=\"auto, (max-width: 200px) 100vw, 200px\" \/>\t\t\t\t\t\t<\/a>\n\t<\/figure>\n<\/div>\n<!-- \/Product Image module -->\n<!-- module plain text -->\n<div  class=\"module module-plain-text tb_is9b659 subzero-wolf-product-number\" data-lazy=\"1\">\n        <div class=\"tb_text_wrap\">\n    ICBCW24\/S    <\/div>\n<\/div>\n<!-- \/module plain text --><!-- Product Title module -->\n<div  class=\"module module-product-title tb_1voo659 \" data-lazy=\"1\">\n\t<h2 class=\"tbp_title\">\n\t<a  href=\"https:\/\/www.subzerowolf.cz\/pl\/produkt\/szuflada-do-podgrzewania-60cm-icbcw24s\/\">\n\t\tSzuflada do podgrzewania 60 cm\t\t<\/a>\n<\/h2><\/div>\n<!-- \/Product Title module -->        <\/div>\n                        <\/div>\n        <\/div>\n            <\/div>\n\n\t\t\t\t\t\t\t<\/li>\n\n\t\t\t\t\t\t\t\t\t\t\t\t\t\t\t\t\t\t\t\t\t\t\t\t\t\t\t\t\t\t<li id=\"post-742\" class=\"post tf_clearfix has-post-title has-post-date has-post-category has-post-tag has-post-comment has-post-author product type-product post-742 status-publish instock product_cat-gotowanie product_cat-szuflady product_cat-wolf has-post-thumbnail shipping-taxable product-type-simple\">\n\n\t\t\t\t\t\t\t    <div class=\"tbp_advanced_archive_wrap\">\n\t                <div  data-lazy=\"1\" class=\"module_row themify_builder_row tb_lm2t89 tf_w\">\n                        <div class=\"row_inner col_align_top tb_col_count_1 tf_box tf_rel\">\n                        <div  data-lazy=\"1\" class=\"module_column tb-column col-full tb_hdjx659 first\">\n                    <!-- Product Image module -->\n<div  class=\"module module-product-image tb_h5q7659   thumb-img-bottom tbp_disable_wc_zoom\" data-lazy=\"1\">\n\t<figure class=\"product-image\">\n\t\t\t\t<a  href=\"https:\/\/www.subzerowolf.cz\/pl\/produkt\/szuflada-do-pakowania-prozniowego-icbvs24\/\">\n\t\t\t\t<img loading=\"lazy\" decoding=\"async\" src=\"https:\/\/www.subzerowolf.cz\/wp-content\/uploads\/2023\/09\/Wolf_Product_ICBVS24-1024x1024-200x200.jpg\" width=\"200\" height=\"200\" class=\"wp-post-image wp-image-743\" title=\"Wolf_Product_ICBVS24\" alt=\"Wolf Szuflada do pakowania pr\u00f3\u017cniowego ICBVS24\" srcset=\"https:\/\/www.subzerowolf.cz\/wp-content\/uploads\/2023\/09\/Wolf_Product_ICBVS24-1024x1024-200x200.jpg 200w, https:\/\/www.subzerowolf.cz\/wp-content\/uploads\/2023\/09\/Wolf_Product_ICBVS24-300x300.jpg 300w, https:\/\/www.subzerowolf.cz\/wp-content\/uploads\/2023\/09\/Wolf_Product_ICBVS24-1024x1024.jpg 1024w, https:\/\/www.subzerowolf.cz\/wp-content\/uploads\/2023\/09\/Wolf_Product_ICBVS24-150x150.jpg 150w, https:\/\/www.subzerowolf.cz\/wp-content\/uploads\/2023\/09\/Wolf_Product_ICBVS24-768x768.jpg 768w, https:\/\/www.subzerowolf.cz\/wp-content\/uploads\/2023\/09\/Wolf_Product_ICBVS24-1024x1024-600x600.jpg 600w, https:\/\/www.subzerowolf.cz\/wp-content\/uploads\/2023\/09\/Wolf_Product_ICBVS24-100x100.jpg 100w, https:\/\/www.subzerowolf.cz\/wp-content\/uploads\/2023\/09\/Wolf_Product_ICBVS24.jpg 1280w, https:\/\/www.subzerowolf.cz\/wp-content\/uploads\/2023\/09\/Wolf_Product_ICBVS24-1024x1024-47x48.jpg 47w\" sizes=\"auto, (max-width: 200px) 100vw, 200px\" \/>\t\t\t\t\t\t<\/a>\n\t<\/figure>\n<\/div>\n<!-- \/Product Image module -->\n<!-- module plain text -->\n<div  class=\"module module-plain-text tb_is9b659 subzero-wolf-product-number\" data-lazy=\"1\">\n        <div class=\"tb_text_wrap\">\n    ICBVS24    <\/div>\n<\/div>\n<!-- \/module plain text --><!-- Product Title module -->\n<div  class=\"module module-product-title tb_1voo659 \" data-lazy=\"1\">\n\t<h2 class=\"tbp_title\">\n\t<a  href=\"https:\/\/www.subzerowolf.cz\/pl\/produkt\/szuflada-do-pakowania-prozniowego-icbvs24\/\">\n\t\tSzuflada do pakowania pr\u00f3\u017cniowego\t\t<\/a>\n<\/h2><\/div>\n<!-- \/Product Title module -->        <\/div>\n                        <\/div>\n        <\/div>\n            <\/div>\n\n\t\t\t\t\t\t\t<\/li>\n\n\t\t\t\t\t\t\t\t\t\t\t\t\t\t\t\t\t\t\t\t\t\t\t\t\t\t\t\t\t\t<li id=\"post-744\" class=\"post tf_clearfix has-post-title has-post-date has-post-category has-post-tag has-post-comment has-post-author product type-product post-744 status-publish instock product_cat-gotowanie product_cat-0utdoor product_cat-szuflady-outdoor product_cat-szuflady product_cat-wolf has-post-thumbnail shipping-taxable product-type-simple\">\n\n\t\t\t\t\t\t\t    <div class=\"tbp_advanced_archive_wrap\">\n\t                <div  data-lazy=\"1\" class=\"module_row themify_builder_row tb_lm2t89 tf_w\">\n                        <div class=\"row_inner col_align_top tb_col_count_1 tf_box tf_rel\">\n                        <div  data-lazy=\"1\" class=\"module_column tb-column col-full tb_hdjx659 first\">\n                    <!-- Product Image module -->\n<div  class=\"module module-product-image tb_h5q7659   thumb-img-bottom tbp_disable_wc_zoom\" data-lazy=\"1\">\n\t<figure class=\"product-image\">\n\t\t\t\t<a  href=\"https:\/\/www.subzerowolf.cz\/pl\/produkt\/szuflada-do-podgrzewania-76cm-icbwwd30o\/\">\n\t\t\t\t<img loading=\"lazy\" decoding=\"async\" src=\"https:\/\/www.subzerowolf.cz\/wp-content\/uploads\/2023\/09\/Wolf_Product_ICBWWD30O_00-1024x1024-200x200.jpg\" width=\"200\" height=\"200\" class=\"wp-post-image wp-image-1603\" title=\"Wolf_Product_ICBWWD30O_00\" alt=\"Wolf_Product_ICBWWD30O_00\" srcset=\"https:\/\/www.subzerowolf.cz\/wp-content\/uploads\/2023\/09\/Wolf_Product_ICBWWD30O_00-1024x1024-200x200.jpg 200w, https:\/\/www.subzerowolf.cz\/wp-content\/uploads\/2023\/09\/Wolf_Product_ICBWWD30O_00-300x300.jpg 300w, https:\/\/www.subzerowolf.cz\/wp-content\/uploads\/2023\/09\/Wolf_Product_ICBWWD30O_00-1024x1024.jpg 1024w, https:\/\/www.subzerowolf.cz\/wp-content\/uploads\/2023\/09\/Wolf_Product_ICBWWD30O_00-150x150.jpg 150w, https:\/\/www.subzerowolf.cz\/wp-content\/uploads\/2023\/09\/Wolf_Product_ICBWWD30O_00-768x768.jpg 768w, https:\/\/www.subzerowolf.cz\/wp-content\/uploads\/2023\/09\/Wolf_Product_ICBWWD30O_00-1024x1024-600x600.jpg 600w, https:\/\/www.subzerowolf.cz\/wp-content\/uploads\/2023\/09\/Wolf_Product_ICBWWD30O_00-100x100.jpg 100w, https:\/\/www.subzerowolf.cz\/wp-content\/uploads\/2023\/09\/Wolf_Product_ICBWWD30O_00.jpg 1280w, https:\/\/www.subzerowolf.cz\/wp-content\/uploads\/2023\/09\/Wolf_Product_ICBWWD30O_00-1024x1024-47x48.jpg 47w\" sizes=\"auto, (max-width: 200px) 100vw, 200px\" \/>\t\t\t\t\t\t<\/a>\n\t<\/figure>\n<\/div>\n<!-- \/Product Image module -->\n<!-- module plain text -->\n<div  class=\"module module-plain-text tb_is9b659 subzero-wolf-product-number\" data-lazy=\"1\">\n        <div class=\"tb_text_wrap\">\n    ICBWWD30\/O    <\/div>\n<\/div>\n<!-- \/module plain text --><!-- Product Title module -->\n<div  class=\"module module-product-title tb_1voo659 \" data-lazy=\"1\">\n\t<h2 class=\"tbp_title\">\n\t<a  href=\"https:\/\/www.subzerowolf.cz\/pl\/produkt\/szuflada-do-podgrzewania-76cm-icbwwd30o\/\">\n\t\tSzuflada do podgrzewania 76 cm\t\t<\/a>\n<\/h2><\/div>\n<!-- \/Product Title module -->        <\/div>\n                        <\/div>\n        <\/div>\n            <\/div>\n\n\t\t\t\t\t\t\t<\/li>\n\n\t\t\t\t\t\t\t\t\t\t\t\n\t\t\t\t\n\t\t<\/ul>\n\t\t\t<!-- \/advanced-products module -->\n<\/div>\n        <\/div>\n                        <\/div>\n        <\/div>\n                        <div  data-lazy=\"1\" class=\"module_row themify_builder_row tb_xtc4249 tf_w\">\n            <style class=\"tbp_dc_styles\">.themify_builder.themify_builder_content-1042 .module_row.tb_xtc4249{background-image: none}<\/style><span class=\"builder_row_cover tf_abs\"><\/span>            <div class=\"row_inner col_align_middle tb_col_count_2 tf_box tf_rel\">\n                        <div  data-lazy=\"1\" class=\"module_column tb-column col4-2 tb_db0h249 first\">\n                    <!-- module text -->\n<div  class=\"module module-text tb_hf5i249  repeat \" data-lazy=\"1\">\n        <div  class=\"tb_text_wrap\">\n        <h2>Zam\u00f3w darmow\u0105 broszur\u0119<\/h2>    <\/div>\n<\/div>\n<!-- \/module text --><!-- module text -->\n<div  class=\"module module-text tb_4dng249   \" data-lazy=\"1\">\n        <div  class=\"tb_text_wrap\">\n        <p>Chcesz pozna\u0107 wszystkie produkty Sub-Zero i Wolf?<br>A mo\u017ce odkry\u0107 inspiracj\u0119 dla swojego nowego wn\u0119trza?<\/p>\n<p>Wype\u0142nij formularz i zam\u00f3w nasz katalog.<\/p>    <\/div>\n<\/div>\n<!-- \/module text -->        <\/div>\n                    <div  data-lazy=\"1\" class=\"module_column tb-column col4-2 tb_e0p3249 last\">\n                    <!-- module plain text -->\n<div  class=\"module module-plain-text tb_imud249 \" data-lazy=\"1\">\n        <div class=\"tb_text_wrap\">\n    <div class=\"wpforms-container wpforms-container-full subzero-wolf-form wpforms-render-modern\" id=\"wpforms-262\"><form id=\"wpforms-form-262\" class=\"wpforms-validate wpforms-form wpforms-ajax-form\" data-formid=\"262\" method=\"post\" enctype=\"multipart\/form-data\" action=\"\/pl\/wp-json\/wp\/v2\/pages\/1042\" data-token=\"d29219b2b934b4efcdc1a46067390fb8\" data-token-time=\"1777106436\"><noscript class=\"wpforms-error-noscript\">Aby wype\u0142ni\u0107 ten formularz, w\u0142\u0105cz obs\u0142ug\u0119 JavaScript w przegl\u0105darce.<\/noscript><div class=\"wpforms-hidden\" id=\"wpforms-error-noscript\">Aby wype\u0142ni\u0107 ten formularz, w\u0142\u0105cz obs\u0142ug\u0119 JavaScript w przegl\u0105darce.<\/div><div class=\"wpforms-field-container\"><div id=\"wpforms-262-field_1-container\" class=\"wpforms-field wpforms-field-text\" data-field-id=\"1\"><label class=\"wpforms-field-label wpforms-label-hide\" for=\"wpforms-262-field_1\" aria-hidden=\"false\">Jm\u00e9no a p\u0159\u00edjmen\u00ed <span class=\"wpforms-required-label\" aria-hidden=\"true\">*<\/span><\/label><input type=\"text\" id=\"wpforms-262-field_1\" class=\"wpforms-field-large wpforms-field-required\" name=\"wpforms[fields][1]\" placeholder=\"Jm\u00e9no a p\u0159\u00edjmen\u00ed\" aria-errormessage=\"wpforms-262-field_1-error\" required><\/div><div id=\"wpforms-262-field_2-container\" class=\"wpforms-field wpforms-field-email\" data-field-id=\"2\"><label class=\"wpforms-field-label wpforms-label-hide\" for=\"wpforms-262-field_2\" aria-hidden=\"false\">E-mail <span class=\"wpforms-required-label\" aria-hidden=\"true\">*<\/span><\/label><input type=\"email\" id=\"wpforms-262-field_2\" class=\"wpforms-field-large wpforms-field-required\" name=\"wpforms[fields][2]\" placeholder=\"E-mail\" spellcheck=\"false\" aria-errormessage=\"wpforms-262-field_2-error\" required><\/div><div id=\"wpforms-262-field_3-container\" class=\"wpforms-field wpforms-field-phone\" data-field-id=\"3\"><label class=\"wpforms-field-label wpforms-label-hide\" for=\"wpforms-262-field_3\" aria-hidden=\"false\">Telefonn\u00ed \u010d\u00edslo<\/label><input type=\"tel\" id=\"wpforms-262-field_3\" class=\"wpforms-field-large wpforms-smart-phone-field\" data-rule-smart-phone-field=\"true\" name=\"wpforms[fields][3]\" placeholder=\"Telefonn\u00ed \u010d\u00edslo\" aria-label=\"Telefonn\u00ed \u010d\u00edslo\" aria-errormessage=\"wpforms-262-field_3-error\" ><\/div><div id=\"wpforms-262-field_4-container\" class=\"wpforms-field wpforms-field-hidden\" data-field-id=\"4\"><input type=\"hidden\" id=\"wpforms-262-field_4\" name=\"wpforms[fields][4]\" value=\"WWW: \"><\/div><\/div><!-- .wpforms-field-container --><div class=\"wpforms-submit-container\" ><input type=\"hidden\" name=\"wpforms[id]\" value=\"262\"><input type=\"hidden\" name=\"page_title\" value=\"\"><input type=\"hidden\" name=\"page_url\" value=\"https:\/\/www.subzerowolf.cz\/pl\/wp-json\/wp\/v2\/pages\/1042\"><button type=\"submit\" name=\"wpforms[submit]\" id=\"wpforms-submit-262\" class=\"wpforms-submit subzero-wolf-form-button\" data-alt-text=\"Odes\u00edl\u00e1n\u00ed...\" data-submit-text=\"Objednat\" aria-live=\"assertive\" value=\"wpforms-submit\">Objednat<\/button><img loading=\"lazy\" decoding=\"async\" src=\"https:\/\/www.subzerowolf.cz\/wp-content\/plugins\/wpforms\/assets\/images\/submit-spin.svg\" class=\"wpforms-submit-spinner\" style=\"display: none;\" width=\"26\" height=\"26\" alt=\"Wczytywanie\"><\/div><\/form><\/div>  <!-- .wpforms-container -->    <\/div>\n<\/div>\n<!-- \/module plain text -->        <\/div>\n                        <\/div>\n        <\/div>\n        <\/div>\n<!--\/themify_builder_content-->","protected":false},"excerpt":{"rendered":"<p>Szuflady Uzupe\u0142nij swoj\u0105 kuchni\u0119 w szuflady Wolf. Serwuj potrawy w ciep\u0142ych naczyniach dzi\u0119ki szufladzie do podgrzewania. Mo\u017cesz j\u0105 r\u00f3wnie\u017c wykorzysta\u0107 w strefie SPA do podgrzewania r\u0119cznik\u00f3w. Dla ambitnych kucharzy polecamy szuflad\u0119 do pakowania pr\u00f3\u017cniowego, dzi\u0119ki kt\u00f3rej mo\u017cna opanowa\u0107 metod\u0119 pieczenia sous-vide. Zam\u00f3w darmow\u0105 broszur\u0119 Chcesz pozna\u0107 wszystkie produkty Sub-Zero i Wolf?A mo\u017ce odkry\u0107 inspiracj\u0119 dla [&hellip;]<\/p>\n","protected":false},"author":2,"featured_media":0,"parent":848,"menu_order":0,"comment_status":"closed","ping_status":"closed","template":"","meta":{"_acf_changed":false,"inline_featured_image":false,"footnotes":""},"class_list":["post-1042","page","type-page","status-publish","hentry","has-post-title","has-post-date","has-post-category","has-post-tag","has-post-comment","has-post-author",""],"acf":[],"builder_content":"<h1>Szuflady<\/h1>\n\n[embed]http:\/\/www.subzerowolf.cz\/wp-content\/uploads\/2023\/10\/Subzero_Master-01.mp4[\/embed]\n<p>Uzupe\u0142nij swoj\u0105 kuchni\u0119 w szuflady Wolf. Serwuj potrawy w ciep\u0142ych naczyniach dzi\u0119ki szufladzie do podgrzewania. Mo\u017cesz j\u0105 r\u00f3wnie\u017c wykorzysta\u0107 w strefie SPA do podgrzewania r\u0119cznik\u00f3w. Dla ambitnych kucharzy polecamy szuflad\u0119 do pakowania pr\u00f3\u017cniowego, dzi\u0119ki kt\u00f3rej mo\u017cna opanowa\u0107 metod\u0119 pieczenia sous-vide.<\/p>\n<h2>Zam\u00f3w darmow\u0105 broszur\u0119<\/h2>\n<p>Chcesz pozna\u0107 wszystkie produkty Sub-Zero i Wolf?<br>A mo\u017ce odkry\u0107 inspiracj\u0119 dla swojego nowego wn\u0119trza?<\/p> <p>Wype\u0142nij formularz i zam\u00f3w nasz katalog.<\/p>\n[wpforms id=\"262\" title=\"false\"]","_links":{"self":[{"href":"https:\/\/www.subzerowolf.cz\/pl\/wp-json\/wp\/v2\/pages\/1042","targetHints":{"allow":["GET"]}}],"collection":[{"href":"https:\/\/www.subzerowolf.cz\/pl\/wp-json\/wp\/v2\/pages"}],"about":[{"href":"https:\/\/www.subzerowolf.cz\/pl\/wp-json\/wp\/v2\/types\/page"}],"author":[{"embeddable":true,"href":"https:\/\/www.subzerowolf.cz\/pl\/wp-json\/wp\/v2\/users\/2"}],"replies":[{"embeddable":true,"href":"https:\/\/www.subzerowolf.cz\/pl\/wp-json\/wp\/v2\/comments?post=1042"}],"version-history":[{"count":13,"href":"https:\/\/www.subzerowolf.cz\/pl\/wp-json\/wp\/v2\/pages\/1042\/revisions"}],"predecessor-version":[{"id":2780,"href":"https:\/\/www.subzerowolf.cz\/pl\/wp-json\/wp\/v2\/pages\/1042\/revisions\/2780"}],"up":[{"embeddable":true,"href":"https:\/\/www.subzerowolf.cz\/pl\/wp-json\/wp\/v2\/pages\/848"}],"wp:attachment":[{"href":"https:\/\/www.subzerowolf.cz\/pl\/wp-json\/wp\/v2\/media?parent=1042"}],"curies":[{"name":"wp","href":"https:\/\/api.w.org\/{rel}","templated":true}]}}