{"id":1311,"date":"2023-10-10T20:55:11","date_gmt":"2023-10-10T18:55:11","guid":{"rendered":"https:\/\/www.subzerowolf.cz\/?page_id=1311"},"modified":"2023-11-19T12:16:51","modified_gmt":"2023-11-19T11:16:51","slug":"kontakt","status":"publish","type":"page","link":"https:\/\/www.subzerowolf.cz\/pl\/kontakt\/","title":{"rendered":"Kontakt"},"content":{"rendered":"<!--themify_builder_content-->\n<div id=\"themify_builder_content-1311\" data-postid=\"1311\" class=\"themify_builder_content themify_builder_content-1311 themify_builder tf_clear\">\n                    <div  data-lazy=\"1\" class=\"module_row themify_builder_row tb_03ax947 tb_first tf_w\">\n            <span class=\"builder_row_cover tf_abs\"><\/span>            <div class=\"row_inner col_align_top tb_col_count_1 tf_box tf_rel\">\n                        <div  data-lazy=\"1\" class=\"module_column tb-column col-full tb_dzfu948 first\">\n                    <!-- module text -->\n<div  class=\"module module-text tb_6ne6329   \" data-lazy=\"1\">\n        <div  class=\"tb_text_wrap\">\n        <h1>Kontakt<\/h1>    <\/div>\n<\/div>\n<!-- \/module text --><!-- module divider -->\n<div  class=\"module tf_mw module-divider tb_yw0w948 solid  divider-custom divider-center\" style=\"border-width: 1px;border-color: #ccc;margin-bottom: 0px;max-width: 150px;\" data-lazy=\"1\">\n    <\/div>\n<!-- \/module divider -->\n<!-- module text -->\n<div  class=\"module module-text tb_gjsh800   \" data-lazy=\"1\">\n        <div  class=\"tb_text_wrap\">\n        <p>W przypadku pyta\u0144, potrzeby konsultacji czy rozszerzenia zakresu informacji dotycz\u0105cych marek Sub-Zero i Wolf jeste\u015bmy do dyspozycji.<\/p>    <\/div>\n<\/div>\n<!-- \/module text --><!-- module icon -->\n<div  class=\"module module-icon tb_pi33835  normal none icon_horizontal tf_textc hide-mobile\" data-lazy=\"1\">\n            <div class=\"module-icon-item\">\n                            <a href=\"https:\/\/goo.gl\/maps\/7pcYyaBGZZUV9gUTA\" rel=\"noopener\" target=\"_blank\">\n                                                                    <img loading=\"lazy\" decoding=\"async\" src=\"http:\/\/www.subzerowolf.cz\/wp-content\/uploads\/2023\/05\/Sub-Zero-Wolf_Icon_Location.svg\" width=\"24\" height=\"23\" class=\"tf_box\" title=\"Jara 4\/1, 02-988 Warszawa\" alt=\"Jara 4\/1, 02-988 Warszawa\">                                                                            <span>Jara 4\/1, 02-988 Warszawa<\/span>\n                                                                    <\/a>\n                    <\/div>\n            <div class=\"module-icon-item\">\n                            <a href=\"tel:+48607369419\">\n                                                                    <img loading=\"lazy\" decoding=\"async\" src=\"http:\/\/www.subzerowolf.cz\/wp-content\/uploads\/2023\/05\/Sub-Zero-Wolf_Icon_Phone.svg\" width=\"24\" height=\"23\" class=\"tf_box\" title=\"+48 607 369 419\" alt=\"+48 607 369 419\">                                                                            <span>+48 607 369 419<\/span>\n                                                                    <\/a>\n                    <\/div>\n            <div class=\"module-icon-item\">\n                            <a href=\"mailto:kontakt@subzerowolf.cz\">\n                                                                    <img loading=\"lazy\" decoding=\"async\" src=\"http:\/\/www.subzerowolf.cz\/wp-content\/uploads\/2023\/05\/Sub-Zero-Wolf_Icon_Message.svg\" width=\"24\" height=\"21\" class=\"tf_box\" title=\"kontakt@subzerowolf.cz\" alt=\"kontakt@subzerowolf.cz\">                                                                            <span>kontakt@subzerowolf.cz<\/span>\n                                                                    <\/a>\n                    <\/div>\n    <\/div>\n<!-- \/module icon -->\n<!-- module text -->\n<div  class=\"module module-text tb_jdzy948    hide-desktop hide-tablet hide-tablet_landscape\" data-lazy=\"1\">\n        <div  class=\"tb_text_wrap\">\n        <p>Jara 4\/1, 02-988 Warszawa<\/p>    <\/div>\n<\/div>\n<!-- \/module text --><!-- module text -->\n<div  class=\"module module-text tb_uc5t224    hide-desktop hide-tablet hide-tablet_landscape\" data-lazy=\"1\">\n        <div  class=\"tb_text_wrap\">\n        <p>+48 607 369 419<\/p>    <\/div>\n<\/div>\n<!-- \/module text --><!-- module text -->\n<div  class=\"module module-text tb_qwuz2    hide-desktop hide-tablet hide-tablet_landscape\" data-lazy=\"1\">\n        <div  class=\"tb_text_wrap\">\n        <p>kontakt@subzerowolf.cz<\/p>    <\/div>\n<\/div>\n<!-- \/module text -->        <\/div>\n                        <\/div>\n        <\/div>\n                        <div  data-anchor=\"showroom\" data-lazy=\"1\" class=\"module_row themify_builder_row tb_has_section tb_section-showroom tb_0m9a770 tf_w\">\n                        <div class=\"row_inner col_align_middle tb_col_count_2 tf_box tf_rel\">\n                        <div  data-lazy=\"1\" class=\"module_column tb-column col4-2 tb_qkak771 first\">\n                    <!-- module video -->\n<div  class=\"module module-video tb_1dmi771 video-top  video-autoplay hide-mobile\" data-lazy=\"1\">\n                    <div class=\"video-wrap-outer\">\n            <div class=\"video-wrap tf_rel tf_overflow tf_local_video\">\n                \n                    \n                    <div style=\"width: 640px;\" class=\"wp-video\"><video class=\"wp-video-shortcode\" id=\"video-1311-1\" width=\"640\" height=\"360\" loop autoplay muted preload=\"metadata\" controls=\"controls\"><source type=\"video\/mp4\" src=\"http:\/\/www.subzerowolf.cz\/wp-content\/uploads\/2023\/10\/Subzero-Wolf_Showroom.mp4?_=1\" \/><a href=\"http:\/\/www.subzerowolf.cz\/wp-content\/uploads\/2023\/10\/Subzero-Wolf_Showroom.mp4\">http:\/\/www.subzerowolf.cz\/wp-content\/uploads\/2023\/10\/Subzero-Wolf_Showroom.mp4<\/a><\/video><\/div>\n                    \n                                <\/div>\n            <!-- \/video-wrap -->\n        <\/div>\n        <!-- \/video-wrap-outer -->\n            <\/div>\n        <\/div>\n                    <div  data-lazy=\"1\" class=\"module_column tb-column col4-2 tb_m6ob969 last\">\n                    <!-- module text -->\n<div  class=\"module module-text tb_7wgi969   \" data-lazy=\"1\">\n        <div  class=\"tb_text_wrap\">\n        <h2>Showroom<\/h2>    <\/div>\n<\/div>\n<!-- \/module text --><!-- module text -->\n<div  class=\"module module-text tb_ixee969   \" data-lazy=\"1\">\n        <div  class=\"tb_text_wrap\">\n        <p>Zapraszamy w podr\u00f3\u017c po przestrzeni luksusowego designu kulinarnego. Nasz showroom to miejsce, w kt\u00f3rym funkcjonalno\u015b\u0107 spotyka si\u0119 z elegancj\u0105. Pozwala odkry\u0107 innowacyjne rozwi\u0105zania, kt\u00f3re definiuj\u0105 nowy wymiar jako\u015bci i luksusu w kuchni.<\/p>\n<p>Nasza kolekcja sprz\u0119tu kuchennego nie tylko spe\u0142nia najwy\u017csze standardy jako\u015bciowe, ale tak\u017ce inspiruje do tworzenia unikalnych przestrzeni kulinarnej pasji.\u00a0<\/p>    <\/div>\n<\/div>\n<!-- \/module text -->        <\/div>\n                        <\/div>\n        <\/div>\n                        <div  data-css_id=\"0xlh894\" data-lazy=\"1\" class=\"module_row themify_builder_row fullwidth tb_0xlh894 tf_w hide-desktop hide-tablet hide-tablet_landscape\">\n                        <div class=\"row_inner col_align_top tb_col_count_1 tf_box tf_rel\">\n                        <div  data-lazy=\"1\" class=\"module_column tb-column col-full tb_twda894 first\">\n                    <!-- module video -->\n<div  class=\"module module-video tb_j1gd549 video-top  video-autoplay\" data-lazy=\"1\">\n                    <div class=\"video-wrap-outer\">\n            <div class=\"video-wrap tf_rel tf_overflow tf_local_video\">\n                \n                    \n                    <div style=\"width: 640px;\" class=\"wp-video\"><video class=\"wp-video-shortcode\" id=\"video-1311-2\" width=\"640\" height=\"360\" loop autoplay muted data-hide-controls preload=\"metadata\" controls=\"controls\"><source type=\"video\/mp4\" src=\"http:\/\/www.subzerowolf.cz\/wp-content\/uploads\/2023\/10\/Subzero-Wolf_Showroom.mp4?_=2\" \/><a href=\"http:\/\/www.subzerowolf.cz\/wp-content\/uploads\/2023\/10\/Subzero-Wolf_Showroom.mp4\">http:\/\/www.subzerowolf.cz\/wp-content\/uploads\/2023\/10\/Subzero-Wolf_Showroom.mp4<\/a><\/video><\/div>\n                    \n                                <\/div>\n            <!-- \/video-wrap -->\n        <\/div>\n        <!-- \/video-wrap-outer -->\n            <\/div>\n        <\/div>\n                        <\/div>\n        <\/div>\n                        <div  data-lazy=\"1\" class=\"module_row themify_builder_row tb_5dpv129 tf_w\">\n            <style class=\"tbp_dc_styles\">.themify_builder.themify_builder_content-1311 .module_row.tb_5dpv129{background-image: none}<\/style><span class=\"builder_row_cover tf_abs\"><\/span>            <div class=\"row_inner col_align_middle tb_col_count_2 tf_box tf_rel\">\n                        <div  data-lazy=\"1\" class=\"module_column tb-column col4-2 tb_rpzy129 first\">\n                    <!-- module text -->\n<div  class=\"module module-text tb_uj2m129  repeat \" data-lazy=\"1\">\n        <div  class=\"tb_text_wrap\">\n        <h2>Zam\u00f3w darmow\u0105 broszur\u0119<\/h2>    <\/div>\n<\/div>\n<!-- \/module text --><!-- module text -->\n<div  class=\"module module-text tb_7hqz129   \" data-lazy=\"1\">\n        <div  class=\"tb_text_wrap\">\n        <p>Chcesz pozna\u0107 wszystkie produkty Sub-Zero i Wolf?<br>A mo\u017ce odkry\u0107 inspiracj\u0119 dla swojego nowego wn\u0119trza?<\/p>\n<p>Wype\u0142nij formularz i zam\u00f3w nasz katalog.<\/p>    <\/div>\n<\/div>\n<!-- \/module text -->        <\/div>\n                    <div  data-lazy=\"1\" class=\"module_column tb-column col4-2 tb_0e37129 last\">\n                    <!-- module plain text -->\n<div  class=\"module module-plain-text tb_2qq8129 \" data-lazy=\"1\">\n        <div class=\"tb_text_wrap\">\n    <div class=\"wpforms-container wpforms-container-full subzero-wolf-form wpforms-render-modern\" id=\"wpforms-262\"><form id=\"wpforms-form-262\" class=\"wpforms-validate wpforms-form wpforms-ajax-form\" data-formid=\"262\" method=\"post\" enctype=\"multipart\/form-data\" action=\"\/pl\/wp-json\/wp\/v2\/pages\/1311\" data-token=\"34e7681340c28d8c1e77b9ffc80aabcd\" data-token-time=\"1776618319\"><noscript class=\"wpforms-error-noscript\">Aby wype\u0142ni\u0107 ten formularz, w\u0142\u0105cz obs\u0142ug\u0119 JavaScript w przegl\u0105darce.<\/noscript><div class=\"wpforms-hidden\" id=\"wpforms-error-noscript\">Aby wype\u0142ni\u0107 ten formularz, w\u0142\u0105cz obs\u0142ug\u0119 JavaScript w przegl\u0105darce.<\/div><div class=\"wpforms-field-container\"><div id=\"wpforms-262-field_1-container\" class=\"wpforms-field wpforms-field-text\" data-field-id=\"1\"><label class=\"wpforms-field-label wpforms-label-hide\" for=\"wpforms-262-field_1\" aria-hidden=\"false\">Jm\u00e9no a p\u0159\u00edjmen\u00ed <span class=\"wpforms-required-label\" aria-hidden=\"true\">*<\/span><\/label><input type=\"text\" id=\"wpforms-262-field_1\" class=\"wpforms-field-large wpforms-field-required\" name=\"wpforms[fields][1]\" placeholder=\"Jm\u00e9no a p\u0159\u00edjmen\u00ed\" aria-errormessage=\"wpforms-262-field_1-error\" required><\/div><div id=\"wpforms-262-field_2-container\" class=\"wpforms-field wpforms-field-email\" data-field-id=\"2\"><label class=\"wpforms-field-label wpforms-label-hide\" for=\"wpforms-262-field_2\" aria-hidden=\"false\">E-mail <span class=\"wpforms-required-label\" aria-hidden=\"true\">*<\/span><\/label><input type=\"email\" id=\"wpforms-262-field_2\" class=\"wpforms-field-large wpforms-field-required\" name=\"wpforms[fields][2]\" placeholder=\"E-mail\" spellcheck=\"false\" aria-errormessage=\"wpforms-262-field_2-error\" required><\/div><div id=\"wpforms-262-field_3-container\" class=\"wpforms-field wpforms-field-phone\" data-field-id=\"3\"><label class=\"wpforms-field-label wpforms-label-hide\" for=\"wpforms-262-field_3\" aria-hidden=\"false\">Telefonn\u00ed \u010d\u00edslo<\/label><input type=\"tel\" id=\"wpforms-262-field_3\" class=\"wpforms-field-large wpforms-smart-phone-field\" data-rule-smart-phone-field=\"true\" name=\"wpforms[fields][3]\" placeholder=\"Telefonn\u00ed \u010d\u00edslo\" aria-label=\"Telefonn\u00ed \u010d\u00edslo\" aria-errormessage=\"wpforms-262-field_3-error\" ><\/div><div id=\"wpforms-262-field_4-container\" class=\"wpforms-field wpforms-field-hidden\" data-field-id=\"4\"><input type=\"hidden\" id=\"wpforms-262-field_4\" name=\"wpforms[fields][4]\" value=\"WWW: \"><\/div><\/div><!-- .wpforms-field-container --><div class=\"wpforms-submit-container\" ><input type=\"hidden\" name=\"wpforms[id]\" value=\"262\"><input type=\"hidden\" name=\"page_title\" value=\"\"><input type=\"hidden\" name=\"page_url\" value=\"https:\/\/www.subzerowolf.cz\/pl\/wp-json\/wp\/v2\/pages\/1311\"><button type=\"submit\" name=\"wpforms[submit]\" id=\"wpforms-submit-262\" class=\"wpforms-submit subzero-wolf-form-button\" data-alt-text=\"Odes\u00edl\u00e1n\u00ed...\" data-submit-text=\"Objednat\" aria-live=\"assertive\" value=\"wpforms-submit\">Objednat<\/button><img loading=\"lazy\" decoding=\"async\" src=\"https:\/\/www.subzerowolf.cz\/wp-content\/plugins\/wpforms\/assets\/images\/submit-spin.svg\" class=\"wpforms-submit-spinner\" style=\"display: none;\" width=\"26\" height=\"26\" alt=\"Wczytywanie\"><\/div><\/form><\/div>  <!-- .wpforms-container -->    <\/div>\n<\/div>\n<!-- \/module plain text -->        <\/div>\n                        <\/div>\n        <\/div>\n        <\/div>\n<!--\/themify_builder_content-->","protected":false},"excerpt":{"rendered":"<p>Kontakt W przypadku pyta\u0144, potrzeby konsultacji czy rozszerzenia zakresu informacji dotycz\u0105cych marek Sub-Zero i Wolf jeste\u015bmy do dyspozycji. Jara 4\/1, 02-988 Warszawa +48 607 369 419 kontakt@subzerowolf.cz Jara 4\/1, 02-988 Warszawa +48 607 369 419 kontakt@subzerowolf.cz Showroom Zapraszamy w podr\u00f3\u017c po przestrzeni luksusowego designu kulinarnego. Nasz showroom to miejsce, w kt\u00f3rym funkcjonalno\u015b\u0107 spotyka si\u0119 z [&hellip;]<\/p>\n","protected":false},"author":2,"featured_media":0,"parent":0,"menu_order":0,"comment_status":"closed","ping_status":"closed","template":"","meta":{"_acf_changed":false,"inline_featured_image":false,"footnotes":""},"class_list":["post-1311","page","type-page","status-publish","hentry","has-post-title","has-post-date","has-post-category","has-post-tag","has-post-comment","has-post-author",""],"acf":[],"builder_content":"<h1>Kontakt<\/h1>\n\n<p>W przypadku pyta\u0144, potrzeby konsultacji czy rozszerzenia zakresu informacji dotycz\u0105cych marek Sub-Zero i Wolf jeste\u015bmy do dyspozycji.<\/p>\n<a href=\"https:\/\/goo.gl\/maps\/7pcYyaBGZZUV9gUTA\" rel=\"noopener\" target=\"_blank\"> <img src=\"http:\/\/www.subzerowolf.cz\/wp-content\/uploads\/2023\/05\/Sub-Zero-Wolf_Icon_Location.svg\" width=\"24\" height=\"23\" title=\"Jara 4\/1, 02-988 Warszawa\" alt=\"Jara 4\/1, 02-988 Warszawa\"> Jara 4\/1, 02-988 Warszawa <\/a> <a href=\"tel:+48607369419\"> <img src=\"http:\/\/www.subzerowolf.cz\/wp-content\/uploads\/2023\/05\/Sub-Zero-Wolf_Icon_Phone.svg\" width=\"24\" height=\"23\" title=\"+48 607 369 419\" alt=\"+48 607 369 419\"> +48 607 369 419 <\/a> <a href=\"mailto:kontakt@subzerowolf.cz\"> <img src=\"http:\/\/www.subzerowolf.cz\/wp-content\/uploads\/2023\/05\/Sub-Zero-Wolf_Icon_Message.svg\" width=\"24\" height=\"21\" title=\"kontakt@subzerowolf.cz\" alt=\"kontakt@subzerowolf.cz\"> kontakt@subzerowolf.cz <\/a>\n<p>Jara 4\/1, 02-988 Warszawa<\/p>\n<p>+48 607 369 419<\/p>\n<p>kontakt@subzerowolf.cz<\/p>\n[embed]http:\/\/www.subzerowolf.cz\/wp-content\/uploads\/2023\/10\/Subzero-Wolf_Showroom.mp4[\/embed]\n<h2>Showroom<\/h2>\n<p>Zapraszamy w podr\u00f3\u017c po przestrzeni luksusowego designu kulinarnego. Nasz showroom to miejsce, w kt\u00f3rym funkcjonalno\u015b\u0107 spotyka si\u0119 z elegancj\u0105. Pozwala odkry\u0107 innowacyjne rozwi\u0105zania, kt\u00f3re definiuj\u0105 nowy wymiar jako\u015bci i luksusu w kuchni.<\/p> <p>Nasza kolekcja sprz\u0119tu kuchennego nie tylko spe\u0142nia najwy\u017csze standardy jako\u015bciowe, ale tak\u017ce inspiruje do tworzenia unikalnych przestrzeni kulinarnej pasji.\u00a0<\/p>\n[embed]http:\/\/www.subzerowolf.cz\/wp-content\/uploads\/2023\/10\/Subzero-Wolf_Showroom.mp4[\/embed]\n<h2>Zam\u00f3w darmow\u0105 broszur\u0119<\/h2>\n<p>Chcesz pozna\u0107 wszystkie produkty Sub-Zero i Wolf?<br>A mo\u017ce odkry\u0107 inspiracj\u0119 dla swojego nowego wn\u0119trza?<\/p> <p>Wype\u0142nij formularz i zam\u00f3w nasz katalog.<\/p>\n[wpforms id=\"262\" title=\"false\"]","_links":{"self":[{"href":"https:\/\/www.subzerowolf.cz\/pl\/wp-json\/wp\/v2\/pages\/1311","targetHints":{"allow":["GET"]}}],"collection":[{"href":"https:\/\/www.subzerowolf.cz\/pl\/wp-json\/wp\/v2\/pages"}],"about":[{"href":"https:\/\/www.subzerowolf.cz\/pl\/wp-json\/wp\/v2\/types\/page"}],"author":[{"embeddable":true,"href":"https:\/\/www.subzerowolf.cz\/pl\/wp-json\/wp\/v2\/users\/2"}],"replies":[{"embeddable":true,"href":"https:\/\/www.subzerowolf.cz\/pl\/wp-json\/wp\/v2\/comments?post=1311"}],"version-history":[{"count":23,"href":"https:\/\/www.subzerowolf.cz\/pl\/wp-json\/wp\/v2\/pages\/1311\/revisions"}],"predecessor-version":[{"id":2666,"href":"https:\/\/www.subzerowolf.cz\/pl\/wp-json\/wp\/v2\/pages\/1311\/revisions\/2666"}],"wp:attachment":[{"href":"https:\/\/www.subzerowolf.cz\/pl\/wp-json\/wp\/v2\/media?parent=1311"}],"curies":[{"name":"wp","href":"https:\/\/api.w.org\/{rel}","templated":true}]}}