{"id":171,"date":"2023-05-30T18:17:31","date_gmt":"2023-05-30T16:17:31","guid":{"rendered":"https:\/\/www.subzerowolf.cz\/?page_id=171"},"modified":"2023-12-05T09:41:51","modified_gmt":"2023-12-05T08:41:51","slug":"zamow-katalog","status":"publish","type":"page","link":"https:\/\/www.subzerowolf.cz\/pl\/zamow-katalog\/","title":{"rendered":"Zam\u00f3w katalog"},"content":{"rendered":"<!--themify_builder_content-->\n<div id=\"themify_builder_content-171\" data-postid=\"171\" class=\"themify_builder_content themify_builder_content-171 themify_builder tf_clear\">\n                    <div  data-lazy=\"1\" class=\"module_row themify_builder_row tb_3nrl638 tb_first tf_w\">\n            <span class=\"builder_row_cover tf_abs\"><\/span>            <div class=\"row_inner col_align_top tb_col_count_1 tf_box tf_rel\">\n                        <div  data-lazy=\"1\" class=\"module_column tb-column col-full tb_5ae2639 first\">\n                    <!-- module text -->\n<div  class=\"module module-text tb_wx93639   \" data-lazy=\"1\">\n        <div  class=\"tb_text_wrap\">\n        <h1>Zam\u00f3w darmowy katalog<\/h1>    <\/div>\n<\/div>\n<!-- \/module text --><!-- module divider -->\n<div  class=\"module tf_mw module-divider tb_aoql639 solid  divider-custom divider-center\" style=\"border-width: 1px;border-color: #ccc;margin-bottom: 0px;max-width: 150px;\" data-lazy=\"1\">\n    <\/div>\n<!-- \/module divider -->\n<!-- module text -->\n<div  class=\"module module-text tb_i3oz332   \" data-lazy=\"1\">\n        <div  class=\"tb_text_wrap\">\n        <p>Chcesz pozna\u0107 wszystkie produkty Sub-Zero i Wolf? A mo\u017ce odkry\u0107 inspiracj\u0119 dla swojego nowego wn\u0119trza? Wype\u0142nij formularz i zam\u00f3w nasz katalog.<\/p>    <\/div>\n<\/div>\n<!-- \/module text -->        <\/div>\n                        <\/div>\n        <\/div>\n                        <div  data-lazy=\"1\" class=\"module_row themify_builder_row tb_4dfw808 tf_w\">\n                        <div class=\"row_inner col_align_middle tb_col_count_2 tf_box tf_rel\">\n                        <div  data-lazy=\"1\" class=\"module_column tb-column col4-2 tb_n6tp809 first\">\n                    <!-- module image -->\n<div  class=\"module module-image tb_e29v809 image-top  subzero-wolf-section-image auto_fullwidth tf_mw\" data-lazy=\"1\">\n        <div class=\"image-wrap tf_rel tf_mw\">\n            <img loading=\"lazy\" decoding=\"async\" src=\"http:\/\/www.subzerowolf.cz\/wp-content\/uploads\/2023\/12\/Sub-Zero-Wolf_Kartalog_Hero.jpg\" width=\"1080\" height=\"720\" title=\"Zam\u00f3w katalog\" alt=\"Zam\u00f3w katalog\">    \n        <\/div>\n    <!-- \/image-wrap -->\n    \n        <\/div>\n<!-- \/module image -->        <\/div>\n                    <div  data-lazy=\"1\" class=\"module_column tb-column col4-2 tb_acct809 last\">\n                    <!-- module plain text -->\n<div  class=\"module module-plain-text tb_lxhj706 \" data-lazy=\"1\">\n        <div class=\"tb_text_wrap\">\n    <div class=\"wpforms-container wpforms-container-full subzero-wolf-form wpforms-render-modern\" id=\"wpforms-262\"><form id=\"wpforms-form-262\" class=\"wpforms-validate wpforms-form wpforms-ajax-form\" data-formid=\"262\" method=\"post\" enctype=\"multipart\/form-data\" action=\"\/pl\/wp-json\/wp\/v2\/pages\/171\" data-token=\"34e7681340c28d8c1e77b9ffc80aabcd\" data-token-time=\"1776624849\"><noscript class=\"wpforms-error-noscript\">Aby wype\u0142ni\u0107 ten formularz, w\u0142\u0105cz obs\u0142ug\u0119 JavaScript w przegl\u0105darce.<\/noscript><div class=\"wpforms-hidden\" id=\"wpforms-error-noscript\">Aby wype\u0142ni\u0107 ten formularz, w\u0142\u0105cz obs\u0142ug\u0119 JavaScript w przegl\u0105darce.<\/div><div class=\"wpforms-field-container\"><div id=\"wpforms-262-field_1-container\" class=\"wpforms-field wpforms-field-text\" data-field-id=\"1\"><label class=\"wpforms-field-label wpforms-label-hide\" for=\"wpforms-262-field_1\" aria-hidden=\"false\">Jm\u00e9no a p\u0159\u00edjmen\u00ed <span class=\"wpforms-required-label\" aria-hidden=\"true\">*<\/span><\/label><input type=\"text\" id=\"wpforms-262-field_1\" class=\"wpforms-field-large wpforms-field-required\" name=\"wpforms[fields][1]\" placeholder=\"Jm\u00e9no a p\u0159\u00edjmen\u00ed\" aria-errormessage=\"wpforms-262-field_1-error\" required><\/div><div id=\"wpforms-262-field_2-container\" class=\"wpforms-field wpforms-field-email\" data-field-id=\"2\"><label class=\"wpforms-field-label wpforms-label-hide\" for=\"wpforms-262-field_2\" aria-hidden=\"false\">E-mail <span class=\"wpforms-required-label\" aria-hidden=\"true\">*<\/span><\/label><input type=\"email\" id=\"wpforms-262-field_2\" class=\"wpforms-field-large wpforms-field-required\" name=\"wpforms[fields][2]\" placeholder=\"E-mail\" spellcheck=\"false\" aria-errormessage=\"wpforms-262-field_2-error\" required><\/div><div id=\"wpforms-262-field_3-container\" class=\"wpforms-field wpforms-field-phone\" data-field-id=\"3\"><label class=\"wpforms-field-label wpforms-label-hide\" for=\"wpforms-262-field_3\" aria-hidden=\"false\">Telefonn\u00ed \u010d\u00edslo<\/label><input type=\"tel\" id=\"wpforms-262-field_3\" class=\"wpforms-field-large wpforms-smart-phone-field\" data-rule-smart-phone-field=\"true\" name=\"wpforms[fields][3]\" placeholder=\"Telefonn\u00ed \u010d\u00edslo\" aria-label=\"Telefonn\u00ed \u010d\u00edslo\" aria-errormessage=\"wpforms-262-field_3-error\" ><\/div><div id=\"wpforms-262-field_4-container\" class=\"wpforms-field wpforms-field-hidden\" data-field-id=\"4\"><input type=\"hidden\" id=\"wpforms-262-field_4\" name=\"wpforms[fields][4]\" value=\"WWW: \"><\/div><\/div><!-- .wpforms-field-container --><div class=\"wpforms-submit-container\" ><input type=\"hidden\" name=\"wpforms[id]\" value=\"262\"><input type=\"hidden\" name=\"page_title\" value=\"\"><input type=\"hidden\" name=\"page_url\" value=\"https:\/\/www.subzerowolf.cz\/pl\/wp-json\/wp\/v2\/pages\/171\"><button type=\"submit\" name=\"wpforms[submit]\" id=\"wpforms-submit-262\" class=\"wpforms-submit subzero-wolf-form-button\" data-alt-text=\"Odes\u00edl\u00e1n\u00ed...\" data-submit-text=\"Objednat\" aria-live=\"assertive\" value=\"wpforms-submit\">Objednat<\/button><img loading=\"lazy\" decoding=\"async\" src=\"https:\/\/www.subzerowolf.cz\/wp-content\/plugins\/wpforms\/assets\/images\/submit-spin.svg\" class=\"wpforms-submit-spinner\" style=\"display: none;\" width=\"26\" height=\"26\" alt=\"Wczytywanie\"><\/div><\/form><\/div>  <!-- .wpforms-container -->    <\/div>\n<\/div>\n<!-- \/module plain text -->        <\/div>\n                        <\/div>\n        <\/div>\n        <\/div>\n<!--\/themify_builder_content-->","protected":false},"excerpt":{"rendered":"<p>Zam\u00f3w darmowy katalog Chcesz pozna\u0107 wszystkie produkty Sub-Zero i Wolf? A mo\u017ce odkry\u0107 inspiracj\u0119 dla swojego nowego wn\u0119trza? Wype\u0142nij formularz i zam\u00f3w nasz katalog.<\/p>\n","protected":false},"author":2,"featured_media":0,"parent":0,"menu_order":0,"comment_status":"closed","ping_status":"closed","template":"","meta":{"_acf_changed":false,"inline_featured_image":false,"footnotes":""},"class_list":["post-171","page","type-page","status-publish","hentry","has-post-title","has-post-date","has-post-category","has-post-tag","has-post-comment","has-post-author",""],"acf":[],"builder_content":"<h1>Zam\u00f3w darmowy katalog<\/h1>\n\n<p>Chcesz pozna\u0107 wszystkie produkty Sub-Zero i Wolf? A mo\u017ce odkry\u0107 inspiracj\u0119 dla swojego nowego wn\u0119trza? Wype\u0142nij formularz i zam\u00f3w nasz katalog.<\/p>\n<img src=\"http:\/\/www.subzerowolf.cz\/wp-content\/uploads\/2023\/12\/Sub-Zero-Wolf_Kartalog_Hero.jpg\" width=\"1080\" height=\"720\" title=\"Zam\u00f3w katalog\" alt=\"Zam\u00f3w katalog\">\n[wpforms id=\"262\" title=\"false\"]","_links":{"self":[{"href":"https:\/\/www.subzerowolf.cz\/pl\/wp-json\/wp\/v2\/pages\/171","targetHints":{"allow":["GET"]}}],"collection":[{"href":"https:\/\/www.subzerowolf.cz\/pl\/wp-json\/wp\/v2\/pages"}],"about":[{"href":"https:\/\/www.subzerowolf.cz\/pl\/wp-json\/wp\/v2\/types\/page"}],"author":[{"embeddable":true,"href":"https:\/\/www.subzerowolf.cz\/pl\/wp-json\/wp\/v2\/users\/2"}],"replies":[{"embeddable":true,"href":"https:\/\/www.subzerowolf.cz\/pl\/wp-json\/wp\/v2\/comments?post=171"}],"version-history":[{"count":10,"href":"https:\/\/www.subzerowolf.cz\/pl\/wp-json\/wp\/v2\/pages\/171\/revisions"}],"predecessor-version":[{"id":2788,"href":"https:\/\/www.subzerowolf.cz\/pl\/wp-json\/wp\/v2\/pages\/171\/revisions\/2788"}],"wp:attachment":[{"href":"https:\/\/www.subzerowolf.cz\/pl\/wp-json\/wp\/v2\/media?parent=171"}],"curies":[{"name":"wp","href":"https:\/\/api.w.org\/{rel}","templated":true}]}}