{"id":2138,"date":"2023-10-27T14:17:05","date_gmt":"2023-10-27T12:17:05","guid":{"rendered":"https:\/\/www.subzerowolf.cz\/?page_id=2138"},"modified":"2023-12-04T20:11:00","modified_gmt":"2023-12-04T19:11:00","slug":"chlodnictwo","status":"publish","type":"page","link":"https:\/\/www.subzerowolf.cz\/pl\/outdoor\/chlodnictwo\/","title":{"rendered":"Ch\u0142odnictwo"},"content":{"rendered":"<!--themify_builder_content-->\n<div id=\"themify_builder_content-2138\" data-postid=\"2138\" class=\"themify_builder_content themify_builder_content-2138 themify_builder tf_clear\">\n                    <div  data-lazy=\"1\" class=\"module_row themify_builder_row tb_5ptp23 tb_first tf_w hide-mobile\">\n            <span class=\"builder_row_cover tf_abs\"><\/span>            <div class=\"row_inner col_align_top tb_col_count_1 tf_box tf_rel\">\n                        <div  data-lazy=\"1\" class=\"module_column tb-column col-full tb_9xw723 first\">\n                            <\/div>\n                        <\/div>\n        <\/div>\n                        <div  data-lazy=\"1\" class=\"module_row themify_builder_row tb_dpov203 tf_w hide-desktop hide-tablet hide-tablet_landscape\">\n            <span class=\"builder_row_cover tf_abs\"><\/span>            <div class=\"row_inner col_align_top tb_col_count_1 tf_box tf_rel\">\n                        <div  data-lazy=\"1\" class=\"module_column tb-column col-full tb_57h2204 first\">\n                            <\/div>\n                        <\/div>\n        <\/div>\n                        <div  data-lazy=\"1\" class=\"module_row themify_builder_row tb_3734178 tf_w\">\n            <span class=\"builder_row_cover tf_abs\"><\/span>            <div class=\"row_inner col_align_top tb_col_count_1 tf_box tf_rel\">\n                        <div  data-lazy=\"1\" class=\"module_column tb-column col-full tb_i9av178 first\">\n                    <!-- module text -->\n<div  class=\"module module-text tb_ll9f178   \" data-lazy=\"1\">\n        <div  class=\"tb_text_wrap\">\n        <h1>Ch\u0142odnictwo<\/h1>    <\/div>\n<\/div>\n<!-- \/module text --><!-- module divider -->\n<div  class=\"module tf_mw module-divider tb_exza178 solid  divider-custom divider-center\" style=\"border-width: 1px;border-color: #ccc;margin-bottom: 0px;max-width: 150px;\" data-lazy=\"1\">\n    <\/div>\n<!-- \/module divider -->\n        <\/div>\n                        <\/div>\n        <\/div>\n                        <div  data-lazy=\"1\" class=\"module_row themify_builder_row tb_blqd999 tf_w\">\n            <span class=\"builder_row_cover tf_abs\"><\/span>            <div class=\"row_inner col_align_middle tb_col_count_2 tf_box tf_rel\">\n                        <div  data-lazy=\"1\" class=\"module_column tb-column col4-2 tb_6yu1999 first\">\n                    <!-- module video -->\n<div  class=\"module module-video tb_4gfe230 video-top  video-autoplay\" data-lazy=\"1\">\n                    <div class=\"video-wrap-outer\">\n            <div class=\"video-wrap tf_rel tf_overflow tf_local_video\">\n                \n                    \n                    <div style=\"width: 640px;\" class=\"wp-video\"><video class=\"wp-video-shortcode\" id=\"video-2138-1\" width=\"640\" height=\"360\" loop autoplay muted preload=\"metadata\" controls=\"controls\"><source type=\"video\/mp4\" src=\"http:\/\/www.subzerowolf.cz\/wp-content\/uploads\/2023\/10\/SZ_MARCH24_v1-1.mp4?_=1\" \/><a href=\"http:\/\/www.subzerowolf.cz\/wp-content\/uploads\/2023\/10\/SZ_MARCH24_v1-1.mp4\">http:\/\/www.subzerowolf.cz\/wp-content\/uploads\/2023\/10\/SZ_MARCH24_v1-1.mp4<\/a><\/video><\/div>\n                    \n                                <\/div>\n            <!-- \/video-wrap -->\n        <\/div>\n        <!-- \/video-wrap-outer -->\n            <\/div>\n        <\/div>\n                    <div  data-lazy=\"1\" class=\"module_column tb-column col4-2 tb_on3t999 last\">\n                    <!-- module text -->\n<div  class=\"module module-text tb_ccqu178 subzero-wolf-range-description  \" data-lazy=\"1\">\n        <div  class=\"tb_text_wrap\">\n        <p>Urz\u0105dzenia Sub-Zero to najlepsza wydajno\u015b\u0107 pracy oraz charakterystyczny design, wyznaczaj\u0105cy standardy kuchni na \u015bwie\u017cym powietrzu. Zintegrowana ch\u0142odziarka szufladowa jest szczelna, dzi\u0119ki czemu wilgo\u0107 utrzymuje si\u0119 w \u015brodku i zapewnia optymalne warunki do przechowywania \u017cywno\u015bci. Szuflady Sub-Zero zaprojektowane zosta\u0142y do pracy w temperaturze zewn\u0119trznej do 43 \u00b0C. Dzi\u0119ki wykonaniu z wysokiej jako\u015bci stali szlachetnej, urz\u0105dzenie jest odporne na promienie UV, s\u00f3l oraz wilgo\u0107 \u2013 elementy odpowiedzialne za korozj\u0119 metali.<\/p>    <\/div>\n<\/div>\n<!-- \/module text -->        <\/div>\n                        <\/div>\n        <\/div>\n                        <div  data-lazy=\"1\" class=\"module_row themify_builder_row tb_y10973 tf_w\">\n                        <div class=\"row_inner col_align_top tb_col_count_1 tf_box tf_rel\">\n                        <div  data-lazy=\"1\" class=\"module_column tb-column col-full tb_i7sm73 first\">\n                    <!-- advanced-products module -->\n<div  class=\"module woocommerce module-advanced-products tb_t2l7245  themify_builder_content-t2l7245\" data-lazy=\"1\">\n\t\t\t<ul class=\"builder-posts-wrap loops-wrapper tbp_posts_wrap products grid4 classic tf_clear tf_clearfix\" data-lazy=\"1\">\n\t\t\n\t\t\n\t\t\t\t\t\t\t\t\t\t\t\t\t\t\t\t\t\t\t\t\t\t\t<li id=\"post-515\" class=\"post tf_clearfix has-post-title has-post-date has-post-category has-post-tag has-post-comment has-post-author product type-product post-515 status-publish first instock product_cat-chlodnictwo-0utdoor product_cat-chlodnictwo product_cat-chlodziarki-podblatowe product_cat-0utdoor product_cat-subzero has-post-thumbnail shipping-taxable product-type-simple\">\n\n\t\t\t\t\t\t\t    <div class=\"tbp_advanced_archive_wrap\">\n\t                <div  data-lazy=\"1\" class=\"module_row themify_builder_row tb_h63b244 tf_w\">\n                        <div class=\"row_inner col_align_top tb_col_count_1 tf_box tf_rel\">\n                        <div  data-lazy=\"1\" class=\"module_column tb-column col-full tb_2hil856 first\">\n                    <!-- Product Image module -->\n<div  class=\"module module-product-image tb_a5ay857   thumb-img-bottom tbp_disable_wc_zoom\" data-lazy=\"1\">\n\t<figure class=\"product-image\">\n\t\t\t\t<a  href=\"https:\/\/www.subzerowolf.cz\/pl\/produkt\/chlodziarka-podblatowa-szufladowa-610mm-icbid-24ro\/\">\n\t\t\t\t<img loading=\"lazy\" decoding=\"async\" src=\"https:\/\/www.subzerowolf.cz\/wp-content\/uploads\/2023\/08\/Subzero_Product_ICBID-24RO-1024x1024-200x200.jpg\" width=\"200\" height=\"200\" class=\"wp-post-image wp-image-358\" title=\"Subzero_Product_ICBID-24RO\" alt=\"Subzero Ch\u0142odziarka Szufladowa 610mm ICBID-24RO\" srcset=\"https:\/\/www.subzerowolf.cz\/wp-content\/uploads\/2023\/08\/Subzero_Product_ICBID-24RO-1024x1024-200x200.jpg 200w, https:\/\/www.subzerowolf.cz\/wp-content\/uploads\/2023\/08\/Subzero_Product_ICBID-24RO-300x300.jpg 300w, https:\/\/www.subzerowolf.cz\/wp-content\/uploads\/2023\/08\/Subzero_Product_ICBID-24RO-100x100.jpg 100w, https:\/\/www.subzerowolf.cz\/wp-content\/uploads\/2023\/08\/Subzero_Product_ICBID-24RO-1024x1024-600x600.jpg 600w, https:\/\/www.subzerowolf.cz\/wp-content\/uploads\/2023\/08\/Subzero_Product_ICBID-24RO-1024x1024.jpg 1024w, https:\/\/www.subzerowolf.cz\/wp-content\/uploads\/2023\/08\/Subzero_Product_ICBID-24RO-1024x1024-150x150.jpg 150w, https:\/\/www.subzerowolf.cz\/wp-content\/uploads\/2023\/08\/Subzero_Product_ICBID-24RO-768x768.jpg 768w, https:\/\/www.subzerowolf.cz\/wp-content\/uploads\/2023\/08\/Subzero_Product_ICBID-24RO-1024x1024-180x180.jpg 180w, https:\/\/www.subzerowolf.cz\/wp-content\/uploads\/2023\/08\/Subzero_Product_ICBID-24RO-1024x1024-160x160.jpg 160w, https:\/\/www.subzerowolf.cz\/wp-content\/uploads\/2023\/08\/Subzero_Product_ICBID-24RO-1024x1024-40x40.jpg 40w, https:\/\/www.subzerowolf.cz\/wp-content\/uploads\/2023\/08\/Subzero_Product_ICBID-24RO-1024x1024-80x80.jpg 80w, https:\/\/www.subzerowolf.cz\/wp-content\/uploads\/2023\/08\/Subzero_Product_ICBID-24RO.jpg 1280w\" sizes=\"auto, (max-width: 200px) 100vw, 200px\" \/>\t\t\t\t\t\t<\/a>\n\t<\/figure>\n<\/div>\n<!-- \/Product Image module -->\n<!-- module plain text -->\n<div  class=\"module module-plain-text tb_zbkb857 subzero-wolf-product-number\" data-lazy=\"1\">\n        <div class=\"tb_text_wrap\">\n    ICBID-24RO    <\/div>\n<\/div>\n<!-- \/module plain text --><!-- Product Title module -->\n<div  class=\"module module-product-title tb_riai857 \" data-lazy=\"1\">\n\t<h2 class=\"tbp_title\">\n\t<a  href=\"https:\/\/www.subzerowolf.cz\/pl\/produkt\/chlodziarka-podblatowa-szufladowa-610mm-icbid-24ro\/\">\n\t\tCh\u0142odziarka Podblatowa Szufladowa 610 mm\t\t<\/a>\n<\/h2><\/div>\n<!-- \/Product Title module -->        <\/div>\n                        <\/div>\n        <\/div>\n            <\/div>\n\n\t\t\t\t\t\t\t<\/li>\n\n\t\t\t\t\t\t\t\t\t\t\t\n\t\t\t\t\n\t\t<\/ul>\n\t\t\t<!-- \/advanced-products module -->\n<\/div>\n        <\/div>\n                        <\/div>\n        <\/div>\n                        <div  data-lazy=\"1\" class=\"module_row themify_builder_row tb_xtc4249 tf_w\">\n            <style class=\"tbp_dc_styles\">.themify_builder.themify_builder_content-2138 .module_row.tb_xtc4249{background-image: none}<\/style><span class=\"builder_row_cover tf_abs\"><\/span>            <div class=\"row_inner col_align_middle tb_col_count_2 tf_box tf_rel\">\n                        <div  data-lazy=\"1\" class=\"module_column tb-column col4-2 tb_db0h249 first\">\n                    <!-- module text -->\n<div  class=\"module module-text tb_hf5i249  repeat \" data-lazy=\"1\">\n        <div  class=\"tb_text_wrap\">\n        <h2>Zam\u00f3w darmow\u0105 broszur\u0119<\/h2>    <\/div>\n<\/div>\n<!-- \/module text --><!-- module text -->\n<div  class=\"module module-text tb_4dng249   \" data-lazy=\"1\">\n        <div  class=\"tb_text_wrap\">\n        <p>Chcesz pozna\u0107 wszystkie produkty Sub-Zero i Wolf?<br>A mo\u017ce odkry\u0107 inspiracj\u0119 dla swojego nowego wn\u0119trza?<\/p>\n<p>Wype\u0142nij formularz i zam\u00f3w nasz katalog.<\/p>    <\/div>\n<\/div>\n<!-- \/module text -->        <\/div>\n                    <div  data-lazy=\"1\" class=\"module_column tb-column col4-2 tb_e0p3249 last\">\n                    <!-- module plain text -->\n<div  class=\"module module-plain-text tb_imud249 \" data-lazy=\"1\">\n        <div class=\"tb_text_wrap\">\n    <div class=\"wpforms-container wpforms-container-full subzero-wolf-form wpforms-render-modern\" id=\"wpforms-262\"><form id=\"wpforms-form-262\" class=\"wpforms-validate wpforms-form wpforms-ajax-form\" data-formid=\"262\" method=\"post\" enctype=\"multipart\/form-data\" action=\"\/pl\/wp-json\/wp\/v2\/pages\/2138\" data-token=\"e49026e5a2b303be4896305d70c6c4c0\" data-token-time=\"1777447507\"><noscript class=\"wpforms-error-noscript\">Aby wype\u0142ni\u0107 ten formularz, w\u0142\u0105cz obs\u0142ug\u0119 JavaScript w przegl\u0105darce.<\/noscript><div class=\"wpforms-hidden\" id=\"wpforms-error-noscript\">Aby wype\u0142ni\u0107 ten formularz, w\u0142\u0105cz obs\u0142ug\u0119 JavaScript w przegl\u0105darce.<\/div><div class=\"wpforms-field-container\"><div id=\"wpforms-262-field_1-container\" class=\"wpforms-field wpforms-field-text\" data-field-id=\"1\"><label class=\"wpforms-field-label wpforms-label-hide\" for=\"wpforms-262-field_1\" aria-hidden=\"false\">Jm\u00e9no a p\u0159\u00edjmen\u00ed <span class=\"wpforms-required-label\" aria-hidden=\"true\">*<\/span><\/label><input type=\"text\" id=\"wpforms-262-field_1\" class=\"wpforms-field-large wpforms-field-required\" name=\"wpforms[fields][1]\" placeholder=\"Jm\u00e9no a p\u0159\u00edjmen\u00ed\" aria-errormessage=\"wpforms-262-field_1-error\" required><\/div><div id=\"wpforms-262-field_2-container\" class=\"wpforms-field wpforms-field-email\" data-field-id=\"2\"><label class=\"wpforms-field-label wpforms-label-hide\" for=\"wpforms-262-field_2\" aria-hidden=\"false\">E-mail <span class=\"wpforms-required-label\" aria-hidden=\"true\">*<\/span><\/label><input type=\"email\" id=\"wpforms-262-field_2\" class=\"wpforms-field-large wpforms-field-required\" name=\"wpforms[fields][2]\" placeholder=\"E-mail\" spellcheck=\"false\" aria-errormessage=\"wpforms-262-field_2-error\" required><\/div><div id=\"wpforms-262-field_3-container\" class=\"wpforms-field wpforms-field-phone\" data-field-id=\"3\"><label class=\"wpforms-field-label wpforms-label-hide\" for=\"wpforms-262-field_3\" aria-hidden=\"false\">Telefonn\u00ed \u010d\u00edslo<\/label><input type=\"tel\" id=\"wpforms-262-field_3\" class=\"wpforms-field-large wpforms-smart-phone-field\" data-rule-smart-phone-field=\"true\" name=\"wpforms[fields][3]\" placeholder=\"Telefonn\u00ed \u010d\u00edslo\" aria-label=\"Telefonn\u00ed \u010d\u00edslo\" aria-errormessage=\"wpforms-262-field_3-error\" ><\/div><div id=\"wpforms-262-field_4-container\" class=\"wpforms-field wpforms-field-hidden\" data-field-id=\"4\"><input type=\"hidden\" id=\"wpforms-262-field_4\" name=\"wpforms[fields][4]\" value=\"WWW: \"><\/div><\/div><!-- .wpforms-field-container --><div class=\"wpforms-submit-container\" ><input type=\"hidden\" name=\"wpforms[id]\" value=\"262\"><input type=\"hidden\" name=\"page_title\" value=\"\"><input type=\"hidden\" name=\"page_url\" value=\"https:\/\/www.subzerowolf.cz\/pl\/wp-json\/wp\/v2\/pages\/2138\"><button type=\"submit\" name=\"wpforms[submit]\" id=\"wpforms-submit-262\" class=\"wpforms-submit subzero-wolf-form-button\" data-alt-text=\"Odes\u00edl\u00e1n\u00ed...\" data-submit-text=\"Objednat\" aria-live=\"assertive\" value=\"wpforms-submit\">Objednat<\/button><img loading=\"lazy\" decoding=\"async\" src=\"https:\/\/www.subzerowolf.cz\/wp-content\/plugins\/wpforms\/assets\/images\/submit-spin.svg\" class=\"wpforms-submit-spinner\" style=\"display: none;\" width=\"26\" height=\"26\" alt=\"Wczytywanie\"><\/div><\/form><\/div>  <!-- .wpforms-container -->    <\/div>\n<\/div>\n<!-- \/module plain text -->        <\/div>\n                        <\/div>\n        <\/div>\n        <\/div>\n<!--\/themify_builder_content-->","protected":false},"excerpt":{"rendered":"<p>Ch\u0142odnictwo Urz\u0105dzenia Sub-Zero to najlepsza wydajno\u015b\u0107 pracy oraz charakterystyczny design, wyznaczaj\u0105cy standardy kuchni na \u015bwie\u017cym powietrzu. Zintegrowana ch\u0142odziarka szufladowa jest szczelna, dzi\u0119ki czemu wilgo\u0107 utrzymuje si\u0119 w \u015brodku i zapewnia optymalne warunki do przechowywania \u017cywno\u015bci. Szuflady Sub-Zero zaprojektowane zosta\u0142y do pracy w temperaturze zewn\u0119trznej do 43 \u00b0C. Dzi\u0119ki wykonaniu z wysokiej jako\u015bci stali szlachetnej, urz\u0105dzenie [&hellip;]<\/p>\n","protected":false},"author":2,"featured_media":0,"parent":913,"menu_order":0,"comment_status":"closed","ping_status":"closed","template":"","meta":{"_acf_changed":false,"inline_featured_image":false,"footnotes":""},"class_list":["post-2138","page","type-page","status-publish","hentry","has-post-title","has-post-date","has-post-category","has-post-tag","has-post-comment","has-post-author",""],"acf":[],"builder_content":"<h1>Ch\u0142odnictwo<\/h1>\n\n[embed]http:\/\/www.subzerowolf.cz\/wp-content\/uploads\/2023\/10\/SZ_MARCH24_v1-1.mp4[\/embed]\n<p>Urz\u0105dzenia Sub-Zero to najlepsza wydajno\u015b\u0107 pracy oraz charakterystyczny design, wyznaczaj\u0105cy standardy kuchni na \u015bwie\u017cym powietrzu. Zintegrowana ch\u0142odziarka szufladowa jest szczelna, dzi\u0119ki czemu wilgo\u0107 utrzymuje si\u0119 w \u015brodku i zapewnia optymalne warunki do przechowywania \u017cywno\u015bci. Szuflady Sub-Zero zaprojektowane zosta\u0142y do pracy w temperaturze zewn\u0119trznej do 43 \u00b0C. Dzi\u0119ki wykonaniu z wysokiej jako\u015bci stali szlachetnej, urz\u0105dzenie jest odporne na promienie UV, s\u00f3l oraz wilgo\u0107 \u2013 elementy odpowiedzialne za korozj\u0119 metali.<\/p>\n<h2>Zam\u00f3w darmow\u0105 broszur\u0119<\/h2>\n<p>Chcesz pozna\u0107 wszystkie produkty Sub-Zero i Wolf?<br>A mo\u017ce odkry\u0107 inspiracj\u0119 dla swojego nowego wn\u0119trza?<\/p> <p>Wype\u0142nij formularz i zam\u00f3w nasz katalog.<\/p>\n[wpforms id=\"262\" title=\"false\"]","_links":{"self":[{"href":"https:\/\/www.subzerowolf.cz\/pl\/wp-json\/wp\/v2\/pages\/2138","targetHints":{"allow":["GET"]}}],"collection":[{"href":"https:\/\/www.subzerowolf.cz\/pl\/wp-json\/wp\/v2\/pages"}],"about":[{"href":"https:\/\/www.subzerowolf.cz\/pl\/wp-json\/wp\/v2\/types\/page"}],"author":[{"embeddable":true,"href":"https:\/\/www.subzerowolf.cz\/pl\/wp-json\/wp\/v2\/users\/2"}],"replies":[{"embeddable":true,"href":"https:\/\/www.subzerowolf.cz\/pl\/wp-json\/wp\/v2\/comments?post=2138"}],"version-history":[{"count":7,"href":"https:\/\/www.subzerowolf.cz\/pl\/wp-json\/wp\/v2\/pages\/2138\/revisions"}],"predecessor-version":[{"id":2782,"href":"https:\/\/www.subzerowolf.cz\/pl\/wp-json\/wp\/v2\/pages\/2138\/revisions\/2782"}],"up":[{"embeddable":true,"href":"https:\/\/www.subzerowolf.cz\/pl\/wp-json\/wp\/v2\/pages\/913"}],"wp:attachment":[{"href":"https:\/\/www.subzerowolf.cz\/pl\/wp-json\/wp\/v2\/media?parent=2138"}],"curies":[{"name":"wp","href":"https:\/\/api.w.org\/{rel}","templated":true}]}}