{"id":2148,"date":"2023-10-27T14:25:49","date_gmt":"2023-10-27T12:25:49","guid":{"rendered":"https:\/\/www.subzerowolf.cz\/?page_id=2148"},"modified":"2023-12-04T20:11:12","modified_gmt":"2023-12-04T19:11:12","slug":"szuflady","status":"publish","type":"page","link":"https:\/\/www.subzerowolf.cz\/pl\/outdoor\/szuflady\/","title":{"rendered":"Szuflady"},"content":{"rendered":"<!--themify_builder_content-->\n<div id=\"themify_builder_content-2148\" data-postid=\"2148\" class=\"themify_builder_content themify_builder_content-2148 themify_builder tf_clear\">\n                    <div  data-lazy=\"1\" class=\"module_row themify_builder_row tb_5ptp23 tb_first tf_w hide-mobile\">\n            <span class=\"builder_row_cover tf_abs\"><\/span>            <div class=\"row_inner col_align_top tb_col_count_1 tf_box tf_rel\">\n                        <div  data-lazy=\"1\" class=\"module_column tb-column col-full tb_9xw723 first\">\n                            <\/div>\n                        <\/div>\n        <\/div>\n                        <div  data-lazy=\"1\" class=\"module_row themify_builder_row tb_dpov203 tf_w hide-desktop hide-tablet hide-tablet_landscape\">\n            <span class=\"builder_row_cover tf_abs\"><\/span>            <div class=\"row_inner col_align_top tb_col_count_1 tf_box tf_rel\">\n                        <div  data-lazy=\"1\" class=\"module_column tb-column col-full tb_57h2204 first\">\n                            <\/div>\n                        <\/div>\n        <\/div>\n                        <div  data-lazy=\"1\" class=\"module_row themify_builder_row tb_3734178 tf_w\">\n            <span class=\"builder_row_cover tf_abs\"><\/span>            <div class=\"row_inner col_align_top tb_col_count_1 tf_box tf_rel\">\n                        <div  data-lazy=\"1\" class=\"module_column tb-column col-full tb_i9av178 first\">\n                    <!-- module text -->\n<div  class=\"module module-text tb_ll9f178   \" data-lazy=\"1\">\n        <div  class=\"tb_text_wrap\">\n        <h1>Szuflady<\/h1>    <\/div>\n<\/div>\n<!-- \/module text --><!-- module divider -->\n<div  class=\"module tf_mw module-divider tb_exza178 solid  divider-custom divider-center\" style=\"border-width: 1px;border-color: #ccc;margin-bottom: 0px;max-width: 150px;\" data-lazy=\"1\">\n    <\/div>\n<!-- \/module divider -->\n        <\/div>\n                        <\/div>\n        <\/div>\n                        <div  data-lazy=\"1\" class=\"module_row themify_builder_row tb_blqd999 tf_w\">\n            <span class=\"builder_row_cover tf_abs\"><\/span>            <div class=\"row_inner col_align_middle tb_col_count_2 tf_box tf_rel\">\n                        <div  data-lazy=\"1\" class=\"module_column tb-column col4-2 tb_6yu1999 first\">\n                    <!-- module video -->\n<div  class=\"module module-video tb_4gfe230 video-top  video-autoplay\" data-lazy=\"1\">\n                    <div class=\"video-wrap-outer\">\n            <div class=\"video-wrap tf_rel tf_overflow tf_local_video\">\n                \n                    \n                    <div style=\"width: 640px;\" class=\"wp-video\"><video class=\"wp-video-shortcode\" id=\"video-2148-1\" width=\"640\" height=\"360\" loop autoplay muted preload=\"metadata\" controls=\"controls\"><source type=\"video\/mp4\" src=\"http:\/\/www.subzerowolf.cz\/wp-content\/uploads\/2023\/10\/SZ_MARCH24_v1-1.mp4?_=1\" \/><a href=\"http:\/\/www.subzerowolf.cz\/wp-content\/uploads\/2023\/10\/SZ_MARCH24_v1-1.mp4\">http:\/\/www.subzerowolf.cz\/wp-content\/uploads\/2023\/10\/SZ_MARCH24_v1-1.mp4<\/a><\/video><\/div>\n                    \n                                <\/div>\n            <!-- \/video-wrap -->\n        <\/div>\n        <!-- \/video-wrap-outer -->\n            <\/div>\n        <\/div>\n                    <div  data-lazy=\"1\" class=\"module_column tb-column col4-2 tb_on3t999 last\">\n                    <!-- module text -->\n<div  class=\"module module-text tb_ccqu178 subzero-wolf-range-description  \" data-lazy=\"1\">\n        <div  class=\"tb_text_wrap\">\n        <p>Wszystko smakuje lepiej na \u015bwie\u017cym powietrzu. Grillowanie na \u015bwie\u017cym powietrzu wi\u0105\u017ce si\u0119 jednak z pewnymi wyzwaniami. Jak utrzyma\u0107 ciep\u0142o pierwszej porcji stek\u00f3w lub burger\u00f3w dla go\u015bci, gdy czas na drug\u0105? Bardzo proste: zewn\u0119trzna szuflada do podgrzewania firmy Wolf. Dzi\u0119ki niej mo\u017cesz poda\u0107 wszystko w odpowiedniej temperaturze, niezale\u017cnie od tego, jak p\u00f3\u017ano przyjd\u0105 go\u015bcie lub cz\u0142onkowie rodziny. Je\u015bli masz basen, mo\u017cna j\u0105 wykorzysta\u0107 do podgrzewania r\u0119cznik\u00f3w oraz szlafrok\u00f3w, dop\u00f3ki nie wyjdziesz z wody.<\/p>    <\/div>\n<\/div>\n<!-- \/module text -->        <\/div>\n                        <\/div>\n        <\/div>\n                        <div  data-lazy=\"1\" class=\"module_row themify_builder_row tb_y10973 tf_w\">\n                        <div class=\"row_inner col_align_top tb_col_count_1 tf_box tf_rel\">\n                        <div  data-lazy=\"1\" class=\"module_column tb-column col-full tb_i7sm73 first\">\n                    <!-- advanced-products module -->\n<div  class=\"module woocommerce module-advanced-products tb_t2l7245  themify_builder_content-t2l7245\" data-lazy=\"1\">\n\t\t\t<ul class=\"builder-posts-wrap loops-wrapper tbp_posts_wrap products grid4 classic tf_clear tf_clearfix\" data-lazy=\"1\">\n\t\t\n\t\t\n\t\t\t\t\t\t\t\t\t\t\t\t\t\t\t\t\t\t\t\t\t\t\t<li id=\"post-744\" class=\"post tf_clearfix has-post-title has-post-date has-post-category has-post-tag has-post-comment has-post-author product type-product post-744 status-publish first instock product_cat-gotowanie product_cat-0utdoor product_cat-szuflady-outdoor product_cat-szuflady product_cat-wolf has-post-thumbnail shipping-taxable product-type-simple\">\n\n\t\t\t\t\t\t\t    <div class=\"tbp_advanced_archive_wrap\">\n\t                <div  data-lazy=\"1\" class=\"module_row themify_builder_row tb_h63b244 tf_w\">\n                        <div class=\"row_inner col_align_top tb_col_count_1 tf_box tf_rel\">\n                        <div  data-lazy=\"1\" class=\"module_column tb-column col-full tb_2hil856 first\">\n                    <!-- Product Image module -->\n<div  class=\"module module-product-image tb_a5ay857   thumb-img-bottom tbp_disable_wc_zoom\" data-lazy=\"1\">\n\t<figure class=\"product-image\">\n\t\t\t\t<a  href=\"https:\/\/www.subzerowolf.cz\/pl\/produkt\/szuflada-do-podgrzewania-76cm-icbwwd30o\/\">\n\t\t\t\t<img loading=\"lazy\" decoding=\"async\" src=\"https:\/\/www.subzerowolf.cz\/wp-content\/uploads\/2023\/09\/Wolf_Product_ICBWWD30O_00-1024x1024-200x200.jpg\" width=\"200\" height=\"200\" class=\"wp-post-image wp-image-1603\" title=\"Wolf_Product_ICBWWD30O_00\" alt=\"Wolf_Product_ICBWWD30O_00\" srcset=\"https:\/\/www.subzerowolf.cz\/wp-content\/uploads\/2023\/09\/Wolf_Product_ICBWWD30O_00-1024x1024-200x200.jpg 200w, https:\/\/www.subzerowolf.cz\/wp-content\/uploads\/2023\/09\/Wolf_Product_ICBWWD30O_00-300x300.jpg 300w, https:\/\/www.subzerowolf.cz\/wp-content\/uploads\/2023\/09\/Wolf_Product_ICBWWD30O_00-1024x1024.jpg 1024w, https:\/\/www.subzerowolf.cz\/wp-content\/uploads\/2023\/09\/Wolf_Product_ICBWWD30O_00-150x150.jpg 150w, https:\/\/www.subzerowolf.cz\/wp-content\/uploads\/2023\/09\/Wolf_Product_ICBWWD30O_00-768x768.jpg 768w, https:\/\/www.subzerowolf.cz\/wp-content\/uploads\/2023\/09\/Wolf_Product_ICBWWD30O_00-1024x1024-600x600.jpg 600w, https:\/\/www.subzerowolf.cz\/wp-content\/uploads\/2023\/09\/Wolf_Product_ICBWWD30O_00-100x100.jpg 100w, https:\/\/www.subzerowolf.cz\/wp-content\/uploads\/2023\/09\/Wolf_Product_ICBWWD30O_00.jpg 1280w, https:\/\/www.subzerowolf.cz\/wp-content\/uploads\/2023\/09\/Wolf_Product_ICBWWD30O_00-1024x1024-47x48.jpg 47w\" sizes=\"auto, (max-width: 200px) 100vw, 200px\" \/>\t\t\t\t\t\t<\/a>\n\t<\/figure>\n<\/div>\n<!-- \/Product Image module -->\n<!-- module plain text -->\n<div  class=\"module module-plain-text tb_zbkb857 subzero-wolf-product-number\" data-lazy=\"1\">\n        <div class=\"tb_text_wrap\">\n    ICBWWD30\/O    <\/div>\n<\/div>\n<!-- \/module plain text --><!-- Product Title module -->\n<div  class=\"module module-product-title tb_riai857 \" data-lazy=\"1\">\n\t<h2 class=\"tbp_title\">\n\t<a  href=\"https:\/\/www.subzerowolf.cz\/pl\/produkt\/szuflada-do-podgrzewania-76cm-icbwwd30o\/\">\n\t\tSzuflada do podgrzewania 76 cm\t\t<\/a>\n<\/h2><\/div>\n<!-- \/Product Title module -->        <\/div>\n                        <\/div>\n        <\/div>\n            <\/div>\n\n\t\t\t\t\t\t\t<\/li>\n\n\t\t\t\t\t\t\t\t\t\t\t\n\t\t\t\t\n\t\t<\/ul>\n\t\t\t<!-- \/advanced-products module -->\n<\/div>\n        <\/div>\n                        <\/div>\n        <\/div>\n                        <div  data-lazy=\"1\" class=\"module_row themify_builder_row tb_xtc4249 tf_w\">\n            <style class=\"tbp_dc_styles\">.themify_builder.themify_builder_content-2148 .module_row.tb_xtc4249{background-image: none}<\/style><span class=\"builder_row_cover tf_abs\"><\/span>            <div class=\"row_inner col_align_middle tb_col_count_2 tf_box tf_rel\">\n                        <div  data-lazy=\"1\" class=\"module_column tb-column col4-2 tb_db0h249 first\">\n                    <!-- module text -->\n<div  class=\"module module-text tb_hf5i249  repeat \" data-lazy=\"1\">\n        <div  class=\"tb_text_wrap\">\n        <h2>Zam\u00f3w darmow\u0105 broszur\u0119<\/h2>    <\/div>\n<\/div>\n<!-- \/module text --><!-- module text -->\n<div  class=\"module module-text tb_4dng249   \" data-lazy=\"1\">\n        <div  class=\"tb_text_wrap\">\n        <p>Chcesz pozna\u0107 wszystkie produkty Sub-Zero i Wolf?<br>A mo\u017ce odkry\u0107 inspiracj\u0119 dla swojego nowego wn\u0119trza?<\/p>\n<p>Wype\u0142nij formularz i zam\u00f3w nasz katalog.<\/p>    <\/div>\n<\/div>\n<!-- \/module text -->        <\/div>\n                    <div  data-lazy=\"1\" class=\"module_column tb-column col4-2 tb_e0p3249 last\">\n                    <!-- module plain text -->\n<div  class=\"module module-plain-text tb_imud249 \" data-lazy=\"1\">\n        <div class=\"tb_text_wrap\">\n    <div class=\"wpforms-container wpforms-container-full subzero-wolf-form wpforms-render-modern\" id=\"wpforms-262\"><form id=\"wpforms-form-262\" class=\"wpforms-validate wpforms-form wpforms-ajax-form\" data-formid=\"262\" method=\"post\" enctype=\"multipart\/form-data\" action=\"\/pl\/wp-json\/wp\/v2\/pages\/2148\" data-token=\"34e7681340c28d8c1e77b9ffc80aabcd\" data-token-time=\"1776625303\"><noscript class=\"wpforms-error-noscript\">Aby wype\u0142ni\u0107 ten formularz, w\u0142\u0105cz obs\u0142ug\u0119 JavaScript w przegl\u0105darce.<\/noscript><div class=\"wpforms-hidden\" id=\"wpforms-error-noscript\">Aby wype\u0142ni\u0107 ten formularz, w\u0142\u0105cz obs\u0142ug\u0119 JavaScript w przegl\u0105darce.<\/div><div class=\"wpforms-field-container\"><div id=\"wpforms-262-field_1-container\" class=\"wpforms-field wpforms-field-text\" data-field-id=\"1\"><label class=\"wpforms-field-label wpforms-label-hide\" for=\"wpforms-262-field_1\" aria-hidden=\"false\">Jm\u00e9no a p\u0159\u00edjmen\u00ed <span class=\"wpforms-required-label\" aria-hidden=\"true\">*<\/span><\/label><input type=\"text\" id=\"wpforms-262-field_1\" class=\"wpforms-field-large wpforms-field-required\" name=\"wpforms[fields][1]\" placeholder=\"Jm\u00e9no a p\u0159\u00edjmen\u00ed\" aria-errormessage=\"wpforms-262-field_1-error\" required><\/div><div id=\"wpforms-262-field_2-container\" class=\"wpforms-field wpforms-field-email\" data-field-id=\"2\"><label class=\"wpforms-field-label wpforms-label-hide\" for=\"wpforms-262-field_2\" aria-hidden=\"false\">E-mail <span class=\"wpforms-required-label\" aria-hidden=\"true\">*<\/span><\/label><input type=\"email\" id=\"wpforms-262-field_2\" class=\"wpforms-field-large wpforms-field-required\" name=\"wpforms[fields][2]\" placeholder=\"E-mail\" spellcheck=\"false\" aria-errormessage=\"wpforms-262-field_2-error\" required><\/div><div id=\"wpforms-262-field_3-container\" class=\"wpforms-field wpforms-field-phone\" data-field-id=\"3\"><label class=\"wpforms-field-label wpforms-label-hide\" for=\"wpforms-262-field_3\" aria-hidden=\"false\">Telefonn\u00ed \u010d\u00edslo<\/label><input type=\"tel\" id=\"wpforms-262-field_3\" class=\"wpforms-field-large wpforms-smart-phone-field\" data-rule-smart-phone-field=\"true\" name=\"wpforms[fields][3]\" placeholder=\"Telefonn\u00ed \u010d\u00edslo\" aria-label=\"Telefonn\u00ed \u010d\u00edslo\" aria-errormessage=\"wpforms-262-field_3-error\" ><\/div><div id=\"wpforms-262-field_4-container\" class=\"wpforms-field wpforms-field-hidden\" data-field-id=\"4\"><input type=\"hidden\" id=\"wpforms-262-field_4\" name=\"wpforms[fields][4]\" value=\"WWW: \"><\/div><\/div><!-- .wpforms-field-container --><div class=\"wpforms-submit-container\" ><input type=\"hidden\" name=\"wpforms[id]\" value=\"262\"><input type=\"hidden\" name=\"page_title\" value=\"\"><input type=\"hidden\" name=\"page_url\" value=\"https:\/\/www.subzerowolf.cz\/pl\/wp-json\/wp\/v2\/pages\/2148\"><button type=\"submit\" name=\"wpforms[submit]\" id=\"wpforms-submit-262\" class=\"wpforms-submit subzero-wolf-form-button\" data-alt-text=\"Odes\u00edl\u00e1n\u00ed...\" data-submit-text=\"Objednat\" aria-live=\"assertive\" value=\"wpforms-submit\">Objednat<\/button><img loading=\"lazy\" decoding=\"async\" src=\"https:\/\/www.subzerowolf.cz\/wp-content\/plugins\/wpforms\/assets\/images\/submit-spin.svg\" class=\"wpforms-submit-spinner\" style=\"display: none;\" width=\"26\" height=\"26\" alt=\"Wczytywanie\"><\/div><\/form><\/div>  <!-- .wpforms-container -->    <\/div>\n<\/div>\n<!-- \/module plain text -->        <\/div>\n                        <\/div>\n        <\/div>\n        <\/div>\n<!--\/themify_builder_content-->","protected":false},"excerpt":{"rendered":"<p>Szuflady Wszystko smakuje lepiej na \u015bwie\u017cym powietrzu. Grillowanie na \u015bwie\u017cym powietrzu wi\u0105\u017ce si\u0119 jednak z pewnymi wyzwaniami. Jak utrzyma\u0107 ciep\u0142o pierwszej porcji stek\u00f3w lub burger\u00f3w dla go\u015bci, gdy czas na drug\u0105? Bardzo proste: zewn\u0119trzna szuflada do podgrzewania firmy Wolf. Dzi\u0119ki niej mo\u017cesz poda\u0107 wszystko w odpowiedniej temperaturze, niezale\u017cnie od tego, jak p\u00f3\u017ano przyjd\u0105 go\u015bcie lub [&hellip;]<\/p>\n","protected":false},"author":2,"featured_media":0,"parent":913,"menu_order":0,"comment_status":"closed","ping_status":"closed","template":"","meta":{"_acf_changed":false,"inline_featured_image":false,"footnotes":""},"class_list":["post-2148","page","type-page","status-publish","hentry","has-post-title","has-post-date","has-post-category","has-post-tag","has-post-comment","has-post-author",""],"acf":[],"builder_content":"<h1>Szuflady<\/h1>\n\n[embed]http:\/\/www.subzerowolf.cz\/wp-content\/uploads\/2023\/10\/SZ_MARCH24_v1-1.mp4[\/embed]\n<p>Wszystko smakuje lepiej na \u015bwie\u017cym powietrzu. Grillowanie na \u015bwie\u017cym powietrzu wi\u0105\u017ce si\u0119 jednak z pewnymi wyzwaniami. Jak utrzyma\u0107 ciep\u0142o pierwszej porcji stek\u00f3w lub burger\u00f3w dla go\u015bci, gdy czas na drug\u0105? Bardzo proste: zewn\u0119trzna szuflada do podgrzewania firmy Wolf. Dzi\u0119ki niej mo\u017cesz poda\u0107 wszystko w odpowiedniej temperaturze, niezale\u017cnie od tego, jak p\u00f3\u017ano przyjd\u0105 go\u015bcie lub cz\u0142onkowie rodziny. Je\u015bli masz basen, mo\u017cna j\u0105 wykorzysta\u0107 do podgrzewania r\u0119cznik\u00f3w oraz szlafrok\u00f3w, dop\u00f3ki nie wyjdziesz z wody.<\/p>\n<h2>Zam\u00f3w darmow\u0105 broszur\u0119<\/h2>\n<p>Chcesz pozna\u0107 wszystkie produkty Sub-Zero i Wolf?<br>A mo\u017ce odkry\u0107 inspiracj\u0119 dla swojego nowego wn\u0119trza?<\/p> <p>Wype\u0142nij formularz i zam\u00f3w nasz katalog.<\/p>\n[wpforms id=\"262\" title=\"false\"]","_links":{"self":[{"href":"https:\/\/www.subzerowolf.cz\/pl\/wp-json\/wp\/v2\/pages\/2148","targetHints":{"allow":["GET"]}}],"collection":[{"href":"https:\/\/www.subzerowolf.cz\/pl\/wp-json\/wp\/v2\/pages"}],"about":[{"href":"https:\/\/www.subzerowolf.cz\/pl\/wp-json\/wp\/v2\/types\/page"}],"author":[{"embeddable":true,"href":"https:\/\/www.subzerowolf.cz\/pl\/wp-json\/wp\/v2\/users\/2"}],"replies":[{"embeddable":true,"href":"https:\/\/www.subzerowolf.cz\/pl\/wp-json\/wp\/v2\/comments?post=2148"}],"version-history":[{"count":7,"href":"https:\/\/www.subzerowolf.cz\/pl\/wp-json\/wp\/v2\/pages\/2148\/revisions"}],"predecessor-version":[{"id":2783,"href":"https:\/\/www.subzerowolf.cz\/pl\/wp-json\/wp\/v2\/pages\/2148\/revisions\/2783"}],"up":[{"embeddable":true,"href":"https:\/\/www.subzerowolf.cz\/pl\/wp-json\/wp\/v2\/pages\/913"}],"wp:attachment":[{"href":"https:\/\/www.subzerowolf.cz\/pl\/wp-json\/wp\/v2\/media?parent=2148"}],"curies":[{"name":"wp","href":"https:\/\/api.w.org\/{rel}","templated":true}]}}