{"id":48,"date":"2023-05-30T09:15:14","date_gmt":"2023-05-30T07:15:14","guid":{"rendered":"https:\/\/www.subzerowolf.cz\/?page_id=48"},"modified":"2023-12-04T20:05:23","modified_gmt":"2023-12-04T19:05:23","slug":"serwis-i-wsparcie","status":"publish","type":"page","link":"https:\/\/www.subzerowolf.cz\/pl\/serwis-i-wsparcie\/","title":{"rendered":"Serwis i wsparcie"},"content":{"rendered":"<!--themify_builder_content-->\n<div id=\"themify_builder_content-48\" data-postid=\"48\" class=\"themify_builder_content themify_builder_content-48 themify_builder tf_clear\">\n                    <div  data-lazy=\"1\" class=\"module_row themify_builder_row tb_5agc410 tb_first tf_w hide-mobile\">\n            <span class=\"builder_row_cover tf_abs\"><\/span>            <div class=\"row_inner col_align_top tb_col_count_1 tf_box tf_rel\">\n                        <div  data-lazy=\"1\" class=\"module_column tb-column col-full tb_x3zu410 first\">\n                            <\/div>\n                        <\/div>\n        <\/div>\n                        <div  data-lazy=\"1\" class=\"module_row themify_builder_row tb_zxnf283 tf_w hide-desktop hide-tablet hide-tablet_landscape\">\n            <span class=\"builder_row_cover tf_abs\"><\/span>            <div class=\"row_inner col_align_top tb_col_count_1 tf_box tf_rel\">\n                        <div  data-lazy=\"1\" class=\"module_column tb-column col-full tb_xojs283 first\">\n                            <\/div>\n                        <\/div>\n        <\/div>\n                        <div  data-lazy=\"1\" class=\"module_row themify_builder_row tb_vdl2154 tf_w\">\n            <span class=\"builder_row_cover tf_abs\"><\/span>            <div class=\"row_inner col_align_top tb_col_count_1 tf_box tf_rel\">\n                        <div  data-lazy=\"1\" class=\"module_column tb-column col-full tb_zzaz154 first\">\n                    <!-- module text -->\n<div  class=\"module module-text tb_kcsu154   \" data-lazy=\"1\">\n        <div  class=\"tb_text_wrap\">\n        <h1>Serwis i wsparcie<\/h1>    <\/div>\n<\/div>\n<!-- \/module text --><!-- module divider -->\n<div  class=\"module tf_mw module-divider tb_b75l154 solid  divider-custom divider-center\" style=\"border-width: 1px;border-color: #ccc;margin-bottom: 0px;max-width: 150px;\" data-lazy=\"1\">\n    <\/div>\n<!-- \/module divider -->\n<!-- module text -->\n<div  class=\"module module-text tb_xsan154   \" data-lazy=\"1\">\n        <div  class=\"tb_text_wrap\">\n        <p>Sub\u2013Zero to nie tylko sprz\u0119t najwy\u017cszej jako\u015bci, to tak\u017ce spersonalizowany serwis i obs\u0142uga. Staramy si\u0119 sprosta\u0107 wszystkim oczekiwaniom naszych klient\u00f3w, jeste\u015bmy do Waszej dyspozycji.<\/p>    <\/div>\n<\/div>\n<!-- \/module text -->        <\/div>\n                        <\/div>\n        <\/div>\n                        <div  data-lazy=\"1\" class=\"module_row themify_builder_row tb_rt0g855 tf_w\">\n                        <div class=\"row_inner col_align_middle tb_col_count_2 tf_box tf_rel\">\n                        <div  data-lazy=\"1\" class=\"module_column tb-column col4-2 tb_1ur6855 first\">\n                    <!-- module image -->\n<div  class=\"module module-image tb_wz7f855 image-top  subzero-wolf-section-image auto_fullwidth tf_mw\" data-lazy=\"1\">\n        <div class=\"image-wrap tf_rel tf_mw\">\n            <img loading=\"lazy\" decoding=\"async\" src=\"http:\/\/www.subzerowolf.cz\/wp-content\/uploads\/2023\/09\/Sub-Zero_Serwis-wsparcie.jpg\" width=\"1080\" height=\"1080\" title=\"Serwis i wsparcie\" alt=\"Serwis i wsparcie\">    \n        <\/div>\n    <!-- \/image-wrap -->\n    \n        <\/div>\n<!-- \/module image -->        <\/div>\n                    <div  data-lazy=\"1\" class=\"module_column tb-column col4-2 tb_eo0q855 last\">\n                    <!-- module text -->\n<div  class=\"module module-text tb_x72o855   \" data-lazy=\"1\">\n        <div  class=\"tb_text_wrap\">\n        <h2>Skontaktuj si\u0119 znami<\/h2>    <\/div>\n<\/div>\n<!-- \/module text --><!-- module icon -->\n<div  class=\"module module-icon tb_rhfm399  normal none icon_vertical tf_textl\" data-lazy=\"1\">\n            <div class=\"module-icon-item\">\n                            <a href=\"https:\/\/goo.gl\/maps\/7pcYyaBGZZUV9gUTA\" rel=\"noopener\" target=\"_blank\">\n                                                                    <img loading=\"lazy\" decoding=\"async\" src=\"http:\/\/www.subzerowolf.cz\/wp-content\/uploads\/2023\/05\/Sub-Zero-Wolf_Icon_Location.svg\" width=\"24\" height=\"23\" class=\"tf_box\" title=\"Jara 4\/1, 02-988 Warszawa\" alt=\"Jara 4\/1, 02-988 Warszawa\">                                                                            <span>Jara 4\/1, 02-988 Warszawa<\/span>\n                                                                    <\/a>\n                    <\/div>\n            <div class=\"module-icon-item\">\n                            <a href=\"tel:+48602740353\">\n                                                                    <img loading=\"lazy\" decoding=\"async\" src=\"http:\/\/www.subzerowolf.cz\/wp-content\/uploads\/2023\/05\/Sub-Zero-Wolf_Icon_Phone.svg\" width=\"24\" height=\"23\" class=\"tf_box\" title=\"+48 602 740 353\" alt=\"+48 602 740 353\">                                                                            <span>+48 602 740 353<\/span>\n                                                                    <\/a>\n                    <\/div>\n            <div class=\"module-icon-item\">\n                            <a href=\"mailto:kontakt@subzerowolf.cz\">\n                                                                    <img loading=\"lazy\" decoding=\"async\" src=\"http:\/\/www.subzerowolf.cz\/wp-content\/uploads\/2023\/05\/Sub-Zero-Wolf_Icon_Message.svg\" width=\"24\" height=\"21\" class=\"tf_box\" title=\"kontakt@subzerowolf.cz\" alt=\"kontakt@subzerowolf.cz\">                                                                            <span>kontakt@subzerowolf.cz<\/span>\n                                                                    <\/a>\n                    <\/div>\n    <\/div>\n<!-- \/module icon -->\n        <\/div>\n                        <\/div>\n        <\/div>\n        <\/div>\n<!--\/themify_builder_content-->","protected":false},"excerpt":{"rendered":"<p>Serwis i wsparcie Sub\u2013Zero to nie tylko sprz\u0119t najwy\u017cszej jako\u015bci, to tak\u017ce spersonalizowany serwis i obs\u0142uga. Staramy si\u0119 sprosta\u0107 wszystkim oczekiwaniom naszych klient\u00f3w, jeste\u015bmy do Waszej dyspozycji. Skontaktuj si\u0119 znami Jara 4\/1, 02-988 Warszawa +48 602 740 353 kontakt@subzerowolf.cz<\/p>\n","protected":false},"author":2,"featured_media":0,"parent":0,"menu_order":0,"comment_status":"closed","ping_status":"closed","template":"","meta":{"_acf_changed":false,"inline_featured_image":false,"footnotes":""},"class_list":["post-48","page","type-page","status-publish","hentry","has-post-title","has-post-date","has-post-category","has-post-tag","has-post-comment","has-post-author",""],"acf":[],"builder_content":"<h1>Serwis i wsparcie<\/h1>\n\n<p>Sub\u2013Zero to nie tylko sprz\u0119t najwy\u017cszej jako\u015bci, to tak\u017ce spersonalizowany serwis i obs\u0142uga. Staramy si\u0119 sprosta\u0107 wszystkim oczekiwaniom naszych klient\u00f3w, jeste\u015bmy do Waszej dyspozycji.<\/p>\n<img src=\"http:\/\/www.subzerowolf.cz\/wp-content\/uploads\/2023\/09\/Sub-Zero_Serwis-wsparcie.jpg\" width=\"1080\" height=\"1080\" title=\"Serwis i wsparcie\" alt=\"Serwis i wsparcie\">\n<h2>Skontaktuj si\u0119 znami<\/h2>\n<a href=\"https:\/\/goo.gl\/maps\/7pcYyaBGZZUV9gUTA\" rel=\"noopener\" target=\"_blank\"> <img src=\"http:\/\/www.subzerowolf.cz\/wp-content\/uploads\/2023\/05\/Sub-Zero-Wolf_Icon_Location.svg\" width=\"24\" height=\"23\" title=\"Jara 4\/1, 02-988 Warszawa\" alt=\"Jara 4\/1, 02-988 Warszawa\"> Jara 4\/1, 02-988 Warszawa <\/a> <a href=\"tel:+48602740353\"> <img src=\"http:\/\/www.subzerowolf.cz\/wp-content\/uploads\/2023\/05\/Sub-Zero-Wolf_Icon_Phone.svg\" width=\"24\" height=\"23\" title=\"+48 602 740 353\" alt=\"+48 602 740 353\"> +48 602 740 353 <\/a> <a href=\"mailto:kontakt@subzerowolf.cz\"> <img src=\"http:\/\/www.subzerowolf.cz\/wp-content\/uploads\/2023\/05\/Sub-Zero-Wolf_Icon_Message.svg\" width=\"24\" height=\"21\" title=\"kontakt@subzerowolf.cz\" alt=\"kontakt@subzerowolf.cz\"> kontakt@subzerowolf.cz <\/a>","_links":{"self":[{"href":"https:\/\/www.subzerowolf.cz\/pl\/wp-json\/wp\/v2\/pages\/48","targetHints":{"allow":["GET"]}}],"collection":[{"href":"https:\/\/www.subzerowolf.cz\/pl\/wp-json\/wp\/v2\/pages"}],"about":[{"href":"https:\/\/www.subzerowolf.cz\/pl\/wp-json\/wp\/v2\/types\/page"}],"author":[{"embeddable":true,"href":"https:\/\/www.subzerowolf.cz\/pl\/wp-json\/wp\/v2\/users\/2"}],"replies":[{"embeddable":true,"href":"https:\/\/www.subzerowolf.cz\/pl\/wp-json\/wp\/v2\/comments?post=48"}],"version-history":[{"count":32,"href":"https:\/\/www.subzerowolf.cz\/pl\/wp-json\/wp\/v2\/pages\/48\/revisions"}],"predecessor-version":[{"id":2764,"href":"https:\/\/www.subzerowolf.cz\/pl\/wp-json\/wp\/v2\/pages\/48\/revisions\/2764"}],"wp:attachment":[{"href":"https:\/\/www.subzerowolf.cz\/pl\/wp-json\/wp\/v2\/media?parent=48"}],"curies":[{"name":"wp","href":"https:\/\/api.w.org\/{rel}","templated":true}]}}