{"id":2055,"date":"2023-08-08T10:01:54","date_gmt":"2023-08-08T08:01:54","guid":{"rendered":"https:\/\/www.subzerowolf.cz\/?post_type=product&#038;p=2055"},"modified":"2024-03-12T10:47:47","modified_gmt":"2024-03-12T09:47:47","slug":"piekarnik-parowo-konwekcyjny-seria-e-contemporary-60-cm","status":"publish","type":"product","link":"https:\/\/www.subzerowolf.cz\/pl\/produkt\/piekarnik-parowo-konwekcyjny-seria-e-contemporary-60-cm\/","title":{"rendered":"Piekarnik parowo-konwekcyjny &#8211; Seria E &#8211; Contemporary &#8211; 60 cm"},"content":{"rendered":"<ul>\n<li>Elegancka, nowoczesna estetyka doskonale komponuje si\u0119 z pozosta\u0142ymi produktami do gotowania Wolf, a tak\u017ce pe\u0142nym zestawem podobnie stylizowanych urz\u0105dze\u0144 Sub-Zero<\/li>\n<li>Nowa, nowoczesna stylistyka<\/li>\n<li>Pe\u0142nokolorowy ekran dotykowy upraszcza obs\u0142ug\u0119 i dodaje wyrafinowania wzornictwu. \u0141atwe dostosowywanie interfejsu u\u017cytkownika za pomoc\u0105 opcji przeci\u0105gania i upuszczania kafelk\u00f3w<\/li>\n<li>Mo\u017cliwo\u015b\u0107 zapisania do 50 spersonalizowanych ustawie\u0144 ulubionych przepis\u00f3w<\/li>\n<li>13 tryb\u00f3w gotowania<\/li>\n<li>1750-watowy zag\u0142\u0119biony element do sma\u017cenia<\/li>\n<li>Model 60 cm oferuje du\u017c\u0105, 47-litrow\u0105 komor\u0119 piekarnika<\/li>\n<li>System konwekcyjny o mocy 1889 W zapewnia r\u00f3wnomierne, wielopoziomowe pieczenie i sp\u00f3jne wyniki<\/li>\n<li>Trzy pozycje p\u00f3\u0142ek z pe\u0142nym wysuwem i jedna pozycja standardowa<\/li>\n<li>Du\u017cy zbiornik na wod\u0119<\/li>\n<li>Sonda temperatury ostrzega, gdy potrawa osi\u0105gnie \u017c\u0105dan\u0105 temperatur\u0119<\/li>\n<li>Doskonal swoje umiej\u0119tno\u015bci dzi\u0119ki przewodnikowi Mastering the Convection Steam Oven<\/li>\n<li>Wolf oferuje wiod\u0105c\u0105 na rynku 5-letni\u0105 gwarancj\u0119<\/li>\n<\/ul>\n","protected":false},"excerpt":{"rendered":"<p class=\"p1\">To mo\u017ce by\u0107 najbardziej wszechstronny piekarnik na \u015bwiecie. Konwekcyjny piekarnik parowy w pojedynk\u0119 u\u0142atwi przygotowywanie posi\u0142k\u00f3w. Zapewnia moc pary i ciep\u0142a konwekcyjnego na wyci\u0105gni\u0119cie r\u0119ki, z szerok\u0105 gam\u0105 tryb\u00f3w pieczenia, kt\u00f3re pomog\u0105 Ci stworzy\u0107 dowolne danie &#8211; kruche, z\u0142ociste ciasta, zapiekanki, lub delikatne steki gotowane sous vide. Ro\u017cne formy instalacji oraz designu daje szerokie spektrum wyboru, a nowe udoskonalenia estetyczne zapewniaj\u0105 sp\u00f3jny wygl\u0105d z pozosta\u0142ymi piekarnikami Wolf.<\/p>\n","protected":false},"featured_media":2365,"comment_status":"closed","ping_status":"closed","template":"","meta":{"_acf_changed":false,"inline_featured_image":false},"product_cat":[30,34,31],"product_tag":[],"class_list":{"0":"post-2055","1":"product","2":"type-product","3":"status-publish","4":"has-post-thumbnail","6":"product_cat-gotowanie","7":"product_cat-piekarniki-konwekcyjno-parowe","8":"product_cat-wolf","9":"has-post-title","10":"has-post-date","11":"has-post-category","12":"has-post-tag","13":"has-post-comment","14":"has-post-author","15":"","17":"first","18":"instock","19":"shipping-taxable","20":"product-type-simple"},"acf":[],"builder_content":"","_links":{"self":[{"href":"https:\/\/www.subzerowolf.cz\/pl\/wp-json\/wp\/v2\/product\/2055","targetHints":{"allow":["GET"]}}],"collection":[{"href":"https:\/\/www.subzerowolf.cz\/pl\/wp-json\/wp\/v2\/product"}],"about":[{"href":"https:\/\/www.subzerowolf.cz\/pl\/wp-json\/wp\/v2\/types\/product"}],"replies":[{"embeddable":true,"href":"https:\/\/www.subzerowolf.cz\/pl\/wp-json\/wp\/v2\/comments?post=2055"}],"wp:featuredmedia":[{"embeddable":true,"href":"https:\/\/www.subzerowolf.cz\/pl\/wp-json\/wp\/v2\/media\/2365"}],"wp:attachment":[{"href":"https:\/\/www.subzerowolf.cz\/pl\/wp-json\/wp\/v2\/media?parent=2055"}],"wp:term":[{"taxonomy":"product_cat","embeddable":true,"href":"https:\/\/www.subzerowolf.cz\/pl\/wp-json\/wp\/v2\/product_cat?post=2055"},{"taxonomy":"product_tag","embeddable":true,"href":"https:\/\/www.subzerowolf.cz\/pl\/wp-json\/wp\/v2\/product_tag?post=2055"}],"curies":[{"name":"wp","href":"https:\/\/api.w.org\/{rel}","templated":true}]}}