{"id":2077,"date":"2023-08-17T10:01:04","date_gmt":"2023-08-17T08:01:04","guid":{"rendered":"https:\/\/www.subzerowolf.cz\/?post_type=product&#038;p=2077"},"modified":"2024-03-12T09:11:39","modified_gmt":"2024-03-12T08:11:39","slug":"grill-gazowy-76cm-icbog30","status":"publish","type":"product","link":"https:\/\/www.subzerowolf.cz\/pl\/produkt\/grill-gazowy-76cm-icbog30\/","title":{"rendered":"Grill gazowy 76 cm"},"content":{"rendered":"<ul>\n<li>Dwa indywidualnie sterowane palniki gazowe o mocy 8kW ka\u017cdy<\/li>\n<li>Dodatkowy palnik gazowy dla obrotowego ro\u017cna o mocy 4,2kW<\/li>\n<li>Mo\u017cliwo\u015b\u0107 pod\u0142\u0105czenia do gazu naturalnego z sieci b\u0105d\u017a do butli z gazem LPG<\/li>\n<li>Dwupozycyjny ro\u017cen obs\u0142uguje du\u017ce i ma\u0142e potrawy<\/li>\n<li>Wykorzystuje ciep\u0142o bezpo\u015brednie i promieniuj\u0105ce do dok\u0142adniejszego grillowania<\/li>\n<li>Wytrzyma\u0142a konstrukcja ze stali szlachetnej<\/li>\n<li>System wspomagania otwierania\/zamykania pokrywy grilla<\/li>\n<li>Mocne \u015bwiat\u0142a halogenowe o\u015bwietlaj\u0105 powierzchni\u0119 grillowania, a pokr\u0119t\u0142a steruj\u0105ce s\u0105 pod\u015bwietlone diodami LED \u2013 idealne do grillowania w nocy.<\/li>\n<li>Mo\u017cliwo\u015b\u0107 zabudowania grilla w kuchni zewn\u0119trznej<\/li>\n<li>Opcjonalny stalowy w\u00f3zek dla grilla<\/li>\n<li>Wolf oferuje wiod\u0105c\u0105 w bran\u017cy pi\u0119cioletni\u0105 gwarancj\u0119<\/li>\n<\/ul>\n","protected":false},"excerpt":{"rendered":"<p class=\"p1\">Dzielenie si\u0119 posi\u0142kiem na \u015bwie\u017cym powietrzu z rodzin\u0105 i przyjaci\u00f3\u0142mi to jedna z najwi\u0119kszych przyjemno\u015bci w \u017cyciu. Wolf Outdoor Grill zapewnia mistrzowsk\u0105 kontrol\u0119, wykorzystuj\u0105c zar\u00f3wno bezpo\u015brednie, jak i promieniuj\u0105ce ciep\u0142o, aby osi\u0105gn\u0105\u0107 odpowiedni zakres temperatur i r\u00f3wnomiernie rozprowadzi\u0107 ciep\u0142o, kt\u00f3re jest kluczem do idealnego grillowania. Zamkni\u0119ta komora do w\u0119dzenia mo\u017ce wzmocni\u0107 dymny smak grillowanych potraw. Dodaj akcesorium p\u0142yty teppanyaki do grillowania delikatniejszych produkt\u00f3w, takich jak warzywa i ryby.<\/p>\n<p class=\"p1\">Aby zapewni\u0107 wygodny dost\u0119p do \u015bwie\u017cej \u017cywno\u015bci, zimnych napoj\u00f3w i innych potrzebnych produkt\u00f3w, wybierz szufladow\u0105 ch\u0142odziark\u0119 Sub-Zero z linii Outdoor.<\/p>\n","protected":false},"featured_media":2084,"comment_status":"closed","ping_status":"closed","template":"","meta":{"_acf_changed":false,"inline_featured_image":false},"product_cat":[44,43],"product_tag":[],"class_list":{"0":"post-2077","1":"product","2":"type-product","3":"status-publish","4":"has-post-thumbnail","6":"product_cat-grille-gazowe","7":"product_cat-0utdoor","8":"has-post-title","9":"has-post-date","10":"has-post-category","11":"has-post-tag","12":"has-post-comment","13":"has-post-author","14":"","16":"first","17":"instock","18":"shipping-taxable","19":"product-type-simple"},"acf":[],"builder_content":"","_links":{"self":[{"href":"https:\/\/www.subzerowolf.cz\/pl\/wp-json\/wp\/v2\/product\/2077","targetHints":{"allow":["GET"]}}],"collection":[{"href":"https:\/\/www.subzerowolf.cz\/pl\/wp-json\/wp\/v2\/product"}],"about":[{"href":"https:\/\/www.subzerowolf.cz\/pl\/wp-json\/wp\/v2\/types\/product"}],"replies":[{"embeddable":true,"href":"https:\/\/www.subzerowolf.cz\/pl\/wp-json\/wp\/v2\/comments?post=2077"}],"wp:featuredmedia":[{"embeddable":true,"href":"https:\/\/www.subzerowolf.cz\/pl\/wp-json\/wp\/v2\/media\/2084"}],"wp:attachment":[{"href":"https:\/\/www.subzerowolf.cz\/pl\/wp-json\/wp\/v2\/media?parent=2077"}],"wp:term":[{"taxonomy":"product_cat","embeddable":true,"href":"https:\/\/www.subzerowolf.cz\/pl\/wp-json\/wp\/v2\/product_cat?post=2077"},{"taxonomy":"product_tag","embeddable":true,"href":"https:\/\/www.subzerowolf.cz\/pl\/wp-json\/wp\/v2\/product_tag?post=2077"}],"curies":[{"name":"wp","href":"https:\/\/api.w.org\/{rel}","templated":true}]}}