{"id":2110,"date":"2023-08-17T10:08:17","date_gmt":"2023-08-17T08:08:17","guid":{"rendered":"https:\/\/www.subzerowolf.cz\/?post_type=product&#038;p=2110"},"modified":"2024-03-12T09:05:32","modified_gmt":"2024-03-12T08:05:32","slug":"modul-palnika-icbbm13","status":"publish","type":"product","link":"https:\/\/www.subzerowolf.cz\/pl\/produkt\/modul-palnika-icbbm13\/","title":{"rendered":"Modu\u0142 palnika"},"content":{"rendered":"<ul>\n<li>Indywidualny palnik gazowy o mocy 7kW<\/li>\n<li>Mo\u017cliwo\u015b\u0107 pod\u0142\u0105czenia do gazu naturalnego z sieci b\u0105d\u017a do butli z gazem LPG<\/li>\n<li>Stalowe ruszty palnika<\/li>\n<li>Wytrzyma\u0142a konstrukcja ze stali szlachetnej<\/li>\n<li>Pokr\u0119t\u0142o steruj\u0105ce s\u0105 pod\u015bwietlone diodami LED \u2013 idealne do grillowania w nocy.<\/li>\n<li>Wolf oferuje wiod\u0105c\u0105 w bran\u017cy pi\u0119cioletni\u0105 gwarancj\u0119<\/li>\n<\/ul>\n","protected":false},"excerpt":{"rendered":"<p class=\"p1\">Wszystko smakuje lepiej na \u015bwie\u017cym powietrzu. Grillowanie wi\u0105\u017ce si\u0119 jednak z pewnymi wyzwaniami. Gdzie podgrza\u0107 sos barbecue lub ugotowa\u0107 dodatek, gdy grill zape\u0142niony jest stekami lub burgerami? Bardzo proste: modu\u0142 palnika Wolf 33 cm.<\/p>\n<p class=\"p1\">Zapewnia wystarczaj\u0105c\u0105 ilo\u015b\u0107 dodatkowej przestrzeni do grillowania na sosy, dodatki i podgrzewanie bu\u0142ek lub chleba, a przy tym ma du\u017c\u0105 moc, a moc palnika wynosi 7kW.<\/p>\n","protected":false},"featured_media":2393,"comment_status":"closed","ping_status":"closed","template":"","meta":{"_acf_changed":false,"inline_featured_image":false},"product_cat":[44,43],"product_tag":[],"class_list":{"0":"post-2110","1":"product","2":"type-product","3":"status-publish","4":"has-post-thumbnail","6":"product_cat-grille-gazowe","7":"product_cat-0utdoor","8":"has-post-title","9":"has-post-date","10":"has-post-category","11":"has-post-tag","12":"has-post-comment","13":"has-post-author","14":"","16":"first","17":"instock","18":"shipping-taxable","19":"product-type-simple"},"acf":[],"builder_content":"","_links":{"self":[{"href":"https:\/\/www.subzerowolf.cz\/pl\/wp-json\/wp\/v2\/product\/2110","targetHints":{"allow":["GET"]}}],"collection":[{"href":"https:\/\/www.subzerowolf.cz\/pl\/wp-json\/wp\/v2\/product"}],"about":[{"href":"https:\/\/www.subzerowolf.cz\/pl\/wp-json\/wp\/v2\/types\/product"}],"replies":[{"embeddable":true,"href":"https:\/\/www.subzerowolf.cz\/pl\/wp-json\/wp\/v2\/comments?post=2110"}],"wp:featuredmedia":[{"embeddable":true,"href":"https:\/\/www.subzerowolf.cz\/pl\/wp-json\/wp\/v2\/media\/2393"}],"wp:attachment":[{"href":"https:\/\/www.subzerowolf.cz\/pl\/wp-json\/wp\/v2\/media?parent=2110"}],"wp:term":[{"taxonomy":"product_cat","embeddable":true,"href":"https:\/\/www.subzerowolf.cz\/pl\/wp-json\/wp\/v2\/product_cat?post=2110"},{"taxonomy":"product_tag","embeddable":true,"href":"https:\/\/www.subzerowolf.cz\/pl\/wp-json\/wp\/v2\/product_tag?post=2110"}],"curies":[{"name":"wp","href":"https:\/\/api.w.org\/{rel}","templated":true}]}}