{"id":2127,"date":"2023-08-17T10:07:41","date_gmt":"2023-08-17T08:07:41","guid":{"rendered":"https:\/\/www.subzerowolf.cz\/?post_type=product&#038;p=2127"},"modified":"2024-03-12T09:06:25","modified_gmt":"2024-03-12T08:06:25","slug":"wozek-do-grilla-107-cm-cart42","status":"publish","type":"product","link":"https:\/\/www.subzerowolf.cz\/pl\/produkt\/wozek-do-grilla-107-cm-cart42\/","title":{"rendered":"W\u00f3zek do grilla 107 cm"},"content":{"rendered":"<ul>\n<li>Wytrzyma\u0142a konstrukcja ze stali szlachetnej<\/li>\n<li>Przestrze\u0144 w \u015brodku przygotowana na butl\u0119 gazow\u0105 LPG<\/li>\n<li>Dodatkowa przestrze\u0144 na akcesoria do gotowania<\/li>\n<li>Mo\u017cliwo\u015b\u0107 monta\u017cu dodatkowego palnika gazowego na w\u00f3zku<\/li>\n<li>Wolf oferuje wiod\u0105c\u0105 w bran\u017cy pi\u0119cioletni\u0105 gwarancj\u0119<\/li>\n<\/ul>\n","protected":false},"excerpt":{"rendered":"<p>Grille zewn\u0119trzne Wolf \u0142\u0105cz\u0105 imponuj\u0105c\u0105 wydajno\u015b\u0107 z wyj\u0105tkow\u0105 \u0142atwo\u015bci\u0105 u\u017cytkowania. W\u00f3zki s\u0105 dost\u0119pne w szeroko\u015bciach 76 cm, 91 cm i 107 cm. Opcjonalny palnik boczny umo\u017cliwia przygotowanie przystawek lub ciep\u0142ych sos\u00f3w bez konieczno\u015bci wchodzenia do \u015brodka.<\/p>\n","protected":false},"featured_media":2128,"comment_status":"closed","ping_status":"closed","template":"","meta":{"_acf_changed":false,"inline_featured_image":false},"product_cat":[44,43],"product_tag":[],"class_list":{"0":"post-2127","1":"product","2":"type-product","3":"status-publish","4":"has-post-thumbnail","6":"product_cat-grille-gazowe","7":"product_cat-0utdoor","8":"has-post-title","9":"has-post-date","10":"has-post-category","11":"has-post-tag","12":"has-post-comment","13":"has-post-author","14":"","16":"first","17":"instock","18":"shipping-taxable","19":"product-type-simple"},"acf":[],"builder_content":"","_links":{"self":[{"href":"https:\/\/www.subzerowolf.cz\/pl\/wp-json\/wp\/v2\/product\/2127","targetHints":{"allow":["GET"]}}],"collection":[{"href":"https:\/\/www.subzerowolf.cz\/pl\/wp-json\/wp\/v2\/product"}],"about":[{"href":"https:\/\/www.subzerowolf.cz\/pl\/wp-json\/wp\/v2\/types\/product"}],"replies":[{"embeddable":true,"href":"https:\/\/www.subzerowolf.cz\/pl\/wp-json\/wp\/v2\/comments?post=2127"}],"wp:featuredmedia":[{"embeddable":true,"href":"https:\/\/www.subzerowolf.cz\/pl\/wp-json\/wp\/v2\/media\/2128"}],"wp:attachment":[{"href":"https:\/\/www.subzerowolf.cz\/pl\/wp-json\/wp\/v2\/media?parent=2127"}],"wp:term":[{"taxonomy":"product_cat","embeddable":true,"href":"https:\/\/www.subzerowolf.cz\/pl\/wp-json\/wp\/v2\/product_cat?post=2127"},{"taxonomy":"product_tag","embeddable":true,"href":"https:\/\/www.subzerowolf.cz\/pl\/wp-json\/wp\/v2\/product_tag?post=2127"}],"curies":[{"name":"wp","href":"https:\/\/api.w.org\/{rel}","templated":true}]}}