{"id":283,"date":"2023-08-01T10:02:33","date_gmt":"2023-08-01T08:02:33","guid":{"rendered":"https:\/\/www.subzerowolf.cz\/?post_type=product&#038;p=283"},"modified":"2024-03-12T11:40:09","modified_gmt":"2024-03-12T10:40:09","slug":"zamrazarka-914-mm-classic","status":"publish","type":"product","link":"https:\/\/www.subzerowolf.cz\/pl\/produkt\/zamrazarka-914-mm-classic\/","title":{"rendered":"Zamra\u017carka 914 mm"},"content":{"rendered":"<ul>\n<li class=\"li1\"><span class=\"s1\">System o\u015bwietlenia ClearSight\u2122 LED w pe\u0142ni o\u015bwietla wn\u0119trze i redukuje cienie<\/span><\/li>\n<li class=\"li1\"><span class=\"s1\">Eleganckie, nierdzewne akcenty wyko\u0144czenia wn\u0119trza, pasuj\u0105ce do wyrafinowanego wygl\u0105du zewn\u0119trznego<\/span><\/li>\n<li class=\"li1\"><span class=\"s1\">Dotykowy panel sterowania jest wygodnie umieszczony, aby zapewni\u0107 \u0142atwy dost\u0119p za dotkni\u0119ciem palca<\/span><\/li>\n<li class=\"li1\"><span class=\"s1\">Tryb nocny optymalizuje o\u015bwietlenie wn\u0119trza w oparciu o wykryte \u015bwiat\u0142o otoczenia, zmniejszaj\u0105c jasno\u015b\u0107 o 90% w ciemnym otoczeniu<\/span><\/li>\n<li class=\"li1\"><span class=\"s1\">Regulowane pojemniki na drzwiach na r\u00f3\u017cnych wysoko\u015bciach, aby pomie\u015bci\u0107 r\u00f3\u017cne przedmioty<\/span><\/li>\n<li class=\"li1\"><span class=\"s1\">System filtrowania wody<\/span><\/li>\n<li class=\"li1\"><span class=\"s1\">Automatyczna kostkarka, kt\u00f3ra produkuje bezzapachowy l\u00f3d<\/span><\/li>\n<li class=\"li1\"><span class=\"s1\">Funkcja Max Ice, kt\u00f3ra przyspiesza produkcj\u0119 lodu o 30% na okres 24h<\/span><\/li>\n<li class=\"li1\"><span class=\"s1\">Wyjmowany pojemnik na l\u00f3d z przegubowym uchwytem<\/span><\/li>\n<li class=\"li1\">Zewn\u0119trzna obudowa ze stali nierdzewnej oraz uchwyty pasuj\u0105ce do innych produkt\u00f3w Sub-Zero i Wolf<\/li>\n<li class=\"li2\">Sub-Zero oferuje wiod\u0105c\u0105 w bran\u017cy pi\u0119cioletni\u0105 gwarancj\u0119<\/li>\n<\/ul>\n","protected":false},"excerpt":{"rendered":"<p class=\"p1\">W tej zamra\u017carce nigdy nie zabraknie miejsca. Niezale\u017cnie od tego, czy chcesz przechowywa\u0107 gotowe posi\u0142ki na pracowite wieczory, masz mn\u00f3stwo jag\u00f3d zebranych w szczytowym momencie, czy naprawd\u0119 lubisz lody &#8211; zamra\u017carka Sub-Zero zapewni optymalne parametry przechowywania. Dodatkowo zamra\u017carki Sub-Zero s\u0105 wyposa\u017cone w zaawansowany system filtracji wody, kt\u00f3ry redukuje zanieczyszczenia, smak chloru i zapachy. Kostkarka do lodu posiada opcj\u0119 \u201emax ice\u201d, kt\u00f3ra umo\u017cliwia zwi\u0119kszenie produkcji \u015brednio o 30 procent w okresie 24 godzin.<\/p>\n","protected":false},"featured_media":310,"comment_status":"closed","ping_status":"closed","template":"","meta":{"_acf_changed":false,"inline_featured_image":false},"product_cat":[20,21,22,19],"product_tag":[],"class_list":{"0":"post-283","1":"product","2":"type-product","3":"status-publish","4":"has-post-thumbnail","6":"product_cat-chlodnictwo","7":"product_cat-classic","8":"product_cat-column","9":"product_cat-subzero","10":"has-post-title","11":"has-post-date","12":"has-post-category","13":"has-post-tag","14":"has-post-comment","15":"has-post-author","16":"","18":"first","19":"instock","20":"shipping-taxable","21":"product-type-simple"},"acf":[],"builder_content":"","_links":{"self":[{"href":"https:\/\/www.subzerowolf.cz\/pl\/wp-json\/wp\/v2\/product\/283","targetHints":{"allow":["GET"]}}],"collection":[{"href":"https:\/\/www.subzerowolf.cz\/pl\/wp-json\/wp\/v2\/product"}],"about":[{"href":"https:\/\/www.subzerowolf.cz\/pl\/wp-json\/wp\/v2\/types\/product"}],"replies":[{"embeddable":true,"href":"https:\/\/www.subzerowolf.cz\/pl\/wp-json\/wp\/v2\/comments?post=283"}],"wp:featuredmedia":[{"embeddable":true,"href":"https:\/\/www.subzerowolf.cz\/pl\/wp-json\/wp\/v2\/media\/310"}],"wp:attachment":[{"href":"https:\/\/www.subzerowolf.cz\/pl\/wp-json\/wp\/v2\/media?parent=283"}],"wp:term":[{"taxonomy":"product_cat","embeddable":true,"href":"https:\/\/www.subzerowolf.cz\/pl\/wp-json\/wp\/v2\/product_cat?post=283"},{"taxonomy":"product_tag","embeddable":true,"href":"https:\/\/www.subzerowolf.cz\/pl\/wp-json\/wp\/v2\/product_tag?post=283"}],"curies":[{"name":"wp","href":"https:\/\/api.w.org\/{rel}","templated":true}]}}