{"id":336,"date":"2023-08-01T10:09:33","date_gmt":"2023-08-01T08:09:33","guid":{"rendered":"https:\/\/www.subzerowolf.cz\/?post_type=product&#038;p=336"},"modified":"2024-03-12T11:30:39","modified_gmt":"2024-03-12T10:30:39","slug":"chlodziarko-zamrazarka-side-by-side-1219-mm-icbcl4850s","status":"publish","type":"product","link":"https:\/\/www.subzerowolf.cz\/pl\/produkt\/chlodziarko-zamrazarka-side-by-side-1219-mm-icbcl4850s\/","title":{"rendered":"Ch\u0142odziarko-Zamra\u017carka Side-by-Side 1219 mm"},"content":{"rendered":"<ul>\n<li class=\"li1\">Inteligentny system ch\u0142odzenia Split Climate\u2122 rewolucjonizuje i tak ju\u017c doskona\u0142e mo\u017cliwo\u015bci konserwacyjne Sub-Zero, utrzymuj\u0105c \u017cywno\u015b\u0107 jeszcze d\u0142u\u017cej \u015bwie\u017c\u0105<\/li>\n<li class=\"li1\">System o\u015bwietlenia ClearSight\u2122 LED w pe\u0142ni o\u015bwietla wn\u0119trze i redukuje cienie.<\/li>\n<li class=\"li1\">Zaawansowany system filtrowania powietrza co 20 minut oczyszcza powietrze z gazu etylenowego, bakterii i wirus\u00f3w &#8211; dzi\u0119ki temu nie ma zapachu w ch\u0142odziarce<\/li>\n<li class=\"li1\">Eleganckie akcenty ze stali nierdzewnej wyka\u0144czaj\u0105 wn\u0119trze, dopasowuj\u0105c si\u0119 do wyrafinowanego wygl\u0105du zewn\u0119trznego<\/li>\n<li class=\"li1\">Dotykowy panel sterowania jest wygodnie zlokalizowany, aby zapewni\u0107 \u0142atwy dost\u0119p za dotkni\u0119ciem palca<\/li>\n<li class=\"li1\">Tryb nocny optymalizuje o\u015bwietlenie wn\u0119trza w oparciu o wykryte \u015bwiat\u0142o otoczenia, zmniejszaj\u0105c jasno\u015b\u0107 o 90% w ciemnym otoczeniu<\/li>\n<li class=\"li1\">Dostarcza \u015bwie\u017c\u0105, przefiltrowan\u0105 wod\u0119 przez wewn\u0119trzny dozownik umieszczony dyskretnie w lod\u00f3wce<\/li>\n<li class=\"li1\">Podnie\u015b podstaw\u0119 podnoszonych przegr\u00f3dek na nabia\u0142, aby przechowywa\u0107 wy\u017csze produkty na p\u00f3\u0142ce poni\u017cej<\/li>\n<li class=\"li1\"><span class=\"s1\">Wyjmowany pojemnik na l\u00f3d z przegubowym uchwytem<\/span><\/li>\n<li class=\"li1\"><span class=\"s1\">Automatyczna kostkarka, kt\u00f3ra produkuje bezzapachowy l\u00f3d<\/span><\/li>\n<li class=\"li1\"><span class=\"s1\">Funkcja Max Ice, kt\u00f3ra przyspiesza produkcj\u0119 lodu o 30% na okres 24h<\/span><\/li>\n<li class=\"li1\">Regulowane pojemniki na drzwiach na r\u00f3\u017cnych wysoko\u015bciach, aby pomie\u015bci\u0107 r\u00f3\u017cne przedmioty<\/li>\n<li class=\"li1\">Zewn\u0119trzna obudowa ze stali nierdzewnej oraz uchwyty pasuj\u0105ce do innych produkt\u00f3w Sub-Zero i Wolf<\/li>\n<li class=\"li2\">Sub-Zero oferuje wiod\u0105c\u0105 w bran\u017cy pi\u0119cioletni\u0105 gwarancj\u0119<\/li>\n<\/ul>\n","protected":false},"excerpt":{"rendered":"<p class=\"p1\">Ch\u0142odziarko-zamra\u017carki typu Side-by-Side to urz\u0105dzenia, kt\u00f3re w podobnej formie zdoby\u0142y uznanie na ca\u0142ym \u015bwiecie od kilkudziesi\u0119ciu lat. Asymetrycznie dzielone drzwi skrywaj\u0105 zamra\u017cark\u0119 po lewej stronie oraz ch\u0142odziark\u0119 po prawej. Zbudowane z najwy\u017cszej jako\u015bci materia\u0142\u00f3w oraz wyposa\u017cone w unikalne technologie Sub-Zero, zapewni\u0105 optymalne warunki przechowywania dla Twoich produkt\u00f3w.<\/p>\n","protected":false},"featured_media":337,"comment_status":"closed","ping_status":"closed","template":"","meta":{"_acf_changed":false,"inline_featured_image":false},"product_cat":[20,21,25,19],"product_tag":[],"class_list":{"0":"post-336","1":"product","2":"type-product","3":"status-publish","4":"has-post-thumbnail","6":"product_cat-chlodnictwo","7":"product_cat-classic","8":"product_cat-side-by-side","9":"product_cat-subzero","10":"has-post-title","11":"has-post-date","12":"has-post-category","13":"has-post-tag","14":"has-post-comment","15":"has-post-author","16":"","18":"first","19":"instock","20":"shipping-taxable","21":"product-type-simple"},"acf":[],"builder_content":"","_links":{"self":[{"href":"https:\/\/www.subzerowolf.cz\/pl\/wp-json\/wp\/v2\/product\/336","targetHints":{"allow":["GET"]}}],"collection":[{"href":"https:\/\/www.subzerowolf.cz\/pl\/wp-json\/wp\/v2\/product"}],"about":[{"href":"https:\/\/www.subzerowolf.cz\/pl\/wp-json\/wp\/v2\/types\/product"}],"replies":[{"embeddable":true,"href":"https:\/\/www.subzerowolf.cz\/pl\/wp-json\/wp\/v2\/comments?post=336"}],"wp:featuredmedia":[{"embeddable":true,"href":"https:\/\/www.subzerowolf.cz\/pl\/wp-json\/wp\/v2\/media\/337"}],"wp:attachment":[{"href":"https:\/\/www.subzerowolf.cz\/pl\/wp-json\/wp\/v2\/media?parent=336"}],"wp:term":[{"taxonomy":"product_cat","embeddable":true,"href":"https:\/\/www.subzerowolf.cz\/pl\/wp-json\/wp\/v2\/product_cat?post=336"},{"taxonomy":"product_tag","embeddable":true,"href":"https:\/\/www.subzerowolf.cz\/pl\/wp-json\/wp\/v2\/product_tag?post=336"}],"curies":[{"name":"wp","href":"https:\/\/api.w.org\/{rel}","templated":true}]}}