{"id":346,"date":"2023-08-05T10:04:18","date_gmt":"2023-08-05T08:04:18","guid":{"rendered":"https:\/\/www.subzerowolf.cz\/?post_type=product&#038;p=346"},"modified":"2024-03-12T11:10:16","modified_gmt":"2024-03-12T10:10:16","slug":"zamrazarka-szufladowa-762-mm","status":"publish","type":"product","link":"https:\/\/www.subzerowolf.cz\/pl\/produkt\/zamrazarka-szufladowa-762-mm\/","title":{"rendered":"Zamra\u017carka Szufladowa 762 mm"},"content":{"rendered":"<ul>\n<li>Gotowy do monta\u017cu niestandardowych paneli i uchwyt\u00f3w w celu dopasowania do szafek<\/li>\n<li>Automatyczna kostkarka, kt\u00f3ra produkuje bezzapachowy l\u00f3d<\/li>\n<li>Funkcja Max Ice, kt\u00f3ra przyspiesza produkcj\u0119 lodu o 30% na okres 24h<\/li>\n<li>Inteligentne dotykowe elementy steruj\u0105ce zapewniaj\u0105ce \u0142atwy dost\u0119p do wi\u0119kszej liczby ustawie\u0144<\/li>\n<li>Mi\u0119kkie zamykanie drzwi i szuflad<\/li>\n<li>O\u015bwietlenie LED o r\u00f3\u017cnym stopniu jasno\u015bci<\/li>\n<li>Sub-Zero oferuje wiod\u0105c\u0105 w bran\u017cy pi\u0119cioletni\u0105 gwarancj\u0119<\/li>\n<\/ul>\n","protected":false},"excerpt":{"rendered":"<p class=\"p1\">Zamra\u017carka szufladowa Sub-Zero o szeroko\u015bci 76cm to jeden z naszych bestseller\u00f3w. Umie\u015b\u0107 j\u0105 w wygodnym miejscu aby zapewni\u0107 sobie dost\u0119p do mro\u017conek czy lodu z automatycznej kostkarki.<\/p>\n","protected":false},"featured_media":349,"comment_status":"closed","ping_status":"closed","template":"","meta":{"_acf_changed":false,"inline_featured_image":false},"product_cat":[20,29,26,19],"product_tag":[],"class_list":{"0":"post-346","1":"product","2":"type-product","3":"status-publish","4":"has-post-thumbnail","6":"product_cat-chlodnictwo","7":"product_cat-chlodziarki-podblatowe","8":"product_cat-designer","9":"product_cat-subzero","10":"has-post-title","11":"has-post-date","12":"has-post-category","13":"has-post-tag","14":"has-post-comment","15":"has-post-author","16":"","18":"first","19":"instock","20":"shipping-taxable","21":"product-type-simple"},"acf":[],"builder_content":"","_links":{"self":[{"href":"https:\/\/www.subzerowolf.cz\/pl\/wp-json\/wp\/v2\/product\/346","targetHints":{"allow":["GET"]}}],"collection":[{"href":"https:\/\/www.subzerowolf.cz\/pl\/wp-json\/wp\/v2\/product"}],"about":[{"href":"https:\/\/www.subzerowolf.cz\/pl\/wp-json\/wp\/v2\/types\/product"}],"replies":[{"embeddable":true,"href":"https:\/\/www.subzerowolf.cz\/pl\/wp-json\/wp\/v2\/comments?post=346"}],"wp:featuredmedia":[{"embeddable":true,"href":"https:\/\/www.subzerowolf.cz\/pl\/wp-json\/wp\/v2\/media\/349"}],"wp:attachment":[{"href":"https:\/\/www.subzerowolf.cz\/pl\/wp-json\/wp\/v2\/media?parent=346"}],"wp:term":[{"taxonomy":"product_cat","embeddable":true,"href":"https:\/\/www.subzerowolf.cz\/pl\/wp-json\/wp\/v2\/product_cat?post=346"},{"taxonomy":"product_tag","embeddable":true,"href":"https:\/\/www.subzerowolf.cz\/pl\/wp-json\/wp\/v2\/product_tag?post=346"}],"curies":[{"name":"wp","href":"https:\/\/api.w.org\/{rel}","templated":true}]}}