{"id":357,"date":"2023-08-02T10:09:00","date_gmt":"2023-08-02T08:09:00","guid":{"rendered":"https:\/\/www.subzerowolf.cz\/?post_type=product&#038;p=357"},"modified":"2024-03-12T11:22:17","modified_gmt":"2024-03-12T10:22:17","slug":"chlodziarka-szufladowa-610mm-icbid-24ro","status":"publish","type":"product","link":"https:\/\/www.subzerowolf.cz\/pl\/produkt\/chlodziarka-szufladowa-610mm-icbid-24ro\/","title":{"rendered":"Ch\u0142odziarka Szufladowa 610 mm"},"content":{"rendered":"<ul>\n<li>Gotowy do monta\u017cu z niestandardowymi panelami i uchwytami w celu dopasowania do szafek<\/li>\n<li>O\u015bwietlenie LED o r\u00f3\u017cnym stopniu jasno\u015bci<\/li>\n<li>Inteligentne dotykowe elementy steruj\u0105ce zapewniaj\u0105ce \u0142atwy dost\u0119p do wi\u0119kszej liczby ustawie\u0144<\/li>\n<li>Delikatne zamykanie drzwi i szuflad<\/li>\n<li>Dodatkowe uszczelnienie utrzymuje nisk\u0105 temperatur\u0119 i wysok\u0105 wilgotno\u015b\u0107 dla optymalnej \u015bwie\u017co\u015bci<\/li>\n<li>Odporne na warunki atmosferyczne akcesoria panelowe ze stali nierdzewnej chroni\u0105 przed promieniami UV, sol\u0105 i wilgoci\u0105<\/li>\n<li>Sub-Zero oferuje wiod\u0105c\u0105 w bran\u017cy pi\u0119cioletni\u0105 gwarancj\u0119<\/li>\n<\/ul>\n","protected":false},"excerpt":{"rendered":"<p class=\"p1\">My\u015bl nie tylko o kuchni. Wyobra\u017a sobie \u015bwie\u017ce produkty w g\u0142\u00f3wnym salonie, jogurt i sok w pokoju \u015bniadaniowym, sch\u0142odzone napoje w si\u0142owni lub pokoju multimedialnym. Ch\u0142odziarka szufladowa Sub-Zero 61 cm umo\u017cliwia przechowywanie \u017cywno\u015bci w dowolnym pomieszczeniu w domu, wraz z zaawansowanymi funkcjami konserwacji \u017cywno\u015bci, kt\u00f3re zapewniaj\u0105 jej d\u0142u\u017csz\u0105 \u015bwie\u017co\u015b\u0107. \u017badnej zwi\u0119dni\u0119tej sa\u0142aty, \u017cadnych pomarszczonych jag\u00f3d \u2013 tylko \u015bwie\u017ce, aromatyczne jedzenie dla Ciebie, Twojej rodziny i Twoich go\u015bci.<\/p>\n","protected":false},"featured_media":358,"comment_status":"closed","ping_status":"closed","template":"","meta":{"_acf_changed":false,"inline_featured_image":false},"product_cat":[20,26,19],"product_tag":[],"class_list":{"0":"post-357","1":"product","2":"type-product","3":"status-publish","4":"has-post-thumbnail","6":"product_cat-chlodnictwo","7":"product_cat-designer","8":"product_cat-subzero","9":"has-post-title","10":"has-post-date","11":"has-post-category","12":"has-post-tag","13":"has-post-comment","14":"has-post-author","15":"","17":"first","18":"instock","19":"shipping-taxable","20":"product-type-simple"},"acf":[],"builder_content":"","_links":{"self":[{"href":"https:\/\/www.subzerowolf.cz\/pl\/wp-json\/wp\/v2\/product\/357","targetHints":{"allow":["GET"]}}],"collection":[{"href":"https:\/\/www.subzerowolf.cz\/pl\/wp-json\/wp\/v2\/product"}],"about":[{"href":"https:\/\/www.subzerowolf.cz\/pl\/wp-json\/wp\/v2\/types\/product"}],"replies":[{"embeddable":true,"href":"https:\/\/www.subzerowolf.cz\/pl\/wp-json\/wp\/v2\/comments?post=357"}],"wp:featuredmedia":[{"embeddable":true,"href":"https:\/\/www.subzerowolf.cz\/pl\/wp-json\/wp\/v2\/media\/358"}],"wp:attachment":[{"href":"https:\/\/www.subzerowolf.cz\/pl\/wp-json\/wp\/v2\/media?parent=357"}],"wp:term":[{"taxonomy":"product_cat","embeddable":true,"href":"https:\/\/www.subzerowolf.cz\/pl\/wp-json\/wp\/v2\/product_cat?post=357"},{"taxonomy":"product_tag","embeddable":true,"href":"https:\/\/www.subzerowolf.cz\/pl\/wp-json\/wp\/v2\/product_tag?post=357"}],"curies":[{"name":"wp","href":"https:\/\/api.w.org\/{rel}","templated":true}]}}