{"id":371,"date":"2023-08-02T10:05:20","date_gmt":"2023-08-02T08:05:20","guid":{"rendered":"https:\/\/www.subzerowolf.cz\/?post_type=product&#038;p=371"},"modified":"2024-03-12T11:25:20","modified_gmt":"2024-03-12T10:25:20","slug":"zamrazarka-762-mm","status":"publish","type":"product","link":"https:\/\/www.subzerowolf.cz\/pl\/produkt\/zamrazarka-762-mm\/","title":{"rendered":"Zamra\u017carka 762 mm"},"content":{"rendered":"<ul>\n<li>System o\u015bwietlenia ClearSight\u2122 LED w pe\u0142ni o\u015bwietla wn\u0119trze i redukuje cienie<\/li>\n<li>Eleganckie akcenty ze stali nierdzewnej wyka\u0144czaj\u0105 wn\u0119trze, dopasowuj\u0105c si\u0119 do wyrafinowanego wygl\u0105du zewn\u0119trznego<\/li>\n<li>\u0141atwe dostosowywanie ustawie\u0144 \u2013 od o\u015bwietlenia po prac\u0119 kostkarki \u2013 jednym dotkni\u0119ciem palca za pomoc\u0105 wygodnie dost\u0119pnego dotykowego panelu sterowania<\/li>\n<li>Regulowane p\u00f3\u0142ki w drzwiach na r\u00f3\u017cnych wysoko\u015bciach, aby pomie\u015bci\u0107 r\u00f3\u017cne przedmioty<\/li>\n<li>Sub-Zero oferuje wiod\u0105c\u0105 w bran\u017cy pi\u0119cioletni\u0105 gwarancj\u0119<\/li>\n<li>Mo\u017cliwo\u015b\u0107 zastosowania niestandardowych paneli w celu uzyskania zintegrowanego wygl\u0105du w szafce lub paneli i uchwyt\u00f3w ze stali nierdzewnej pasuj\u0105cych do innych produkt\u00f3w Sub-Zero i Wolf<\/li>\n<li>Automatyczna kostkarka, kt\u00f3ra produkuje bezzapachowy l\u00f3d<\/li>\n<li>Funkcja Max Ice, kt\u00f3ra przyspiesza produkcj\u0119 lodu o 30% na okres 24h<\/li>\n<li>Zamyka zimne powietrze, aby zapewni\u0107 \u015bwie\u017co\u015b\u0107 i zmniejszy\u0107 zu\u017cycie energii dzi\u0119ki magnetycznej uszczelce drzwi<\/li>\n<li>Tryb nocny optymalizuje o\u015bwietlenie wn\u0119trza na podstawie wykrytego \u015bwiat\u0142a otoczenia, zmniejszaj\u0105c jasno\u015b\u0107 o 90% w ciemnym otoczeniu<\/li>\n<\/ul>\n","protected":false},"excerpt":{"rendered":"<p class=\"p1\">W tej zamra\u017carce nigdy nie zabraknie miejsca. Niezale\u017cnie od tego, czy chcesz przechowywa\u0107 gotowe posi\u0142ki na pracowite wieczory, masz mn\u00f3stwo jag\u00f3d zebranych w szczytowym momencie, czy naprawd\u0119 lubisz lody \u2013 zamra\u017carka Sub-Zero zapewni optymalne parametry przechowywania. Dodatkowo zamra\u017carki Sub-Zero s\u0105 wyposa\u017cone w zaawansowany system filtracji wody, kt\u00f3ry redukuje zanieczyszczenia, smak chloru i zapachy. Kostkarka do lodu posiada opcj\u0119 \u201emax ice\u201d, kt\u00f3ra umo\u017cliwia zwi\u0119kszenie produkcji \u015brednio o 30 procent w okresie 24 godzin.<\/p>\n","protected":false},"featured_media":372,"comment_status":"closed","ping_status":"closed","template":"","meta":{"_acf_changed":false,"inline_featured_image":false},"product_cat":[20,26,19],"product_tag":[],"class_list":{"0":"post-371","1":"product","2":"type-product","3":"status-publish","4":"has-post-thumbnail","6":"product_cat-chlodnictwo","7":"product_cat-designer","8":"product_cat-subzero","9":"has-post-title","10":"has-post-date","11":"has-post-category","12":"has-post-tag","13":"has-post-comment","14":"has-post-author","15":"","17":"first","18":"instock","19":"shipping-taxable","20":"product-type-simple"},"acf":[],"builder_content":"","_links":{"self":[{"href":"https:\/\/www.subzerowolf.cz\/pl\/wp-json\/wp\/v2\/product\/371","targetHints":{"allow":["GET"]}}],"collection":[{"href":"https:\/\/www.subzerowolf.cz\/pl\/wp-json\/wp\/v2\/product"}],"about":[{"href":"https:\/\/www.subzerowolf.cz\/pl\/wp-json\/wp\/v2\/types\/product"}],"replies":[{"embeddable":true,"href":"https:\/\/www.subzerowolf.cz\/pl\/wp-json\/wp\/v2\/comments?post=371"}],"wp:featuredmedia":[{"embeddable":true,"href":"https:\/\/www.subzerowolf.cz\/pl\/wp-json\/wp\/v2\/media\/372"}],"wp:attachment":[{"href":"https:\/\/www.subzerowolf.cz\/pl\/wp-json\/wp\/v2\/media?parent=371"}],"wp:term":[{"taxonomy":"product_cat","embeddable":true,"href":"https:\/\/www.subzerowolf.cz\/pl\/wp-json\/wp\/v2\/product_cat?post=371"},{"taxonomy":"product_tag","embeddable":true,"href":"https:\/\/www.subzerowolf.cz\/pl\/wp-json\/wp\/v2\/product_tag?post=371"}],"curies":[{"name":"wp","href":"https:\/\/api.w.org\/{rel}","templated":true}]}}