{"id":381,"date":"2023-08-01T10:02:07","date_gmt":"2023-08-01T08:02:07","guid":{"rendered":"https:\/\/www.subzerowolf.cz\/?post_type=product&#038;p=381"},"modified":"2024-03-12T11:40:45","modified_gmt":"2024-03-12T10:40:45","slug":"chlodziarka-610-mm-icbdec2450r","status":"publish","type":"product","link":"https:\/\/www.subzerowolf.cz\/pl\/produkt\/chlodziarka-610-mm-icbdec2450r\/","title":{"rendered":"Ch\u0142odziarka 610 mm"},"content":{"rendered":"<ul>\n<li class=\"li1\">System o\u015bwietlenia ClearSight\u2122 LED w pe\u0142ni o\u015bwietla wn\u0119trze i redukuje cienie<\/li>\n<li class=\"li1\">Eleganckie akcenty ze stali nierdzewnej wyka\u0144czaj\u0105 wn\u0119trze, dopasowuj\u0105c si\u0119 do wyrafinowanego wygl\u0105du zewn\u0119trznego<\/li>\n<li class=\"li1\">\u0141atwe dostosowywanie ustawie\u0144 \u2013 od o\u015bwietlenia po wilgotno\u015b\u0107 \u2013 jednym dotkni\u0119ciem palca za pomoc\u0105 wygodnie dost\u0119pnego dotykowego panelu sterowania<\/li>\n<li class=\"li1\">Regulowane p\u00f3\u0142ki w drzwiach na r\u00f3\u017cnych wysoko\u015bciach, aby pomie\u015bci\u0107 r\u00f3\u017cne przedmioty<\/li>\n<li class=\"li1\">Sub-Zero oferuje wiod\u0105c\u0105 w bran\u017cy pi\u0119cioletni\u0105 gwarancj\u0119<\/li>\n<li class=\"li1\">Mo\u017cliwo\u015b\u0107 zastosowania niestandardowych paneli w celu uzyskania zintegrowanego wygl\u0105du w szafce lub paneli i uchwyt\u00f3w ze stali nierdzewnej pasuj\u0105cych do innych produkt\u00f3w Sub-Zero i Wolf<\/li>\n<li class=\"li1\">Inteligentny system ch\u0142odzenia Split Climate\u2122 rewolucjonizuje i tak ju\u017c doskona\u0142e mo\u017cliwo\u015bci konserwacyjne Sub-Zero, utrzymuj\u0105c \u017cywno\u015b\u0107 jeszcze d\u0142u\u017cej \u015bwie\u017c\u0105<\/li>\n<li class=\"li1\">Tryb nocny optymalizuje o\u015bwietlenie wn\u0119trza na podstawie wykrytego \u015bwiat\u0142a otoczenia, zmniejszaj\u0105c jasno\u015b\u0107 o 90% w ciemnym otoczeniu<\/li>\n<li class=\"li1\">Podnie\u015b podstaw\u0119 sk\u0142adanych przegr\u00f3dek na nabia\u0142, aby przechowywa\u0107 wy\u017csze produkty na p\u00f3\u0142ce poni\u017cej<\/li>\n<li class=\"li1\">Nano pow\u0142oka na obwodzie ka\u017cdej szklanej p\u00f3\u0142ki tworzy hydrofobow\u0105 barier\u0119, kt\u00f3ra pomaga zatrzyma\u0107 rozlane p\u0142yny<\/li>\n<li class=\"li1\">Zaawansowany system filtrowania powietrza co 20 minut oczyszcza powietrze z gazu etylenowego, bakterii i wirus\u00f3w \u2013 dzi\u0119ki temu nie ma zapachu w ch\u0142odziarce<\/li>\n<\/ul>\n","protected":false},"excerpt":{"rendered":"<p class=\"p1\">Zaprojektowana, aby p\u0142ynnie \u0142\u0105czy\u0107 si\u0119 z wystrojem Twojej kuchni. Zintegrowane produkty Sub-Zero nie maj\u0105 widocznych kratek ani zawias\u00f3w, dzi\u0119ki czemu Twoja ch\u0142odziarka mo\u017ce by\u0107 nie do odr\u00f3\u017cnienia od innych szafek i szuflad wok\u00f3\u0142 niej.<\/p>\n","protected":false},"featured_media":382,"comment_status":"closed","ping_status":"closed","template":"","meta":{"_acf_changed":false,"inline_featured_image":false},"product_cat":[20,26,19],"product_tag":[],"class_list":{"0":"post-381","1":"product","2":"type-product","3":"status-publish","4":"has-post-thumbnail","6":"product_cat-chlodnictwo","7":"product_cat-designer","8":"product_cat-subzero","9":"has-post-title","10":"has-post-date","11":"has-post-category","12":"has-post-tag","13":"has-post-comment","14":"has-post-author","15":"","17":"first","18":"instock","19":"shipping-taxable","20":"product-type-simple"},"acf":[],"builder_content":"","_links":{"self":[{"href":"https:\/\/www.subzerowolf.cz\/pl\/wp-json\/wp\/v2\/product\/381","targetHints":{"allow":["GET"]}}],"collection":[{"href":"https:\/\/www.subzerowolf.cz\/pl\/wp-json\/wp\/v2\/product"}],"about":[{"href":"https:\/\/www.subzerowolf.cz\/pl\/wp-json\/wp\/v2\/types\/product"}],"replies":[{"embeddable":true,"href":"https:\/\/www.subzerowolf.cz\/pl\/wp-json\/wp\/v2\/comments?post=381"}],"wp:featuredmedia":[{"embeddable":true,"href":"https:\/\/www.subzerowolf.cz\/pl\/wp-json\/wp\/v2\/media\/382"}],"wp:attachment":[{"href":"https:\/\/www.subzerowolf.cz\/pl\/wp-json\/wp\/v2\/media?parent=381"}],"wp:term":[{"taxonomy":"product_cat","embeddable":true,"href":"https:\/\/www.subzerowolf.cz\/pl\/wp-json\/wp\/v2\/product_cat?post=381"},{"taxonomy":"product_tag","embeddable":true,"href":"https:\/\/www.subzerowolf.cz\/pl\/wp-json\/wp\/v2\/product_tag?post=381"}],"curies":[{"name":"wp","href":"https:\/\/api.w.org\/{rel}","templated":true}]}}