{"id":389,"date":"2023-08-04T10:02:37","date_gmt":"2023-08-04T08:02:37","guid":{"rendered":"https:\/\/www.subzerowolf.cz\/?post_type=product&#038;p=389"},"modified":"2024-03-12T11:17:40","modified_gmt":"2024-03-12T10:17:40","slug":"chlodziarka-na-wino-762-mm","status":"publish","type":"product","link":"https:\/\/www.subzerowolf.cz\/pl\/produkt\/chlodziarka-na-wino-762-mm\/","title":{"rendered":"Ch\u0142odziarka na Wino 762 mm"},"content":{"rendered":"<ul>\n<li>Przechowuje czerwone i bia\u0142e wina w oddzielnych strefach temperaturowych, kt\u00f3re utrzymuj\u0105 wino w odpowiedniej temperaturze serwowania, w zakresie jednego stopnia od warto\u015bci zadanej<\/li>\n<li>Pojemno\u015b\u0107 146 butelek<\/li>\n<li>Stojaki na wino z pe\u0142nym wysuwem zapewniaj\u0105 \u0142atwy dost\u0119p do butelek o standardowych rozmiarach, p\u00f3\u0142butelek i magnum\u00f3w<\/li>\n<li>Odporne na promieniowanie UV szklane drzwi chroni\u0105 wino przed szkodliwym \u015bwiat\u0142em<\/li>\n<li>System p\u0142ytek inwentaryzacyjnych u\u0142atwia organizacj\u0119 kolekcji<\/li>\n<li>Dotykowy panel sterowania jest dogodnie zlokalizowany, aby zapewni\u0107 \u0142atwy dost\u0119p za dotkni\u0119ciem palca<\/li>\n<li>Zewn\u0119trzna obudowa ze stali nierdzewnej z uchwytami Tubular lub PRO<\/li>\n<li>Sub-Zero oferuje wiod\u0105c\u0105 w bran\u017cy pi\u0119cioletni\u0105 gwarancj\u0119<\/li>\n<\/ul>\n","protected":false},"excerpt":{"rendered":"<p class=\"p1\">Urz\u0105dzenia do przechowywania wina Sub-Zero to co\u015b wi\u0119cej ni\u017c tylko ch\u0142odziarki; to stra\u017cnicy przed ciep\u0142em, wilgoci\u0105, wibracjami i \u015bwiat\u0142em &#8211; czterema wrogami, kt\u00f3rzy mog\u0105 pozbawi\u0107 wino jego z\u0142o\u017cono\u015bci, charakteru i smaku.<\/p>\n","protected":false},"featured_media":390,"comment_status":"closed","ping_status":"closed","template":"","meta":{"_acf_changed":false,"inline_featured_image":false},"product_cat":[20,27,19],"product_tag":[],"class_list":{"0":"post-389","1":"product","2":"type-product","3":"status-publish","4":"has-post-thumbnail","6":"product_cat-chlodnictwo","7":"product_cat-chlodziarki-do-wina","8":"product_cat-subzero","9":"has-post-title","10":"has-post-date","11":"has-post-category","12":"has-post-tag","13":"has-post-comment","14":"has-post-author","15":"","17":"first","18":"instock","19":"shipping-taxable","20":"product-type-simple"},"acf":[],"builder_content":"","_links":{"self":[{"href":"https:\/\/www.subzerowolf.cz\/pl\/wp-json\/wp\/v2\/product\/389","targetHints":{"allow":["GET"]}}],"collection":[{"href":"https:\/\/www.subzerowolf.cz\/pl\/wp-json\/wp\/v2\/product"}],"about":[{"href":"https:\/\/www.subzerowolf.cz\/pl\/wp-json\/wp\/v2\/types\/product"}],"replies":[{"embeddable":true,"href":"https:\/\/www.subzerowolf.cz\/pl\/wp-json\/wp\/v2\/comments?post=389"}],"wp:featuredmedia":[{"embeddable":true,"href":"https:\/\/www.subzerowolf.cz\/pl\/wp-json\/wp\/v2\/media\/390"}],"wp:attachment":[{"href":"https:\/\/www.subzerowolf.cz\/pl\/wp-json\/wp\/v2\/media?parent=389"}],"wp:term":[{"taxonomy":"product_cat","embeddable":true,"href":"https:\/\/www.subzerowolf.cz\/pl\/wp-json\/wp\/v2\/product_cat?post=389"},{"taxonomy":"product_tag","embeddable":true,"href":"https:\/\/www.subzerowolf.cz\/pl\/wp-json\/wp\/v2\/product_tag?post=389"}],"curies":[{"name":"wp","href":"https:\/\/api.w.org\/{rel}","templated":true}]}}