{"id":393,"date":"2023-08-04T10:05:41","date_gmt":"2023-08-04T08:05:41","guid":{"rendered":"https:\/\/www.subzerowolf.cz\/?post_type=product&#038;p=393"},"modified":"2024-03-12T11:14:48","modified_gmt":"2024-03-12T10:14:48","slug":"chlodziarka-na-wino-z-szufladami-chlodniczymi-762-mm-icbdet3050wr","status":"publish","type":"product","link":"https:\/\/www.subzerowolf.cz\/pl\/produkt\/chlodziarka-na-wino-z-szufladami-chlodniczymi-762-mm-icbdet3050wr\/","title":{"rendered":"Ch\u0142odziarka na Wino z Szufladami Ch\u0142odniczymi 762 mm"},"content":{"rendered":"<ul>\n<li>Standardowo przygotowana do zabudowy meblowej<\/li>\n<li>Pojemno\u015b\u0107 na 86 butelek<\/li>\n<li>\u0141atwe dostosowywanie ustawie\u0144 jednym dotkni\u0119ciem palca za po\u015brednictwem wygodnie dost\u0119pnego dotykowego panelu sterowania<\/li>\n<li>Przechowywanie czerwonych i bia\u0142ych win w oddzielnych strefach temperaturowych, kt\u00f3re utrzymuj\u0105 wino w odpowiedniej temperaturze serwowania, z dok\u0142adno\u015bci\u0105 do jednego stopnia warto\u015bci zadanej<\/li>\n<li>Dwie szuflady ch\u0142odnicze<\/li>\n<li>Stojaki na wino z pe\u0142nym wysuwem zapewniaj\u0105 \u0142atwy dost\u0119p do butelek o standardowych rozmiarach, p\u00f3\u0142butelek i magnum\u00f3w<\/li>\n<li>Odporne na promieniowanie UV szklane drzwi chroni\u0105 wino przed szkodliwym \u015bwiat\u0142em<\/li>\n<li>System p\u0142ytek inwentaryzacyjnych u\u0142atwia organizacj\u0119 kolekcji<\/li>\n<li>Sub-Zero oferuje wiod\u0105c\u0105 w bran\u017cy pi\u0119cioletni\u0105 gwarancj\u0119<\/li>\n<li>Dost\u0119pne fronty stalowe z oryginalnymi uchwytami Tubular lub PRO<\/li>\n<\/ul>\n","protected":false},"excerpt":{"rendered":"<p class=\"p1\">Nie wyobra\u017camy sobie smaczniejszego po\u0142\u0105czenia. Orzechowy gruyere z pinot noir lub pe\u0142ny burgund z kremowym epoisses. Potraktuj nasz\u0105 ch\u0142odziark\u0119 na wino ICBDET3050R jako celebracj\u0119 wszystkich takich pysznych po\u0142\u0105cze\u0144. Przechowuje i chroni butelki wina, podczas gdy poni\u017cej, w dw\u00f3ch pojemnych szufladach ch\u0142odniczych, masz wystarczaj\u0105co du\u017co miejsca na sery, limonki i inne odpowiednie produkty spo\u017cywcze, a tak\u017ce piwo, wod\u0119 mineraln\u0105 i wszystkie inne napoje, kt\u00f3re Ty i Twoi go\u015bcie lubicie spo\u017cywa\u0107.<\/p>\n","protected":false},"featured_media":394,"comment_status":"closed","ping_status":"closed","template":"","meta":{"_acf_changed":false,"inline_featured_image":false},"product_cat":[20,27,19],"product_tag":[],"class_list":{"0":"post-393","1":"product","2":"type-product","3":"status-publish","4":"has-post-thumbnail","6":"product_cat-chlodnictwo","7":"product_cat-chlodziarki-do-wina","8":"product_cat-subzero","9":"has-post-title","10":"has-post-date","11":"has-post-category","12":"has-post-tag","13":"has-post-comment","14":"has-post-author","15":"","17":"first","18":"instock","19":"shipping-taxable","20":"product-type-simple"},"acf":[],"builder_content":"","_links":{"self":[{"href":"https:\/\/www.subzerowolf.cz\/pl\/wp-json\/wp\/v2\/product\/393","targetHints":{"allow":["GET"]}}],"collection":[{"href":"https:\/\/www.subzerowolf.cz\/pl\/wp-json\/wp\/v2\/product"}],"about":[{"href":"https:\/\/www.subzerowolf.cz\/pl\/wp-json\/wp\/v2\/types\/product"}],"replies":[{"embeddable":true,"href":"https:\/\/www.subzerowolf.cz\/pl\/wp-json\/wp\/v2\/comments?post=393"}],"wp:featuredmedia":[{"embeddable":true,"href":"https:\/\/www.subzerowolf.cz\/pl\/wp-json\/wp\/v2\/media\/394"}],"wp:attachment":[{"href":"https:\/\/www.subzerowolf.cz\/pl\/wp-json\/wp\/v2\/media?parent=393"}],"wp:term":[{"taxonomy":"product_cat","embeddable":true,"href":"https:\/\/www.subzerowolf.cz\/pl\/wp-json\/wp\/v2\/product_cat?post=393"},{"taxonomy":"product_tag","embeddable":true,"href":"https:\/\/www.subzerowolf.cz\/pl\/wp-json\/wp\/v2\/product_tag?post=393"}],"curies":[{"name":"wp","href":"https:\/\/api.w.org\/{rel}","templated":true}]}}