{"id":401,"date":"2023-08-04T10:04:07","date_gmt":"2023-08-04T08:04:07","guid":{"rendered":"https:\/\/www.subzerowolf.cz\/?post_type=product&#038;p=401"},"modified":"2024-03-12T11:15:45","modified_gmt":"2024-03-12T10:15:45","slug":"chlodziarka-na-wino-610-mm","status":"publish","type":"product","link":"https:\/\/www.subzerowolf.cz\/pl\/produkt\/chlodziarka-na-wino-610-mm\/","title":{"rendered":"Ch\u0142odziarka na Wino 610 mm"},"content":{"rendered":"<ul>\n<li class=\"li1\"><span class=\"s1\">\u0141atwe dostosowywanie ustawie\u0144 jednym dotkni\u0119ciem palca za po\u015brednictwem wygodnie dost\u0119pnego dotykowego panelu sterowania.<\/span><\/li>\n<li class=\"li1\">Przechowywanie czerwonych i bia\u0142ych win w oddzielnych strefach temperaturowych, kt\u00f3re utrzymuj\u0105 wino w odpowiedniej temperaturze serwowania, z dok\u0142adno\u015bci\u0105 do jednego stopnia warto\u015bci zadanej.<\/li>\n<li class=\"li1\">Stojaki na wino z pe\u0142nym wysuwem zapewniaj\u0105 \u0142atwy dost\u0119p do butelek o standardowych rozmiarach, p\u00f3\u0142butelek i magnum\u00f3w.<\/li>\n<li class=\"li1\">Odporne na promieniowanie UV szklane drzwi chroni\u0105 wino przed szkodliwym \u015bwiat\u0142em.<\/li>\n<li class=\"li1\">System p\u0142ytek inwentaryzacyjnych u\u0142atwia organizacj\u0119 kolekcji.<\/li>\n<li class=\"li1\">Sub-Zero oferuje wiod\u0105c\u0105 w bran\u017cy dwuletni\u0105 gwarancj\u0119 na urz\u0105dzenia oraz pi\u0119cioletni\u0105 gwarancj\u0119 na szczelno\u015b\u0107 systemu.<\/li>\n<li class=\"li1\">Mo\u017cliwo\u015b\u0107 zastosowania niestandardowych paneli zapewniaj\u0105cych zintegrowany wygl\u0105d w szafkach lub paneli i uchwyt\u00f3w ze stali nierdzewnej pasuj\u0105cych do innych produkt\u00f3w Sub-Zero i Wolf.<\/li>\n<\/ul>\n","protected":false},"excerpt":{"rendered":"<p class=\"p1\">Temperatura, wilgotno\u015b\u0107, \u015bwiat\u0142o, wibracje &#8211; wszystko to mo\u017ce zaszkodzi\u0107 smakowi ulubionego Chablis lub cabernet. Ale nasz 61-centymetrowy zintegrowany schowek na wino \u0142\u0105czy w sobie najwy\u017cszej jako\u015bci materia\u0142y, zaawansowane technologie i 75-letni\u0105 tradycj\u0119 ameryka\u0144skiego rzemios\u0142a, aby pokona\u0107 wrog\u00f3w wina i upewni\u0107 si\u0119, \u017ce zawsze uzyskasz to, co najlepsze z ka\u017cdego kieliszka.<\/p>\n","protected":false},"featured_media":402,"comment_status":"closed","ping_status":"closed","template":"","meta":{"_acf_changed":false,"inline_featured_image":false},"product_cat":[20,27,19],"product_tag":[],"class_list":{"0":"post-401","1":"product","2":"type-product","3":"status-publish","4":"has-post-thumbnail","6":"product_cat-chlodnictwo","7":"product_cat-chlodziarki-do-wina","8":"product_cat-subzero","9":"has-post-title","10":"has-post-date","11":"has-post-category","12":"has-post-tag","13":"has-post-comment","14":"has-post-author","15":"","17":"first","18":"instock","19":"shipping-taxable","20":"product-type-simple"},"acf":[],"builder_content":"","_links":{"self":[{"href":"https:\/\/www.subzerowolf.cz\/pl\/wp-json\/wp\/v2\/product\/401","targetHints":{"allow":["GET"]}}],"collection":[{"href":"https:\/\/www.subzerowolf.cz\/pl\/wp-json\/wp\/v2\/product"}],"about":[{"href":"https:\/\/www.subzerowolf.cz\/pl\/wp-json\/wp\/v2\/types\/product"}],"replies":[{"embeddable":true,"href":"https:\/\/www.subzerowolf.cz\/pl\/wp-json\/wp\/v2\/comments?post=401"}],"wp:featuredmedia":[{"embeddable":true,"href":"https:\/\/www.subzerowolf.cz\/pl\/wp-json\/wp\/v2\/media\/402"}],"wp:attachment":[{"href":"https:\/\/www.subzerowolf.cz\/pl\/wp-json\/wp\/v2\/media?parent=401"}],"wp:term":[{"taxonomy":"product_cat","embeddable":true,"href":"https:\/\/www.subzerowolf.cz\/pl\/wp-json\/wp\/v2\/product_cat?post=401"},{"taxonomy":"product_tag","embeddable":true,"href":"https:\/\/www.subzerowolf.cz\/pl\/wp-json\/wp\/v2\/product_tag?post=401"}],"curies":[{"name":"wp","href":"https:\/\/api.w.org\/{rel}","templated":true}]}}