{"id":414,"date":"2023-08-03T10:04:39","date_gmt":"2023-08-03T08:04:39","guid":{"rendered":"https:\/\/www.subzerowolf.cz\/?post_type=product&#038;p=414"},"modified":"2024-03-12T11:19:03","modified_gmt":"2024-03-12T10:19:03","slug":"chlodziarko-zamrazarka-ze-szklanymi-drzwiami-1219-mm-icbpro4850g","status":"publish","type":"product","link":"https:\/\/www.subzerowolf.cz\/pl\/produkt\/chlodziarko-zamrazarka-ze-szklanymi-drzwiami-1219-mm-icbpro4850g\/","title":{"rendered":"Ch\u0142odziarko-Zamra\u017carka ze Szklanymi Drzwiami 1219 mm"},"content":{"rendered":"<ul>\n<li>Zaawansowany system filtrowania powietrza co 20 minut oczyszcza powietrze z gazu etylenowego, bakterii i wirus\u00f3w \u2013 dzi\u0119ki temu nie ma zapachu w ch\u0142odziarce<\/li>\n<li>Dzi\u0119ki systemowi podw\u00f3jnego ch\u0142odnictwa, ka\u017cda strefa &#8211; ch\u0142odziarka i zamra\u017carka &#8211; oferuj\u0105 idealne parametry przechowywania \u017cywno\u015bci<\/li>\n<li>Tworzy idealne \u015brodowisko dla produkt\u00f3w w niezale\u017cnie sterowanej szufladzie na warzywa i owoce<\/li>\n<li>\u0141atwy dost\u0119p do \u017cywno\u015bci dzi\u0119ki w pe\u0142ni wysuwanej szklanej p\u00f3\u0142ce z regulowanymi prowadnicami<\/li>\n<li>Regulacja temperatury w zakresie jednego stopnia od warto\u015bci zadanej za pomoc\u0105 intuicyjnego zewn\u0119trznego dotykowego panelu sterowania<\/li>\n<li>Blokada temperatury i wilgotno\u015bci dzi\u0119ki zawiasom z mi\u0119kkim domykiem i uszczelce magnetycznej na drzwiach i szufladach<\/li>\n<li>Automatyczna kostkarka do lodu z zaawansowanym systemem filtracji wody<\/li>\n<li>Kontroluj jasno\u015b\u0107 dzi\u0119ki mi\u0119kkiemu o\u015bwietleniu LED, kt\u00f3re w pe\u0142ni o\u015bwietla wn\u0119k\u0119, dzi\u0119ki czemu \u017cywno\u015b\u0107 jest bardziej widoczna<\/li>\n<li>Zainstaluj bezpo\u015brednio w otaczaj\u0105cej szafce do zabudowy lub dodaj panele akcesori\u00f3w do zabudowy wolnostoj\u0105cej<\/li>\n<li>Ikoniczny wygl\u0105d ze stali nierdzewnej, wewn\u0105trz i na zewn\u0105trz<\/li>\n<li>Chroni \u017cywno\u015b\u0107 przed zepsuciem dzi\u0119ki potr\u00f3jnej szybie szklanej odpornej na promieniowanie UV<\/li>\n<li>Sub-Zero oferuje wiod\u0105c\u0105 w bran\u017cy pi\u0119cioletni\u0105 gwarancj\u0119<\/li>\n<\/ul>\n","protected":false},"excerpt":{"rendered":"<p class=\"p1\">Jedyn\u0105 rzecz\u0105 bardziej imponuj\u0105c\u0105 ni\u017c odwa\u017cny wygl\u0105d zewn\u0119trzny jest prze\u0142omowa technologia i konstrukcja znajduj\u0105ca si\u0119 wewn\u0105trz odnowionej serii PRO. Wyposa\u017cona w najbardziej zaawansowany system konserwacji, nast\u0119pna generacja PRO 48 nadal spe\u0142nia nasz\u0105 obietnic\u0119 d\u0142u\u017cszego utrzymywania \u015bwie\u017co\u015bci \u017cywno\u015bci.<\/p>\n","protected":false},"featured_media":415,"comment_status":"closed","ping_status":"closed","template":"","meta":{"_acf_changed":false,"inline_featured_image":false},"product_cat":[20,28,19],"product_tag":[],"class_list":{"0":"post-414","1":"product","2":"type-product","3":"status-publish","4":"has-post-thumbnail","6":"product_cat-chlodnictwo","7":"product_cat-pro","8":"product_cat-subzero","9":"has-post-title","10":"has-post-date","11":"has-post-category","12":"has-post-tag","13":"has-post-comment","14":"has-post-author","15":"","17":"first","18":"instock","19":"shipping-taxable","20":"product-type-simple"},"acf":[],"builder_content":"","_links":{"self":[{"href":"https:\/\/www.subzerowolf.cz\/pl\/wp-json\/wp\/v2\/product\/414","targetHints":{"allow":["GET"]}}],"collection":[{"href":"https:\/\/www.subzerowolf.cz\/pl\/wp-json\/wp\/v2\/product"}],"about":[{"href":"https:\/\/www.subzerowolf.cz\/pl\/wp-json\/wp\/v2\/types\/product"}],"replies":[{"embeddable":true,"href":"https:\/\/www.subzerowolf.cz\/pl\/wp-json\/wp\/v2\/comments?post=414"}],"wp:featuredmedia":[{"embeddable":true,"href":"https:\/\/www.subzerowolf.cz\/pl\/wp-json\/wp\/v2\/media\/415"}],"wp:attachment":[{"href":"https:\/\/www.subzerowolf.cz\/pl\/wp-json\/wp\/v2\/media?parent=414"}],"wp:term":[{"taxonomy":"product_cat","embeddable":true,"href":"https:\/\/www.subzerowolf.cz\/pl\/wp-json\/wp\/v2\/product_cat?post=414"},{"taxonomy":"product_tag","embeddable":true,"href":"https:\/\/www.subzerowolf.cz\/pl\/wp-json\/wp\/v2\/product_tag?post=414"}],"curies":[{"name":"wp","href":"https:\/\/api.w.org\/{rel}","templated":true}]}}