{"id":422,"date":"2023-08-03T10:02:55","date_gmt":"2023-08-03T08:02:55","guid":{"rendered":"https:\/\/www.subzerowolf.cz\/?post_type=product&#038;p=422"},"modified":"2024-03-12T11:20:23","modified_gmt":"2024-03-12T10:20:23","slug":"chlodziarko-zamrazarka-ze-szklanymi-drzwiami-914-mm-icbpro3650g","status":"publish","type":"product","link":"https:\/\/www.subzerowolf.cz\/pl\/produkt\/chlodziarko-zamrazarka-ze-szklanymi-drzwiami-914-mm-icbpro3650g\/","title":{"rendered":"Ch\u0142odziarko-Zamra\u017carka ze Szklanymi Drzwiami 914 mm"},"content":{"rendered":"<ul>\n<li class=\"li1\">Zaawansowana technologia oczyszczania powietrza.<\/li>\n<li class=\"li1\">Podw\u00f3jna technologia ch\u0142odzenia chroni \u017cywno\u015b\u0107 za pomoc\u0105 wilgotnego powietrza, a mro\u017conki za pomoc\u0105 suchego powietrza.<\/li>\n<li class=\"li1\">Tworzy idealne \u015brodowisko dla produkt\u00f3w w niezale\u017cnie sterowanej szufladzie na warzywa i owoce.<\/li>\n<li class=\"li1\">\u0141atwy dost\u0119p do \u017cywno\u015bci dzi\u0119ki w pe\u0142ni wysuwanej szklanej p\u00f3\u0142ce z regulowanymi prowadnicami.<\/li>\n<li class=\"li1\">Regulacja temperatury w zakresie jednego stopnia od warto\u015bci zadanej za pomoc\u0105 intuicyjnego zewn\u0119trznego dotykowego panelu sterowania.<\/li>\n<li class=\"li1\">Blokada temperatury i wilgotno\u015bci dzi\u0119ki zawiasom z mi\u0119kkim domykiem i uszczelce magnetycznej na drzwiach i szufladach.<\/li>\n<li class=\"li1\">Automatyczna kostkarka do lodu z zaawansowanym systemem filtracji wody.<\/li>\n<li class=\"li1\">Kontroluj jasno\u015b\u0107 dzi\u0119ki mi\u0119kkiemu o\u015bwietleniu LED, kt\u00f3re w pe\u0142ni o\u015bwietla wn\u0119k\u0119, dzi\u0119ki czemu \u017cywno\u015b\u0107 jest bardziej widoczna.<\/li>\n<li class=\"li1\">Zainstaluj bezpo\u015brednio w otaczaj\u0105cej szafce do zabudowy lub dodaj panele akcesori\u00f3w do zabudowy wolnostoj\u0105cej.<\/li>\n<li class=\"li1\">Ikoniczny wygl\u0105d ze stali nierdzewnej, wewn\u0105trz i na zewn\u0105trz.<\/li>\n<li class=\"li1\">Chroni \u017cywno\u015b\u0107 przed zepsuciem dzi\u0119ki potr\u00f3jnej szybie szklanej odpornej na promieniowanie UV.<\/li>\n<\/ul>\n","protected":false},"excerpt":{"rendered":"<p class=\"p1\">Jedyn\u0105 rzecz\u0105 bardziej imponuj\u0105c\u0105 ni\u017c odwa\u017cny wygl\u0105d zewn\u0119trzny jest prze\u0142omowa technologia i wzornictwo, kt\u00f3re mo\u017cna znale\u017a\u0107 wewn\u0105trz nowej serii PRO. Luksusowy wygl\u0105d PRO jest teraz dost\u0119pny w mniejszej szeroko\u015bci 91 cm, zapewniaj\u0105c nowe mo\u017cliwo\u015bci projektowania zar\u00f3wno dla ma\u0142ych, jak i du\u017cych kuchni. Wyposa\u017cona w najbardziej zaawansowany system konserwacji, nowa lod\u00f3wka PRO 36 nadal spe\u0142nia nasz\u0105 obietnic\u0119 d\u0142u\u017cszego utrzymywania \u015bwie\u017co\u015bci \u017cywno\u015bci.<\/p>\n","protected":false},"featured_media":423,"comment_status":"closed","ping_status":"closed","template":"","meta":{"_acf_changed":false,"inline_featured_image":false},"product_cat":[20,28,19],"product_tag":[],"class_list":{"0":"post-422","1":"product","2":"type-product","3":"status-publish","4":"has-post-thumbnail","6":"product_cat-chlodnictwo","7":"product_cat-pro","8":"product_cat-subzero","9":"has-post-title","10":"has-post-date","11":"has-post-category","12":"has-post-tag","13":"has-post-comment","14":"has-post-author","15":"","17":"first","18":"instock","19":"shipping-taxable","20":"product-type-simple"},"acf":[],"builder_content":"","_links":{"self":[{"href":"https:\/\/www.subzerowolf.cz\/pl\/wp-json\/wp\/v2\/product\/422","targetHints":{"allow":["GET"]}}],"collection":[{"href":"https:\/\/www.subzerowolf.cz\/pl\/wp-json\/wp\/v2\/product"}],"about":[{"href":"https:\/\/www.subzerowolf.cz\/pl\/wp-json\/wp\/v2\/types\/product"}],"replies":[{"embeddable":true,"href":"https:\/\/www.subzerowolf.cz\/pl\/wp-json\/wp\/v2\/comments?post=422"}],"wp:featuredmedia":[{"embeddable":true,"href":"https:\/\/www.subzerowolf.cz\/pl\/wp-json\/wp\/v2\/media\/423"}],"wp:attachment":[{"href":"https:\/\/www.subzerowolf.cz\/pl\/wp-json\/wp\/v2\/media?parent=422"}],"wp:term":[{"taxonomy":"product_cat","embeddable":true,"href":"https:\/\/www.subzerowolf.cz\/pl\/wp-json\/wp\/v2\/product_cat?post=422"},{"taxonomy":"product_tag","embeddable":true,"href":"https:\/\/www.subzerowolf.cz\/pl\/wp-json\/wp\/v2\/product_tag?post=422"}],"curies":[{"name":"wp","href":"https:\/\/api.w.org\/{rel}","templated":true}]}}