{"id":432,"date":"2023-08-05T10:00:04","date_gmt":"2023-08-05T08:00:04","guid":{"rendered":"https:\/\/www.subzerowolf.cz\/?post_type=product&#038;p=432"},"modified":"2024-03-12T11:14:12","modified_gmt":"2024-03-12T10:14:12","slug":"chlodziarka-na-napoje-610-mm-icbdeu2450bg","status":"publish","type":"product","link":"https:\/\/www.subzerowolf.cz\/pl\/produkt\/chlodziarka-na-napoje-610-mm-icbdeu2450bg\/","title":{"rendered":"Ch\u0142odziarka na Napoje 610 mm"},"content":{"rendered":"<ul>\n<li>Standardowo do pe\u0142nej zabudowy meblowej<\/li>\n<li>Opcjonalnie dost\u0119pne fronty stalowe z uchwytami Tubular lub PRO<\/li>\n<li>Opatentowana, w pe\u0142ni wysuwana pionowa p\u00f3\u0142ka na napoje jest wyposa\u017cona w regulowane bramki, kt\u00f3re mocuj\u0105 zawarto\u015b\u0107 w pozycji pionowej i na miejscu oraz sk\u0142adaj\u0105 si\u0119 na p\u0142asko, aby zrobi\u0107 miejsce na niepor\u0119czne przedmioty<\/li>\n<li>Wielofunkcyjna p\u00f3\u0142ka z pe\u0142nym wysuwem oferuje du\u017co miejsca do przechowywania butelek, napoj\u00f3w bezalkoholowych i \u017cywno\u015bci<\/li>\n<li>Intuicyjny, dotykowy panel sterowania na drzwiach zapewnia ergonomiczny i wygodny dost\u0119p do ustawie\u0144<\/li>\n<li>Nanopowlekane, odporne na zalanie p\u00f3\u0142ki u\u0142atwiaj\u0105 utrzymanie czysto\u015bci<\/li>\n<li>Odporne na promieniowanie UV szklane drzwi chroni\u0105 \u017cywno\u015b\u0107 i napoje przed szkodliwym \u015bwiat\u0142em, kt\u00f3re przyspiesza ich psucie si\u0119<\/li>\n<li>Magnetyczne uszczelki drzwi blokuj\u0105 zimne powietrze, zapewniaj\u0105c \u015bwie\u017co\u015b\u0107 i doskona\u0142\u0105 efektywno\u015b\u0107 energetyczn\u0105<\/li>\n<li>Oferuje precyzyjn\u0105 kontrol\u0119 temperatury w zakresie jednego stopnia warto\u015bci zadanej, zachowuj\u0105c optymaln\u0105 temperatur\u0119 wina, piwa rzemie\u015blniczego, nabia\u0142u, produkt\u00f3w i innych \u0142atwo psuj\u0105cych si\u0119 produkt\u00f3w<\/li>\n<li>Mi\u0119kkie o\u015bwietlenie LED w pe\u0142ni o\u015bwietla wn\u0119trze, gdy drzwi s\u0105 otwarte i mo\u017cna je dostosowa\u0107 do czterech unikalnych ustawie\u0144 o\u015bwietlenia akcentuj\u0105cego w trybie gotowo\u015bci<\/li>\n<li>Sub-Zero oferuje wiod\u0105c\u0105 w bran\u017cy pi\u0119cioletni\u0105 gwarancj\u0119<\/li>\n<\/ul>\n","protected":false},"excerpt":{"rendered":"<p class=\"p1\">Beverage Center &#8211; czyli ch\u0142odziarka na napoje &#8211; nasza nowo\u015b\u0107, kt\u00f3ra idealne sprawdzi si\u0119 zar\u00f3wno w kuchni, jak i domowym kinie, pokoju zabaw czy gabinecie. Zgromad\u017a wino i pozosta\u0142em ulubione napoje w jednym miejscu.<\/p>\n","protected":false},"featured_media":433,"comment_status":"closed","ping_status":"closed","template":"","meta":{"_acf_changed":false,"inline_featured_image":false},"product_cat":[20,29,19],"product_tag":[],"class_list":{"0":"post-432","1":"product","2":"type-product","3":"status-publish","4":"has-post-thumbnail","6":"product_cat-chlodnictwo","7":"product_cat-chlodziarki-podblatowe","8":"product_cat-subzero","9":"has-post-title","10":"has-post-date","11":"has-post-category","12":"has-post-tag","13":"has-post-comment","14":"has-post-author","15":"","17":"first","18":"instock","19":"shipping-taxable","20":"product-type-simple"},"acf":[],"builder_content":"","_links":{"self":[{"href":"https:\/\/www.subzerowolf.cz\/pl\/wp-json\/wp\/v2\/product\/432","targetHints":{"allow":["GET"]}}],"collection":[{"href":"https:\/\/www.subzerowolf.cz\/pl\/wp-json\/wp\/v2\/product"}],"about":[{"href":"https:\/\/www.subzerowolf.cz\/pl\/wp-json\/wp\/v2\/types\/product"}],"replies":[{"embeddable":true,"href":"https:\/\/www.subzerowolf.cz\/pl\/wp-json\/wp\/v2\/comments?post=432"}],"wp:featuredmedia":[{"embeddable":true,"href":"https:\/\/www.subzerowolf.cz\/pl\/wp-json\/wp\/v2\/media\/433"}],"wp:attachment":[{"href":"https:\/\/www.subzerowolf.cz\/pl\/wp-json\/wp\/v2\/media?parent=432"}],"wp:term":[{"taxonomy":"product_cat","embeddable":true,"href":"https:\/\/www.subzerowolf.cz\/pl\/wp-json\/wp\/v2\/product_cat?post=432"},{"taxonomy":"product_tag","embeddable":true,"href":"https:\/\/www.subzerowolf.cz\/pl\/wp-json\/wp\/v2\/product_tag?post=432"}],"curies":[{"name":"wp","href":"https:\/\/api.w.org\/{rel}","templated":true}]}}