{"id":504,"date":"2023-08-05T10:02:17","date_gmt":"2023-08-05T08:02:17","guid":{"rendered":"https:\/\/www.subzerowolf.cz\/?post_type=product&#038;p=504"},"modified":"2024-03-12T11:12:08","modified_gmt":"2024-03-12T10:12:08","slug":"chlodziarka-podblatowa-610-mm-icbdeu2450r","status":"publish","type":"product","link":"https:\/\/www.subzerowolf.cz\/pl\/produkt\/chlodziarka-podblatowa-610-mm-icbdeu2450r\/","title":{"rendered":"Ch\u0142odziarka Podblatowa 610 mm"},"content":{"rendered":"<ul>\n<li>Standardowo do pe\u0142nej zabudowy meblowej<\/li>\n<li>Opcjonalnie dost\u0119pne fronty stalowe z uchwytami Tubular lub PRO<\/li>\n<li>Elastyczne opcje przechowywania z jedn\u0105 stacjonarn\u0105 i dwiema regulowanymi p\u00f3\u0142kami<\/li>\n<li>Dwie p\u00f3\u0142ki na drzwiach z \u0142atwo\u015bci\u0105 pomieszcz\u0105 szerok\u0105 gam\u0119 przypraw i napoj\u00f3w, z du\u017c\u0105 ilo\u015bci\u0105 miejsca na wi\u0119ksze dwulitrowe butelki<\/li>\n<li>Intuicyjny, dotykowy panel sterowania na drzwiach zapewnia ergonomiczny, wygodny dost\u0119p do ustawie\u0144<\/li>\n<li>Czyszczenie jest proste dzi\u0119ki nano powlekanej, odpornej na zalanie p\u00f3\u0142ce<\/li>\n<li>Przezroczysta szuflada zapewnia szybki dost\u0119p do niezb\u0119dnych przedmiot\u00f3w<\/li>\n<li>Oferuje precyzyjn\u0105 kontrol\u0119 temperatury w zakresie jednego stopnia warto\u015bci zadanej, zachowuj\u0105c nabia\u0142, produkty, piwo rzemie\u015blnicze i inne \u0142atwo psuj\u0105ce si\u0119 produkty w ich optymalnej temperaturze<\/li>\n<li>Delikatne o\u015bwietlenie LED w pe\u0142ni o\u015bwietla wn\u0119trze, gdy drzwi s\u0105 otwarte<\/li>\n<li>Sub-Zero oferuje wiod\u0105c\u0105 w bran\u017cy pi\u0119cioletni\u0105 gwarancj\u0119<\/li>\n<\/ul>\n","protected":false},"excerpt":{"rendered":"<p class=\"p1\">Wygodny rozmiar sprawia, \u017ce ch\u0142odziarka zmie\u015bci si\u0119 wsz\u0119dzie tam, gdzie jest najbardziej potrzebna. Dodaj komfort i wygod\u0119 do swojego g\u0142\u00f3wnego apartamentu. Stw\u00f3rz wspania\u0142y bar koktajlowy w gabinecie. Mo\u017cliwo\u015bci s\u0105 naprawd\u0119 nieograniczone.<\/p>\n","protected":false},"featured_media":505,"comment_status":"closed","ping_status":"closed","template":"","meta":{"_acf_changed":false,"inline_featured_image":false},"product_cat":[20,29,19],"product_tag":[],"class_list":{"0":"post-504","1":"product","2":"type-product","3":"status-publish","4":"has-post-thumbnail","6":"product_cat-chlodnictwo","7":"product_cat-chlodziarki-podblatowe","8":"product_cat-subzero","9":"has-post-title","10":"has-post-date","11":"has-post-category","12":"has-post-tag","13":"has-post-comment","14":"has-post-author","15":"","17":"first","18":"instock","19":"shipping-taxable","20":"product-type-simple"},"acf":[],"builder_content":"","_links":{"self":[{"href":"https:\/\/www.subzerowolf.cz\/pl\/wp-json\/wp\/v2\/product\/504","targetHints":{"allow":["GET"]}}],"collection":[{"href":"https:\/\/www.subzerowolf.cz\/pl\/wp-json\/wp\/v2\/product"}],"about":[{"href":"https:\/\/www.subzerowolf.cz\/pl\/wp-json\/wp\/v2\/types\/product"}],"replies":[{"embeddable":true,"href":"https:\/\/www.subzerowolf.cz\/pl\/wp-json\/wp\/v2\/comments?post=504"}],"wp:featuredmedia":[{"embeddable":true,"href":"https:\/\/www.subzerowolf.cz\/pl\/wp-json\/wp\/v2\/media\/505"}],"wp:attachment":[{"href":"https:\/\/www.subzerowolf.cz\/pl\/wp-json\/wp\/v2\/media?parent=504"}],"wp:term":[{"taxonomy":"product_cat","embeddable":true,"href":"https:\/\/www.subzerowolf.cz\/pl\/wp-json\/wp\/v2\/product_cat?post=504"},{"taxonomy":"product_tag","embeddable":true,"href":"https:\/\/www.subzerowolf.cz\/pl\/wp-json\/wp\/v2\/product_tag?post=504"}],"curies":[{"name":"wp","href":"https:\/\/api.w.org\/{rel}","templated":true}]}}