{"id":509,"date":"2023-08-05T10:01:15","date_gmt":"2023-08-05T08:01:15","guid":{"rendered":"https:\/\/www.subzerowolf.cz\/?post_type=product&#038;p=509"},"modified":"2024-03-12T11:13:02","modified_gmt":"2024-03-12T10:13:02","slug":"chlodziarka-podblatowa-na-wino-610-mm-icbdeu2450w","status":"publish","type":"product","link":"https:\/\/www.subzerowolf.cz\/pl\/produkt\/chlodziarka-podblatowa-na-wino-610-mm-icbdeu2450w\/","title":{"rendered":"Ch\u0142odziarka Podblatowa na Wino 610 mm"},"content":{"rendered":"<ul>\n<li>Standardowo przygotowana do zabudowy meblowej<\/li>\n<li>Pojemno\u015b\u0107 na 42 butelki<\/li>\n<li>\u0141atwe dostosowywanie ustawie\u0144 jednym dotkni\u0119ciem palca za po\u015brednictwem wygodnie dost\u0119pnego dotykowego panelu sterowania<\/li>\n<li>Przechowywanie czerwonych i bia\u0142ych win w oddzielnych strefach temperaturowych, kt\u00f3re utrzymuj\u0105 wino w odpowiedniej temperaturze serwowania, z dok\u0142adno\u015bci\u0105 do jednego stopnia warto\u015bci zadanej<\/li>\n<li>Dwie szuflady ch\u0142odnicze<\/li>\n<li>Stojaki na wino z pe\u0142nym wysuwem zapewniaj\u0105 \u0142atwy dost\u0119p do butelek o standardowych rozmiarach, p\u00f3\u0142butelek i magnum\u00f3w<\/li>\n<li>Odporne na promieniowanie UV szklane drzwi chroni\u0105 wino przed szkodliwym \u015bwiat\u0142em<\/li>\n<li>System p\u0142ytek inwentaryzacyjnych u\u0142atwia organizacj\u0119 kolekcji<\/li>\n<li>Sub-Zero oferuje wiod\u0105c\u0105 w bran\u017cy pi\u0119cioletni\u0105 gwarancj\u0119<\/li>\n<li>Dost\u0119pne fronty stalowe z oryginalnymi uchwytami Tubular lub PRO<\/li>\n<\/ul>\n","protected":false},"excerpt":{"rendered":"<p class=\"p1\">Temperatura, wilgotno\u015b\u0107, \u015bwiat\u0142o, wibracje \u2013 wszystko to mo\u017ce zaszkodzi\u0107 smakowi ulubionego Chablis lub Cabernet. Ale nasza 61-centymetrowa zintegrowana ch\u0142odziarka na wino \u0142\u0105czy w sobie najwy\u017cszej jako\u015bci materia\u0142y, zaawansowane technologie i 75-letni\u0105 tradycj\u0119 ameryka\u0144skiego rzemios\u0142a, aby pokona\u0107 wrog\u00f3w wina i upewni\u0107 si\u0119, \u017ce zawsze uzyskasz to, co najlepsze z ka\u017cdego kieliszka.<\/p>\n","protected":false},"featured_media":510,"comment_status":"closed","ping_status":"closed","template":"","meta":{"_acf_changed":false,"inline_featured_image":false},"product_cat":[20,27,29,19],"product_tag":[],"class_list":{"0":"post-509","1":"product","2":"type-product","3":"status-publish","4":"has-post-thumbnail","6":"product_cat-chlodnictwo","7":"product_cat-chlodziarki-do-wina","8":"product_cat-chlodziarki-podblatowe","9":"product_cat-subzero","10":"has-post-title","11":"has-post-date","12":"has-post-category","13":"has-post-tag","14":"has-post-comment","15":"has-post-author","16":"","18":"first","19":"instock","20":"shipping-taxable","21":"product-type-simple"},"acf":[],"builder_content":"","_links":{"self":[{"href":"https:\/\/www.subzerowolf.cz\/pl\/wp-json\/wp\/v2\/product\/509","targetHints":{"allow":["GET"]}}],"collection":[{"href":"https:\/\/www.subzerowolf.cz\/pl\/wp-json\/wp\/v2\/product"}],"about":[{"href":"https:\/\/www.subzerowolf.cz\/pl\/wp-json\/wp\/v2\/types\/product"}],"replies":[{"embeddable":true,"href":"https:\/\/www.subzerowolf.cz\/pl\/wp-json\/wp\/v2\/comments?post=509"}],"wp:featuredmedia":[{"embeddable":true,"href":"https:\/\/www.subzerowolf.cz\/pl\/wp-json\/wp\/v2\/media\/510"}],"wp:attachment":[{"href":"https:\/\/www.subzerowolf.cz\/pl\/wp-json\/wp\/v2\/media?parent=509"}],"wp:term":[{"taxonomy":"product_cat","embeddable":true,"href":"https:\/\/www.subzerowolf.cz\/pl\/wp-json\/wp\/v2\/product_cat?post=509"},{"taxonomy":"product_tag","embeddable":true,"href":"https:\/\/www.subzerowolf.cz\/pl\/wp-json\/wp\/v2\/product_tag?post=509"}],"curies":[{"name":"wp","href":"https:\/\/api.w.org\/{rel}","templated":true}]}}