{"id":515,"date":"2023-08-05T10:03:44","date_gmt":"2023-08-05T08:03:44","guid":{"rendered":"https:\/\/www.subzerowolf.cz\/?post_type=product&#038;p=515"},"modified":"2024-03-12T11:11:04","modified_gmt":"2024-03-12T10:11:04","slug":"chlodziarka-podblatowa-szufladowa-610mm-icbid-24ro","status":"publish","type":"product","link":"https:\/\/www.subzerowolf.cz\/pl\/produkt\/chlodziarka-podblatowa-szufladowa-610mm-icbid-24ro\/","title":{"rendered":"Ch\u0142odziarka Podblatowa Szufladowa 610 mm"},"content":{"rendered":"<ul>\n<li class=\"li1\"><span class=\"s1\">Gotowy do monta\u017cu z niestandardowymi panelami i uchwytami w celu dopasowania do szafek.<\/span><\/li>\n<li class=\"li1\"><span class=\"s1\">Delikatne o\u015bwietlenie LED o r\u00f3\u017cnym stopniu jasno\u015bci.<\/span><\/li>\n<li class=\"li1\">Inteligentne dotykowe elementy steruj\u0105ce zapewniaj\u0105ce \u0142atwy dost\u0119p do wi\u0119kszej liczby ustawie\u0144.<\/li>\n<li class=\"li1\">Delikatne zamykanie drzwi i szuflad..<\/li>\n<li class=\"li1\">Doskona\u0142e uszczelnienie utrzymuje nisk\u0105 temperatur\u0119 i wysok\u0105 wilgotno\u015b\u0107 dla optymalnej \u015bwie\u017co\u015bci.<\/li>\n<li class=\"li1\">Odporne na warunki atmosferyczne akcesoria panelowe ze stali nierdzewnej chroni\u0105 przed promieniami UV, sol\u0105 i wilgoci\u0105.<\/li>\n<\/ul>\n","protected":false},"excerpt":{"rendered":"<p class=\"p1\">Przenie\u015b wyznaczaj\u0105cy standardy design i beztrosk\u0105 wydajno\u015b\u0107 Sub-Zero do swojej kuchni na \u015bwie\u017cym powietrzu. Dzi\u0119ki szufladom lod\u00f3wki zewn\u0119trznej Sub-Zero 61 cm, zaawansowane funkcje przechowywania \u017cywno\u015bci zapewniaj\u0105 \u015bwie\u017c\u0105 \u017cywno\u015b\u0107 i napoje na wyci\u0105gni\u0119cie r\u0119ki. Nasze szuflady zewn\u0119trzne, w po\u0142\u0105czeniu z panelami zewn\u0119trznymi, zosta\u0142y zaprojektowane do pracy w temperaturach do 43\u00b0C i pokryte grub\u0105 stal\u0105 nierdzewn\u0105, kt\u00f3ra jest odporna na promienie UV, s\u00f3l i wilgo\u0107 &#8211; elementy, kt\u00f3re mog\u0142yby spowodowa\u0107 korozj\u0119 mniejszych materia\u0142\u00f3w.<\/p>\n","protected":false},"featured_media":358,"comment_status":"closed","ping_status":"closed","template":"","meta":{"_acf_changed":false,"inline_featured_image":false},"product_cat":[20,45,29,43,19],"product_tag":[],"class_list":{"0":"post-515","1":"product","2":"type-product","3":"status-publish","4":"has-post-thumbnail","6":"product_cat-chlodnictwo","7":"product_cat-chlodnictwo-0utdoor","8":"product_cat-chlodziarki-podblatowe","9":"product_cat-0utdoor","10":"product_cat-subzero","11":"has-post-title","12":"has-post-date","13":"has-post-category","14":"has-post-tag","15":"has-post-comment","16":"has-post-author","17":"","19":"first","20":"instock","21":"shipping-taxable","22":"product-type-simple"},"acf":[],"builder_content":"","_links":{"self":[{"href":"https:\/\/www.subzerowolf.cz\/pl\/wp-json\/wp\/v2\/product\/515","targetHints":{"allow":["GET"]}}],"collection":[{"href":"https:\/\/www.subzerowolf.cz\/pl\/wp-json\/wp\/v2\/product"}],"about":[{"href":"https:\/\/www.subzerowolf.cz\/pl\/wp-json\/wp\/v2\/types\/product"}],"replies":[{"embeddable":true,"href":"https:\/\/www.subzerowolf.cz\/pl\/wp-json\/wp\/v2\/comments?post=515"}],"wp:featuredmedia":[{"embeddable":true,"href":"https:\/\/www.subzerowolf.cz\/pl\/wp-json\/wp\/v2\/media\/358"}],"wp:attachment":[{"href":"https:\/\/www.subzerowolf.cz\/pl\/wp-json\/wp\/v2\/media?parent=515"}],"wp:term":[{"taxonomy":"product_cat","embeddable":true,"href":"https:\/\/www.subzerowolf.cz\/pl\/wp-json\/wp\/v2\/product_cat?post=515"},{"taxonomy":"product_tag","embeddable":true,"href":"https:\/\/www.subzerowolf.cz\/pl\/wp-json\/wp\/v2\/product_tag?post=515"}],"curies":[{"name":"wp","href":"https:\/\/api.w.org\/{rel}","templated":true}]}}