{"id":538,"date":"2023-08-07T10:12:13","date_gmt":"2023-08-07T08:12:13","guid":{"rendered":"https:\/\/www.subzerowolf.cz\/?post_type=product&#038;p=538"},"modified":"2024-03-12T10:48:23","modified_gmt":"2024-03-12T09:48:23","slug":"kuchnia-indukcyjna-914-mm-icbir36550st","status":"publish","type":"product","link":"https:\/\/www.subzerowolf.cz\/pl\/produkt\/kuchnia-indukcyjna-914-mm-icbir36550st\/","title":{"rendered":"Kuchnia indukcyjna 914 mm"},"content":{"rendered":"<ul>\n<li>Odporna na zarysowania powierzchnia indukcyjna ze szk\u0142a ceramicznego zapewnia sta\u0142\u0105, precyzyjn\u0105 kontrol\u0119 temperatury i niemal natychmiastow\u0105 reakcj\u0119 na regulacj\u0119 temperatury<\/li>\n<li>Podw\u00f3jny system konwekcyjny VertiFlow\u2122 firmy Wolf zapewnia niezawodnie r\u00f3wnomierne ciep\u0142o, redukuje gor\u0105ce i zimne punkty oraz umo\u017cliwia sp\u00f3jne gotowanie na wielu poziomach<\/li>\n<li>Tryb Gourmet oferuje prawie 50 ustawie\u0144 wst\u0119pnych, kt\u00f3re automatycznie steruj\u0105 piekarnikiem, aby zapewni\u0107 pyszne rezultaty<\/li>\n<li>Dziesi\u0119\u0107 tryb\u00f3w gotowania, w tym Bake, Broil, Convection, Convection Roast, Dehydrate, Gourmet, Proof, Roast, Stone i Warm, zosta\u0142o opracowanych przez szef\u00f3w kuchni<\/li>\n<li>Wolf, aby zmaksymalizowa\u0107 wydajno\u015b\u0107 piekarnika<\/li>\n<li>Elegancki blat wyposa\u017cony jest w interaktywny wy\u015bwietlacz. Pe\u0142nokolorowy ekran dotykowy jest intuicyjny, \u0142atwy do odczytania i blokuje si\u0119 w celu zapewnienia bezpiecze\u0144stwa i czyszczenia<\/li>\n<li>Tryb Boost zapewnia szybkie nagrzewanie, skracaj\u0105c czas gotowania o 40%.<\/li>\n<li>Funkcja Bridge \u0142\u0105czy dwie strefy indukcyjne w jeden du\u017cy obszar, umo\u017cliwiaj\u0105c korzystanie z indukcyjnego rusztu czy pod\u0142u\u017cnej brytfanny<\/li>\n<li>Czyszczenie jest proste. G\u0142adka powierzchnia ze szk\u0142a ceramicznego jest odporna na uderzenia, zarysowania i plamy, a tak\u017ce \u0142atwo si\u0119 j\u0105 czy\u015bci<\/li>\n<li>Piekarnik oferuje funkcje samooczyszczania, op\u00f3\u017anionego startu i gotowania czasowego<\/li>\n<li>Sonda temperatury ostrzega, gdy potrawa osi\u0105gnie \u017c\u0105dan\u0105 temperatur\u0119.<\/li>\n<li>Konstrukcja ze stali nierdzewnej i czyste linie elegancko wsp\u00f3\u0142graj\u0105 z pe\u0142nym zestawem urz\u0105dze\u0144 Sub-Zero i Wolf.<\/li>\n<\/ul>\n","protected":false},"excerpt":{"rendered":"<p>Linia kuchni indukcyjnych Wolf zosta\u0142a ca\u0142kowicie przeprojektowana, aby zapewni\u0107 wsp\u00f3\u0142czesn\u0105 alternatyw\u0119 dla profesjonalnych urz\u0105dze\u0144.Zintegrowany, kolorowy ekran dotykowy zast\u0105pi\u0142 charakterystyczne pokr\u0119t\u0142a, w celu uzyskania wyrafinowanego, czystego profilu i lepszej funkcjonalno\u015bci.W nowoczesnej obudowie znajduj\u0105 si\u0119 wszystkie funkcje charakterystycznego dla firmy Wolf piekarnika z podw\u00f3jn\u0105 konwekcj\u0105.<\/p>\n","protected":false},"featured_media":2364,"comment_status":"closed","ping_status":"closed","template":"","meta":{"_acf_changed":false,"inline_featured_image":false},"product_cat":[30,32,31],"product_tag":[],"class_list":{"0":"post-538","1":"product","2":"type-product","3":"status-publish","4":"has-post-thumbnail","6":"product_cat-gotowanie","7":"product_cat-kuchnie-wolnostojace","8":"product_cat-wolf","9":"has-post-title","10":"has-post-date","11":"has-post-category","12":"has-post-tag","13":"has-post-comment","14":"has-post-author","15":"","17":"first","18":"instock","19":"shipping-taxable","20":"product-type-simple"},"acf":[],"builder_content":"","_links":{"self":[{"href":"https:\/\/www.subzerowolf.cz\/pl\/wp-json\/wp\/v2\/product\/538","targetHints":{"allow":["GET"]}}],"collection":[{"href":"https:\/\/www.subzerowolf.cz\/pl\/wp-json\/wp\/v2\/product"}],"about":[{"href":"https:\/\/www.subzerowolf.cz\/pl\/wp-json\/wp\/v2\/types\/product"}],"replies":[{"embeddable":true,"href":"https:\/\/www.subzerowolf.cz\/pl\/wp-json\/wp\/v2\/comments?post=538"}],"wp:featuredmedia":[{"embeddable":true,"href":"https:\/\/www.subzerowolf.cz\/pl\/wp-json\/wp\/v2\/media\/2364"}],"wp:attachment":[{"href":"https:\/\/www.subzerowolf.cz\/pl\/wp-json\/wp\/v2\/media?parent=538"}],"wp:term":[{"taxonomy":"product_cat","embeddable":true,"href":"https:\/\/www.subzerowolf.cz\/pl\/wp-json\/wp\/v2\/product_cat?post=538"},{"taxonomy":"product_tag","embeddable":true,"href":"https:\/\/www.subzerowolf.cz\/pl\/wp-json\/wp\/v2\/product_tag?post=538"}],"curies":[{"name":"wp","href":"https:\/\/api.w.org\/{rel}","templated":true}]}}