{"id":685,"date":"2023-08-07T10:02:25","date_gmt":"2023-08-07T08:02:25","guid":{"rendered":"https:\/\/www.subzerowolf.cz\/?post_type=product&#038;p=685"},"modified":"2024-03-12T10:59:02","modified_gmt":"2024-03-12T09:59:02","slug":"kuchnia-gazowo-elektryczna-4-palniki-i-teppanyaki-911-mm-icbdf36450gsp","status":"publish","type":"product","link":"https:\/\/www.subzerowolf.cz\/pl\/produkt\/kuchnia-gazowo-elektryczna-4-palniki-i-teppanyaki-911-mm-icbdf36450gsp\/","title":{"rendered":"Kuchnia Gazowo-Elektryczna 4-palniki i Teppanyaki 911 mm"},"content":{"rendered":"<ul class=\"ul1\">\n<li>Opatentowany przez firm\u0119 Wolf podw\u00f3jny, szczelny palnik gazowy zapewnia precyzyjn\u0105 kontrol\u0119 od wysokiej do niskiej temperatury oraz system zap\u0142onu iskrowego, kt\u00f3ry automatycznie zapala palnik<\/li>\n<li>Podw\u00f3jny system konwekcyjny VertiFlow\u2122 firmy Wolf zapewnia niezawodnie r\u00f3wnomierne ciep\u0142o, redukuje gor\u0105ce i zimne punkty oraz umo\u017cliwia sp\u00f3jne pieczenie na wielu poziomach<\/li>\n<li>Podw\u00f3jne palniki gazowe zapewniaj\u0105 kontrol\u0119 od wysokiej do niskiej temperatury, od szybkiego wrzenia i intensywnego sma\u017cenia do prawdziwego duszenia i beztroskiego topienia<\/li>\n<li>Tryb Gourmet oferuje prawie 50 ustawie\u0144 wst\u0119pnych, kt\u00f3re automatycznie steruj\u0105 piekarnikiem, aby zapewni\u0107 pyszne rezultaty<\/li>\n<li>Regulowany grill na podczerwie\u0144 ma wysokie i niskie ustawienie, dzi\u0119ki czemu doskonale radzi sobie z r\u00f3\u017cnymi potrawami, od stek\u00f3w i burger\u00f3w po delikatne filety rybne i warzywa<\/li>\n<li>Przeprojektowana p\u0142yta teppanyaki (ruszt) zapewnia r\u00f3wnomierne, precyzyjne podgrzewanie, z r\u00f3wn\u0105 finezj\u0105 radz\u0105c sobie ze \u015bniadaniami, jak i sma\u017conymi burgerami i warzywami<\/li>\n<li>Dziesi\u0119\u0107 tryb\u00f3w pieczenia, w tym Bake, Broil, Convection, Convection Roast, Dehydrate, Gourmet, Proof, Roast, Stone i Warm, zosta\u0142o opracowanych przez szef\u00f3w kuchni Wolf, aby zmaksymalizowa\u0107 wydajno\u015b\u0107 piekarnika<\/li>\n<li>Dla lepszej kontroli temperatury i bezpiecze\u0144stwa, system zap\u0142onu iskrowego automatycznie zapala palniki<\/li>\n<li>Pe\u0142nokolorowy ekran dotykowy jest intuicyjny i \u0142atwy do odczytania, dyskretnie ukryty, gdy nie jest u\u017cywany<\/li>\n<\/ul>\n","protected":false},"excerpt":{"rendered":"<p>Osi\u0105gaj pyszne rezultaty na wszystkich poziomach. Opatentowane przez firm\u0119 Wolf podw\u00f3jne, uszczelnione palniki gazowe zapewniaj\u0105 sta\u0142\u0105 kontrol\u0119 temperatury od wysokiej do niskiej. Dostosuj swoj\u0105 p\u0142yt\u0119 grzejn\u0105 za pomoc\u0105 nowo regulowanego grilla lub przeprojektowanej p\u0142yty teppanyaki.<\/p>\n<p>Poni\u017cej znajduje si\u0119 podw\u00f3jny piekarnik konwekcyjny firmy Wolf. Podw\u00f3jny system konwekcyjny VertiFlow\u2122 zapewnia sp\u00f3jne, aromatyczne gotowanie na wielu rusztach za ka\u017cdym razem. Inteligentny tryb Gourmet automatycznie steruje procesem gotowania, zapewniaj\u0105c uproszczone i pyszne rezultaty.<\/p>\n","protected":false},"featured_media":2361,"comment_status":"closed","ping_status":"closed","template":"","meta":{"_acf_changed":false,"inline_featured_image":false},"product_cat":[30,32,31],"product_tag":[],"class_list":{"0":"post-685","1":"product","2":"type-product","3":"status-publish","4":"has-post-thumbnail","6":"product_cat-gotowanie","7":"product_cat-kuchnie-wolnostojace","8":"product_cat-wolf","9":"has-post-title","10":"has-post-date","11":"has-post-category","12":"has-post-tag","13":"has-post-comment","14":"has-post-author","15":"","17":"first","18":"instock","19":"shipping-taxable","20":"product-type-simple"},"acf":[],"builder_content":"","_links":{"self":[{"href":"https:\/\/www.subzerowolf.cz\/pl\/wp-json\/wp\/v2\/product\/685","targetHints":{"allow":["GET"]}}],"collection":[{"href":"https:\/\/www.subzerowolf.cz\/pl\/wp-json\/wp\/v2\/product"}],"about":[{"href":"https:\/\/www.subzerowolf.cz\/pl\/wp-json\/wp\/v2\/types\/product"}],"replies":[{"embeddable":true,"href":"https:\/\/www.subzerowolf.cz\/pl\/wp-json\/wp\/v2\/comments?post=685"}],"wp:featuredmedia":[{"embeddable":true,"href":"https:\/\/www.subzerowolf.cz\/pl\/wp-json\/wp\/v2\/media\/2361"}],"wp:attachment":[{"href":"https:\/\/www.subzerowolf.cz\/pl\/wp-json\/wp\/v2\/media?parent=685"}],"wp:term":[{"taxonomy":"product_cat","embeddable":true,"href":"https:\/\/www.subzerowolf.cz\/pl\/wp-json\/wp\/v2\/product_cat?post=685"},{"taxonomy":"product_tag","embeddable":true,"href":"https:\/\/www.subzerowolf.cz\/pl\/wp-json\/wp\/v2\/product_tag?post=685"}],"curies":[{"name":"wp","href":"https:\/\/api.w.org\/{rel}","templated":true}]}}