{"id":693,"date":"2023-08-06T10:06:51","date_gmt":"2023-08-06T08:06:51","guid":{"rendered":"https:\/\/www.subzerowolf.cz\/?post_type=product&#038;p=693"},"modified":"2024-03-12T11:03:48","modified_gmt":"2024-03-12T10:03:48","slug":"piekarnik-do-zabudowy-seria-m-contemporary-icbso3050cms","status":"publish","type":"product","link":"https:\/\/www.subzerowolf.cz\/pl\/produkt\/piekarnik-do-zabudowy-seria-m-contemporary-icbso3050cms\/","title":{"rendered":"Piekarnik do zabudowy &#8211; Seria M &#8211; Contemporary"},"content":{"rendered":"<ul class=\"ul1\">\n<li>Zaawansowany system konwekcyjny Dual VertiFlow zapewnia szybsze podgrzewanie i r\u00f3wnomierne gotowanie na wszystkich poziomach<\/li>\n<li>Inteligentny tryb Gourmet automatycznie steruje procesem gotowania, zapewniaj\u0105c uproszczone i pyszne rezultaty<\/li>\n<li>Interaktywny kolorowy ekran dotykowy do zaawansowanej kontroli pieczenia<\/li>\n<li>Mo\u017cliwo\u015b\u0107 monta\u017cu w jednej p\u0142aszczy\u017anie z otaczaj\u0105cymi szafkami w celu uzyskania zintegrowanego wygl\u0105du<\/li>\n<li>Lepszy widok wn\u0119trza dzi\u0119ki potr\u00f3jnej szybie i trzem \u015bwiat\u0142om halogenowym<\/li>\n<li>Komora piekarnika o pojemno\u015bci 125L<\/li>\n<li>10 tryb\u00f3w gotowania dla przewidywalnie pysznych rezultat\u00f3w<\/li>\n<li>Specjalny tryb do pieczenia pizzy na kamieniu<\/li>\n<li>Wolf oferuje wiod\u0105c\u0105 na rynku 5-letni\u0105 gwarancj\u0119<\/li>\n<\/ul>\n","protected":false},"excerpt":{"rendered":"<p>Czy jest jakie\u015b popisowe danie, kt\u00f3rego nigdy nie odwa\u017cy\u0142e\u015b si\u0119 przygotowa\u0107? Mo\u017ce wo\u0142owina Wellington lub suflet czekoladowy? Teraz jest Tw\u00f3j czas, dzi\u0119ki nowemu piekarnikowi do zabudowy Wolf 76 cm z serii M. Dzi\u0119ki niemu nawet najtrudniejsze potrawy stan\u0105 si\u0119 dziecinnie proste. Wystarczy wybra\u0107 jeden z 10 precyzyjnych tryb\u00f3w gotowania, a piekarnik zapewni optymalne ciep\u0142o i przep\u0142yw powietrza dla potrawy. Brak gor\u0105cych lub zimnych miejsc, kt\u00f3re mog\u0142yby zepsu\u0107 wyniki. Pi\u0119knie przyrumieniony kurczak, idealne ciasteczka czekoladowe, chrupi\u0105ca zapiekanka. Jeste\u015b w kulinarnym niebie.<\/p>\n<p>System Dual VertiFlow\u2122 to nasz najbardziej zaawansowany system podw\u00f3jnej konwekcji, kt\u00f3ry szybko nasyca komor\u0119 piekarnika r\u00f3wnomiernym ciep\u0142em na wszystkich poziomach. Tryby gotowania s\u0105 precyzyjne i intuicyjne, aby zapewni\u0107, \u017ce posi\u0142ek, kt\u00f3ry przyniesiesz na st\u00f3\u0142, b\u0119dzie tak samo pyszny, jak posi\u0142ek, kt\u00f3ry mia\u0142e\u015b na my\u015bli. Funkcja Gourmet posiada menu przepis\u00f3w, kt\u00f3re automatycznie kontroluj\u0105 pieczenie, dzi\u0119ki czemu cz\u0119sto przygotowywane posi\u0142ki s\u0105 szybkie i \u0142atwe.<\/p>\n","protected":false},"featured_media":2343,"comment_status":"closed","ping_status":"closed","template":"","meta":{"_acf_changed":false,"inline_featured_image":false},"product_cat":[30,33],"product_tag":[],"class_list":{"0":"post-693","1":"product","2":"type-product","3":"status-publish","4":"has-post-thumbnail","6":"product_cat-gotowanie","7":"product_cat-piekarniki-do-zabudowy","8":"has-post-title","9":"has-post-date","10":"has-post-category","11":"has-post-tag","12":"has-post-comment","13":"has-post-author","14":"","16":"first","17":"instock","18":"shipping-taxable","19":"product-type-simple"},"acf":[],"builder_content":"","_links":{"self":[{"href":"https:\/\/www.subzerowolf.cz\/pl\/wp-json\/wp\/v2\/product\/693","targetHints":{"allow":["GET"]}}],"collection":[{"href":"https:\/\/www.subzerowolf.cz\/pl\/wp-json\/wp\/v2\/product"}],"about":[{"href":"https:\/\/www.subzerowolf.cz\/pl\/wp-json\/wp\/v2\/types\/product"}],"replies":[{"embeddable":true,"href":"https:\/\/www.subzerowolf.cz\/pl\/wp-json\/wp\/v2\/comments?post=693"}],"wp:featuredmedia":[{"embeddable":true,"href":"https:\/\/www.subzerowolf.cz\/pl\/wp-json\/wp\/v2\/media\/2343"}],"wp:attachment":[{"href":"https:\/\/www.subzerowolf.cz\/pl\/wp-json\/wp\/v2\/media?parent=693"}],"wp:term":[{"taxonomy":"product_cat","embeddable":true,"href":"https:\/\/www.subzerowolf.cz\/pl\/wp-json\/wp\/v2\/product_cat?post=693"},{"taxonomy":"product_tag","embeddable":true,"href":"https:\/\/www.subzerowolf.cz\/pl\/wp-json\/wp\/v2\/product_tag?post=693"}],"curies":[{"name":"wp","href":"https:\/\/api.w.org\/{rel}","templated":true}]}}