{"id":708,"date":"2023-08-06T10:11:13","date_gmt":"2023-08-06T08:11:13","guid":{"rendered":"https:\/\/www.subzerowolf.cz\/?post_type=product&#038;p=708"},"modified":"2024-03-12T10:59:45","modified_gmt":"2024-03-12T09:59:45","slug":"piekarnik-do-zabudowy-seria-e-transitional-icbso3050test","status":"publish","type":"product","link":"https:\/\/www.subzerowolf.cz\/pl\/produkt\/piekarnik-do-zabudowy-seria-e-transitional-icbso3050test\/","title":{"rendered":"Piekarnik do zabudowy &#8211; Seria E &#8211; Transitional"},"content":{"rendered":"<ul>\n<li>Podw\u00f3jny system konwekcyjny firmy Wolf zapewnia niezawodnie r\u00f3wnomierne ciep\u0142o, redukuje gor\u0105ce i zimne punkty oraz umo\u017cliwia sp\u00f3jne gotowanie na wielu poziomach<\/li>\n<li>Dziesi\u0119\u0107 tryb\u00f3w gotowania, w tym Bake, Broil, Convection, Convection Roast, Dehydrate, Gourmet, Proof, Roast, Stone i Warm, zosta\u0142o opracowanych przez szef\u00f3w kuchni<\/li>\n<li>Tryb Gourmet oferuje prawie 50 ustawie\u0144 wst\u0119pnych do automatycznego gotowania pysznego zestawu imponuj\u0105cych potraw<\/li>\n<li>Du\u017cy, kolorowy ekran dotykowy i elementy steruj\u0105ce ze stali nierdzewnej s\u0105 intuicyjne i \u0142atwe do odczytania<\/li>\n<li>Sonda temperatury ostrzega, gdy danie osi\u0105gnie \u017c\u0105dan\u0105 temperatur\u0119<\/li>\n<li>Piekarnik oferuje funkcje samooczyszczania, op\u00f3\u017anionego startu i gotowania czasowego<\/li>\n<li>Koordynuje z innymi urz\u0105dzeniami Sub-Zero i Wolf<\/li>\n<li>Wolf oferuje wiod\u0105c\u0105 na rynku 5-letni\u0105 gwarancj\u0119<\/li>\n<\/ul>\n","protected":false},"excerpt":{"rendered":"<p class=\"p1\">Piekarnik do zabudowy z serii E, charakteryzuj\u0105cy si\u0119 zwi\u0119kszon\u0105 wydajno\u015bci\u0105 gotowania wewn\u0105trz i czyst\u0105, przyjazn\u0105 dla wzornictwa estetyk\u0105 na zewn\u0105trz, jest imponuj\u0105cym produktem s\u0142ynnej in\u017cynierii i wzornictwa firmy Wolf.<\/p>\n<p class=\"p1\">Zaawansowany system podw\u00f3jnej konwekcji i sprawdzone przez szef\u00f3w kuchni tryby &#8211; w tym niewymagaj\u0105cy wysi\u0142ku tryb Gourmet &#8211; zapewniaj\u0105 gotowanie bez zgadywania i przewidywalnie pyszne rezultaty. Dzi\u0119ki wyrafinowanym, czystym liniom, wyra\u017any przej\u015bciowy styl piekarnika p\u0142ynnie integruje si\u0119 z kuchniami o r\u00f3\u017cnorodnej estetyce.<\/p>\n","protected":false},"featured_media":2352,"comment_status":"closed","ping_status":"closed","template":"","meta":{"_acf_changed":false,"inline_featured_image":false},"product_cat":[30,33,31],"product_tag":[],"class_list":{"0":"post-708","1":"product","2":"type-product","3":"status-publish","4":"has-post-thumbnail","6":"product_cat-gotowanie","7":"product_cat-piekarniki-do-zabudowy","8":"product_cat-wolf","9":"has-post-title","10":"has-post-date","11":"has-post-category","12":"has-post-tag","13":"has-post-comment","14":"has-post-author","15":"","17":"first","18":"instock","19":"shipping-taxable","20":"product-type-simple"},"acf":[],"builder_content":"","_links":{"self":[{"href":"https:\/\/www.subzerowolf.cz\/pl\/wp-json\/wp\/v2\/product\/708","targetHints":{"allow":["GET"]}}],"collection":[{"href":"https:\/\/www.subzerowolf.cz\/pl\/wp-json\/wp\/v2\/product"}],"about":[{"href":"https:\/\/www.subzerowolf.cz\/pl\/wp-json\/wp\/v2\/types\/product"}],"replies":[{"embeddable":true,"href":"https:\/\/www.subzerowolf.cz\/pl\/wp-json\/wp\/v2\/comments?post=708"}],"wp:featuredmedia":[{"embeddable":true,"href":"https:\/\/www.subzerowolf.cz\/pl\/wp-json\/wp\/v2\/media\/2352"}],"wp:attachment":[{"href":"https:\/\/www.subzerowolf.cz\/pl\/wp-json\/wp\/v2\/media?parent=708"}],"wp:term":[{"taxonomy":"product_cat","embeddable":true,"href":"https:\/\/www.subzerowolf.cz\/pl\/wp-json\/wp\/v2\/product_cat?post=708"},{"taxonomy":"product_tag","embeddable":true,"href":"https:\/\/www.subzerowolf.cz\/pl\/wp-json\/wp\/v2\/product_tag?post=708"}],"curies":[{"name":"wp","href":"https:\/\/api.w.org\/{rel}","templated":true}]}}