{"id":728,"date":"2023-08-13T10:05:55","date_gmt":"2023-08-13T08:05:55","guid":{"rendered":"https:\/\/www.subzerowolf.cz\/?post_type=product&#038;p=728"},"modified":"2024-03-12T10:02:49","modified_gmt":"2024-03-12T09:02:49","slug":"ekspres-do-kawy-seria-m-contemporary-steel-icbec3050cms","status":"publish","type":"product","link":"https:\/\/www.subzerowolf.cz\/pl\/produkt\/ekspres-do-kawy-seria-m-contemporary-steel-icbec3050cms\/","title":{"rendered":"Ekspres do kawy &#8211; Seria M &#8211; Contemporary Steel"},"content":{"rendered":"<ul class=\"ul1\">\n<li>Intuicyjny ekran dotykowy<\/li>\n<li>Zapisywanie ulubionych w sze\u015bciu niezale\u017cnych profilach u\u017cytkownika<\/li>\n<li>\u0141atwe modyfikowanie przepis\u00f3w na napoje<\/li>\n<li>Ponad 15 r\u00f3\u017cnych opcji napoj\u00f3w<\/li>\n<li>Izolowany pojemnik na mleko<\/li>\n<li>Akceptuje kaw\u0119 ziarnist\u0105 lub mielon\u0105<\/li>\n<li>Du\u017cy zbiornik na wod\u0119<\/li>\n<li>Podw\u00f3jna wylewka kawy z regulacj\u0105 wysoko\u015bci<\/li>\n<li>Pojemnik do czyszczenia i p\u0142ukania<\/li>\n<li>Prosta instalacja<\/li>\n<li>Pasuje do innych urz\u0105dze\u0144 Sub-Zero i Wolf<\/li>\n<li>Zapewniona niezawodno\u015b\u0107<\/li>\n<li>Wolf oferuje wiod\u0105c\u0105 w bran\u017cy pi\u0119cioletni\u0105 gwarancj\u0119<\/li>\n<\/ul>\n","protected":false},"excerpt":{"rendered":"<p class=\"p1\">Ekspresy do kawy Wolf przygotowuj\u0105 nie tylko wy\u015bmienit\u0105 kaw\u0119, ale te\u017c ciesz\u0105 oko w\u0142a\u015bcicieli swoim wygl\u0105dem. Wybierz poziom zmielenia ziaren, moc oraz preferencje dotycz\u0105ce ilo\u015bci mleka zgodnie z Twoim gustem. Dzi\u0119ki systemowi do spieniania do mleka, kt\u00f3ry jest niezale\u017cny od podawania kawy, ca\u0142o\u015b\u0107 jest \u0142atwa w utrzymaniu w czysto\u015bci.<\/p>\n","protected":false},"featured_media":2388,"comment_status":"closed","ping_status":"closed","template":"","meta":{"_acf_changed":false,"inline_featured_image":false},"product_cat":[35,30,31],"product_tag":[],"class_list":{"0":"post-728","1":"product","2":"type-product","3":"status-publish","4":"has-post-thumbnail","6":"product_cat-ekspresy-do-kawy","7":"product_cat-gotowanie","8":"product_cat-wolf","9":"has-post-title","10":"has-post-date","11":"has-post-category","12":"has-post-tag","13":"has-post-comment","14":"has-post-author","15":"","17":"first","18":"instock","19":"shipping-taxable","20":"product-type-simple"},"acf":[],"builder_content":"","_links":{"self":[{"href":"https:\/\/www.subzerowolf.cz\/pl\/wp-json\/wp\/v2\/product\/728","targetHints":{"allow":["GET"]}}],"collection":[{"href":"https:\/\/www.subzerowolf.cz\/pl\/wp-json\/wp\/v2\/product"}],"about":[{"href":"https:\/\/www.subzerowolf.cz\/pl\/wp-json\/wp\/v2\/types\/product"}],"replies":[{"embeddable":true,"href":"https:\/\/www.subzerowolf.cz\/pl\/wp-json\/wp\/v2\/comments?post=728"}],"wp:featuredmedia":[{"embeddable":true,"href":"https:\/\/www.subzerowolf.cz\/pl\/wp-json\/wp\/v2\/media\/2388"}],"wp:attachment":[{"href":"https:\/\/www.subzerowolf.cz\/pl\/wp-json\/wp\/v2\/media?parent=728"}],"wp:term":[{"taxonomy":"product_cat","embeddable":true,"href":"https:\/\/www.subzerowolf.cz\/pl\/wp-json\/wp\/v2\/product_cat?post=728"},{"taxonomy":"product_tag","embeddable":true,"href":"https:\/\/www.subzerowolf.cz\/pl\/wp-json\/wp\/v2\/product_tag?post=728"}],"curies":[{"name":"wp","href":"https:\/\/api.w.org\/{rel}","templated":true}]}}