{"id":740,"date":"2023-08-16T10:03:11","date_gmt":"2023-08-16T08:03:11","guid":{"rendered":"https:\/\/www.subzerowolf.cz\/?post_type=product&#038;p=740"},"modified":"2024-03-12T09:13:00","modified_gmt":"2024-03-12T08:13:00","slug":"szuflada-do-podgrzewania-60cm-icbcw24s","status":"publish","type":"product","link":"https:\/\/www.subzerowolf.cz\/pl\/produkt\/szuflada-do-podgrzewania-60cm-icbcw24s\/","title":{"rendered":"Szuflada do podgrzewania 60 cm"},"content":{"rendered":"<p class=\"p1\">Szuflada wykorzystuje cyrkulacj\u0119 powietrza, aby delikatnie ogrza\u0107 fili\u017canki do idealnej temperatury dla napoju, a jednocze\u015bnie utrzymuje je na tyle ch\u0142odne, \u017ce mo\u017cna je wygodnie trzyma\u0107. Ukryte elektroniczne sterowanie dotykowe umo\u017cliwia ustawienie zakresu temperatur od 29\u00b0C do 79\u00b0C, \u0142\u0105cznie z funkcj\u0105 automatycznego wy\u0142\u0105czania i op\u00f3\u017anionego startu. Szuflady z pe\u0142nym wysuwem i \u0142o\u017cyskami kulkowymi dzia\u0142aj\u0105 p\u0142ynnie, a pokrywaj\u0105ca ca\u0142\u0105 powierzchni\u0119, antypo\u015blizgowa mata zapobiega przesuwaniu si\u0119 fili\u017canek i zastawy sto\u0142owej. To godny dodatek do kuchni ka\u017cdego mi\u0142o\u015bnika kawy.<\/p>\n","protected":false},"excerpt":{"rendered":"<p class=\"p1\">Kawa to jedna z najwi\u0119kszych rado\u015bci \u017cycia \u2013 jej zapach, smak i oczywi\u015bcie niecierpliwe oczekiwanie na pierwsz\u0105 porann\u0105 fili\u017cank\u0119. Jednak porcelanowa fili\u017canka o temperaturze pokojowej szybko odbiera ciep\u0142o z napoju kawowego, przez co nie jest on tak przyjemny, jak powinien. Sugerujemy, aby wraz z ekspresem do kawy Wolf zainwestowa\u0107 w szuflad\u0119 do podgrzewania fili\u017canek Wolf, kt\u00f3ra jest idealnym towarzyszem zar\u00f3wno pod wzgl\u0119dem funkcjonalno\u015bci, jak i wygl\u0105du.<\/p>\n","protected":false},"featured_media":1616,"comment_status":"closed","ping_status":"closed","template":"","meta":{"_acf_changed":false,"inline_featured_image":false},"product_cat":[35,30,36,31],"product_tag":[],"class_list":{"0":"post-740","1":"product","2":"type-product","3":"status-publish","4":"has-post-thumbnail","6":"product_cat-ekspresy-do-kawy","7":"product_cat-gotowanie","8":"product_cat-szuflady","9":"product_cat-wolf","10":"has-post-title","11":"has-post-date","12":"has-post-category","13":"has-post-tag","14":"has-post-comment","15":"has-post-author","16":"","18":"first","19":"instock","20":"shipping-taxable","21":"product-type-simple"},"acf":[],"builder_content":"","_links":{"self":[{"href":"https:\/\/www.subzerowolf.cz\/pl\/wp-json\/wp\/v2\/product\/740","targetHints":{"allow":["GET"]}}],"collection":[{"href":"https:\/\/www.subzerowolf.cz\/pl\/wp-json\/wp\/v2\/product"}],"about":[{"href":"https:\/\/www.subzerowolf.cz\/pl\/wp-json\/wp\/v2\/types\/product"}],"replies":[{"embeddable":true,"href":"https:\/\/www.subzerowolf.cz\/pl\/wp-json\/wp\/v2\/comments?post=740"}],"wp:featuredmedia":[{"embeddable":true,"href":"https:\/\/www.subzerowolf.cz\/pl\/wp-json\/wp\/v2\/media\/1616"}],"wp:attachment":[{"href":"https:\/\/www.subzerowolf.cz\/pl\/wp-json\/wp\/v2\/media?parent=740"}],"wp:term":[{"taxonomy":"product_cat","embeddable":true,"href":"https:\/\/www.subzerowolf.cz\/pl\/wp-json\/wp\/v2\/product_cat?post=740"},{"taxonomy":"product_tag","embeddable":true,"href":"https:\/\/www.subzerowolf.cz\/pl\/wp-json\/wp\/v2\/product_tag?post=740"}],"curies":[{"name":"wp","href":"https:\/\/api.w.org\/{rel}","templated":true}]}}