{"id":742,"date":"2023-08-16T10:02:29","date_gmt":"2023-08-16T08:02:29","guid":{"rendered":"https:\/\/www.subzerowolf.cz\/?post_type=product&#038;p=742"},"modified":"2024-03-12T09:14:04","modified_gmt":"2024-03-12T08:14:04","slug":"szuflada-do-pakowania-prozniowego-icbvs24","status":"publish","type":"product","link":"https:\/\/www.subzerowolf.cz\/pl\/produkt\/szuflada-do-pakowania-prozniowego-icbvs24\/","title":{"rendered":"Szuflada do pakowania pr\u00f3\u017cniowego"},"content":{"rendered":"<ul>\n<li>Pasuje do kuchenek i piekarnik\u00f3w Wolf<\/li>\n<li>Wybierz spo\u015br\u00f3d czterech ustawie\u0144 ci\u015bnienia pr\u00f3\u017cni i czterech poziom\u00f3w zgrzewania<\/li>\n<li>Zawiera specjaln\u0105 przystawk\u0119 do uszczelniania i przechowywania otwartych butelek wina<\/li>\n<li>Zainstaluj w pobli\u017cu piekarnik\u00f3w Wolf i innych produkt\u00f3w, aby szybko marynowa\u0107 i wygodnie przygotowywa\u0107 metod\u0105 sous vide<\/li>\n<li>Ukryte elektroniczne elementy steruj\u0105ce<\/li>\n<li>Bezuchwytowe otwieranie szuflady<\/li>\n<li>Wolf oferuje wiod\u0105c\u0105 na rynku 5-letni\u0105 gwarancj\u0119<\/li>\n<\/ul>\n","protected":false},"excerpt":{"rendered":"<p>Szuflada do pakowania pr\u00f3\u017cniowego Wolf usuwa powietrze i uszczelniaj\u0105 \u017cywno\u015b\u0107 lub p\u0142yny, u\u0142atwiaj\u0105c przechowywanie, marynowanie i gotowanie. Ciesz si\u0119 niezliczon\u0105 ilo\u015bci\u0105 nowych, kreatywnych mo\u017cliwo\u015bci kuchennych, w tym niezmiennie pysznymi rezultatami przygotowywania sous vide, dzi\u0119ki Wolf.<\/p>\n","protected":false},"featured_media":743,"comment_status":"closed","ping_status":"closed","template":"","meta":{"_acf_changed":false,"inline_featured_image":false},"product_cat":[30,36,31],"product_tag":[],"class_list":{"0":"post-742","1":"product","2":"type-product","3":"status-publish","4":"has-post-thumbnail","6":"product_cat-gotowanie","7":"product_cat-szuflady","8":"product_cat-wolf","9":"has-post-title","10":"has-post-date","11":"has-post-category","12":"has-post-tag","13":"has-post-comment","14":"has-post-author","15":"","17":"first","18":"instock","19":"shipping-taxable","20":"product-type-simple"},"acf":[],"builder_content":"","_links":{"self":[{"href":"https:\/\/www.subzerowolf.cz\/pl\/wp-json\/wp\/v2\/product\/742","targetHints":{"allow":["GET"]}}],"collection":[{"href":"https:\/\/www.subzerowolf.cz\/pl\/wp-json\/wp\/v2\/product"}],"about":[{"href":"https:\/\/www.subzerowolf.cz\/pl\/wp-json\/wp\/v2\/types\/product"}],"replies":[{"embeddable":true,"href":"https:\/\/www.subzerowolf.cz\/pl\/wp-json\/wp\/v2\/comments?post=742"}],"wp:featuredmedia":[{"embeddable":true,"href":"https:\/\/www.subzerowolf.cz\/pl\/wp-json\/wp\/v2\/media\/743"}],"wp:attachment":[{"href":"https:\/\/www.subzerowolf.cz\/pl\/wp-json\/wp\/v2\/media?parent=742"}],"wp:term":[{"taxonomy":"product_cat","embeddable":true,"href":"https:\/\/www.subzerowolf.cz\/pl\/wp-json\/wp\/v2\/product_cat?post=742"},{"taxonomy":"product_tag","embeddable":true,"href":"https:\/\/www.subzerowolf.cz\/pl\/wp-json\/wp\/v2\/product_tag?post=742"}],"curies":[{"name":"wp","href":"https:\/\/api.w.org\/{rel}","templated":true}]}}