{"id":744,"date":"2023-08-16T10:01:12","date_gmt":"2023-08-16T08:01:12","guid":{"rendered":"https:\/\/www.subzerowolf.cz\/?post_type=product&#038;p=744"},"modified":"2024-03-12T09:14:47","modified_gmt":"2024-03-12T08:14:47","slug":"szuflada-do-podgrzewania-76cm-icbwwd30o","status":"publish","type":"product","link":"https:\/\/www.subzerowolf.cz\/pl\/produkt\/szuflada-do-podgrzewania-76cm-icbwwd30o\/","title":{"rendered":"Szuflada do podgrzewania 76 cm"},"content":{"rendered":"<ul>\n<li>Pasuje do kuchenek i piekarnik\u00f3w Wolf<\/li>\n<li>Przygotowana do zabudowy meblowej<\/li>\n<li>Zakres temperatur pracy od 27\u00b0C do 93\u00b0 C<\/li>\n<li>Dost\u0119pne fronty stalowe, kt\u00f3re pasuj\u0105 do pozosta\u0142ych urz\u0105dze\u0144 Wolf<\/li>\n<li>Ukryte elektroniczne elementy steruj\u0105ce<\/li>\n<li>Cztery wst\u0119pnie ustawione temperatury u\u0142atwiaj\u0105 podgrzewanie ulubionych potraw<\/li>\n<li>Automatyczne wy\u0142\u0105czanie<\/li>\n<li>Wspomaganie wentylatora dla r\u00f3wnomiernego rozprowadzania ciep\u0142a, kt\u00f3re utrzymuje wilgo\u0107 potraw, a chrupi\u0105ce potrawy takie pozostan\u0105.<\/li>\n<li>Wyjmowany stojak umo\u017cliwia podw\u00f3jne uk\u0142adanie produkt\u00f3w<\/li>\n<li>Szuflada z pe\u0142nym wysuwem dla \u0142atwego dost\u0119pu do \u017cywno\u015bci<\/li>\n<li>Mo\u017cna j\u0105 wyj\u0105\u0107 dla \u0142atwego czyszczenia<\/li>\n<li>Wolf oferuje wiod\u0105c\u0105 na rynku 5-letni\u0105 gwarancj\u0119<\/li>\n<\/ul>\n","protected":false},"excerpt":{"rendered":"<p>Praca, pi\u0142ka no\u017cna, joga. W niekt\u00f3re wieczory wydaje si\u0119, \u017ce ka\u017cdy cz\u0142onek rodziny ma inny harmonogram. Mi\u0142o jest wiedzie\u0107, \u017ce wszyscy mog\u0105 cieszy\u0107 si\u0119 kolacj\u0105 zgodnie z przeznaczeniem, pysznie \u015bwie\u017c\u0105 i ciep\u0142\u0105, dzi\u0119ki szufladzie grzewczej Wolf. Szeroka na 76 cm jest wystarczaj\u0105co pojemna, aby pomie\u015bci\u0107 przystawk\u0119 i kilka dodatk\u00f3w. Dzi\u0119ki doskona\u0142ej kontroli powietrza mo\u017cesz liczy\u0107 na to, \u017ce pieczony kurczak pozostanie soczysty, a chipsy jab\u0142kowe pozostan\u0105 chrupi\u0105ce.<\/p>\n<p>Wszystko smakuje lepiej na \u015bwie\u017cym powietrzu. Grillowanie na \u015bwie\u017cym powietrzu wi\u0105\u017ce si\u0119 jednak z pewnymi wyzwaniami. Jak utrzyma\u0107 ciep\u0142o pierwszej porcji stek\u00f3w lub burger\u00f3w dla go\u015bci, gdy czas na drug\u0105? Bardzo proste: zewn\u0119trzna szuflada do podgrzewania firmy Wolf. Dzi\u0119ki niej mo\u017cesz poda\u0107 wszystko w odpowiedniej temperaturze, niezale\u017cnie od tego, jak p\u00f3\u017ano przyjd\u0105 go\u015bcie lub cz\u0142onkowie rodziny. Je\u015bli masz basen, mo\u017cna j\u0105 wykorzysta\u0107 do podgrzewania r\u0119cznik\u00f3w oraz szlafrok\u00f3w, dop\u00f3ki nie wyjdziesz z wody.<\/p>\n","protected":false},"featured_media":1603,"comment_status":"closed","ping_status":"closed","template":"","meta":{"_acf_changed":false,"inline_featured_image":false},"product_cat":[30,43,46,36,31],"product_tag":[],"class_list":{"0":"post-744","1":"product","2":"type-product","3":"status-publish","4":"has-post-thumbnail","6":"product_cat-gotowanie","7":"product_cat-0utdoor","8":"product_cat-szuflady-outdoor","9":"product_cat-szuflady","10":"product_cat-wolf","11":"has-post-title","12":"has-post-date","13":"has-post-category","14":"has-post-tag","15":"has-post-comment","16":"has-post-author","17":"","19":"first","20":"instock","21":"shipping-taxable","22":"product-type-simple"},"acf":[],"builder_content":"","_links":{"self":[{"href":"https:\/\/www.subzerowolf.cz\/pl\/wp-json\/wp\/v2\/product\/744","targetHints":{"allow":["GET"]}}],"collection":[{"href":"https:\/\/www.subzerowolf.cz\/pl\/wp-json\/wp\/v2\/product"}],"about":[{"href":"https:\/\/www.subzerowolf.cz\/pl\/wp-json\/wp\/v2\/types\/product"}],"replies":[{"embeddable":true,"href":"https:\/\/www.subzerowolf.cz\/pl\/wp-json\/wp\/v2\/comments?post=744"}],"wp:featuredmedia":[{"embeddable":true,"href":"https:\/\/www.subzerowolf.cz\/pl\/wp-json\/wp\/v2\/media\/1603"}],"wp:attachment":[{"href":"https:\/\/www.subzerowolf.cz\/pl\/wp-json\/wp\/v2\/media?parent=744"}],"wp:term":[{"taxonomy":"product_cat","embeddable":true,"href":"https:\/\/www.subzerowolf.cz\/pl\/wp-json\/wp\/v2\/product_cat?post=744"},{"taxonomy":"product_tag","embeddable":true,"href":"https:\/\/www.subzerowolf.cz\/pl\/wp-json\/wp\/v2\/product_tag?post=744"}],"curies":[{"name":"wp","href":"https:\/\/api.w.org\/{rel}","templated":true}]}}