{"id":748,"date":"2023-08-11T10:02:38","date_gmt":"2023-08-11T08:02:38","guid":{"rendered":"https:\/\/www.subzerowolf.cz\/?post_type=product&#038;p=748"},"modified":"2024-03-12T10:34:19","modified_gmt":"2024-03-12T09:34:19","slug":"plyta-gazowa-4-palniki-grill-oraz-teppanyaki-icbsrt484cg","status":"publish","type":"product","link":"https:\/\/www.subzerowolf.cz\/pl\/produkt\/plyta-gazowa-4-palniki-grill-oraz-teppanyaki-icbsrt484cg\/","title":{"rendered":"P\u0142yta Gazowa &#8211; 4 palniki, Grill oraz Teppanyaki"},"content":{"rendered":"<ul class=\"ul1\">\n<li>Podw\u00f3jne palniki gazowe o mocy do 4,6 kW<\/li>\n<li>Modu\u0142 grilla gazowego o mocy 5,8 kW (w zale\u017cno\u015bci od konfiguracji)<\/li>\n<li>Modu\u0142 teppanyaki o mocy 5,5 kW ( w zale\u017cno\u015bci od konfiguracji)<\/li>\n<li>Modu\u0142 WOK o mocy 10 kW (w zale\u017cno\u015bci od konfiguracji)<\/li>\n<li>Wykonany z wytrzyma\u0142ej stali szlachetnej<\/li>\n<li>Automatyczny system kontroli p\u0142omienia<\/li>\n<li>\u017beliwne ruszty u\u0142atwiaj\u0105ce przesuwanie garnk\u00f3w i patelni<\/li>\n<li>\u0141atwo\u015b\u0107 w utrzymaniu w czysto\u015bci<\/li>\n<li>Wolf oferuje wiod\u0105c\u0105 w bran\u017cy pi\u0119cioletni\u0105 gwarancj\u0119<\/li>\n<\/ul>\n","protected":false},"excerpt":{"rendered":"<p class=\"p1\">Genialne urz\u0105dzenie dla domowych szef\u00f3w kuchni, kt\u00f3re \u0142\u0105czy moc i kontrol\u0119 podw\u00f3jnych palnik\u00f3w gazowych Wolf z opcjonalnymi modu\u0142ami teppanyaki, gazowym grillem lub modu\u0142em WOK. Urz\u0105dzenie jest idealnym uzupe\u0142nieniem piekarnik\u00f3w do zabudowy oraz estetycznie \u0142\u0105czy si\u0119 z pozosta\u0142ymi urz\u0105dzeniami Sub-Zero oraz Wolf. Charakterystyczne pokr\u0119t\u0142a do sterowania dost\u0119pne w wielu kolorach. Dost\u0119pne w rozmiarach 91cm oraz 122cm szeroko\u015bci. Dzi\u0119ki konstrukcji z jednego kawa\u0142ka stali, pozostaje \u0142atwa w utrzymaniu czysto\u015bci.<\/p>\n","protected":false},"featured_media":1647,"comment_status":"closed","ping_status":"closed","template":"","meta":{"_acf_changed":false,"inline_featured_image":false},"product_cat":[30,37,31],"product_tag":[],"class_list":{"0":"post-748","1":"product","2":"type-product","3":"status-publish","4":"has-post-thumbnail","6":"product_cat-gotowanie","7":"product_cat-plyty-gazowe-range-top","8":"product_cat-wolf","9":"has-post-title","10":"has-post-date","11":"has-post-category","12":"has-post-tag","13":"has-post-comment","14":"has-post-author","15":"","17":"first","18":"instock","19":"shipping-taxable","20":"product-type-simple"},"acf":[],"builder_content":"","_links":{"self":[{"href":"https:\/\/www.subzerowolf.cz\/pl\/wp-json\/wp\/v2\/product\/748","targetHints":{"allow":["GET"]}}],"collection":[{"href":"https:\/\/www.subzerowolf.cz\/pl\/wp-json\/wp\/v2\/product"}],"about":[{"href":"https:\/\/www.subzerowolf.cz\/pl\/wp-json\/wp\/v2\/types\/product"}],"replies":[{"embeddable":true,"href":"https:\/\/www.subzerowolf.cz\/pl\/wp-json\/wp\/v2\/comments?post=748"}],"wp:featuredmedia":[{"embeddable":true,"href":"https:\/\/www.subzerowolf.cz\/pl\/wp-json\/wp\/v2\/media\/1647"}],"wp:attachment":[{"href":"https:\/\/www.subzerowolf.cz\/pl\/wp-json\/wp\/v2\/media?parent=748"}],"wp:term":[{"taxonomy":"product_cat","embeddable":true,"href":"https:\/\/www.subzerowolf.cz\/pl\/wp-json\/wp\/v2\/product_cat?post=748"},{"taxonomy":"product_tag","embeddable":true,"href":"https:\/\/www.subzerowolf.cz\/pl\/wp-json\/wp\/v2\/product_tag?post=748"}],"curies":[{"name":"wp","href":"https:\/\/api.w.org\/{rel}","templated":true}]}}