{"id":760,"date":"2023-08-09T10:06:35","date_gmt":"2023-08-09T08:06:35","guid":{"rendered":"https:\/\/www.subzerowolf.cz\/?post_type=product&#038;p=760"},"modified":"2024-03-12T10:37:11","modified_gmt":"2024-03-12T09:37:11","slug":"plyta-indukcyjna-transitional-914-mm-icbci365tfs","status":"publish","type":"product","link":"https:\/\/www.subzerowolf.cz\/pl\/produkt\/plyta-indukcyjna-transitional-914-mm-icbci365tfs\/","title":{"rendered":"P\u0142yta Indukcyjna &#8211; Transitional &#8211; 914 mm"},"content":{"rendered":"<ul class=\"ul1\">\n<li>Sta\u0142a, precyzyjna kontrola i niemal natychmiastowa reakcja na temperatur\u0119<\/li>\n<li>Bardziej wydajny transfer ciep\u0142a \u2013 energia jest dostarczana bezpo\u015brednio do naczynia<\/li>\n<li>Mo\u017cliwo\u015b\u0107 monta\u017cu zlicowanego z blatem<\/li>\n<li>Intuicyjny, kolorowy ekran dotykowy LCD<\/li>\n<li>Regulacja mocy co p\u00f3\u0142 stopnia oraz tryb Boost, kt\u00f3ry zapewnia szybkie nagrzewanie i o 40% kr\u00f3tszy czas gotowania<\/li>\n<li>Mo\u017cliwo\u015bci \u0142\u0105czenia p\u00f3l, niezale\u017cne timery stref gotowania i funkcja pauzy dla dodatkowej kontroli i wszechstronno\u015bci<\/li>\n<li>Elementy steruj\u0105ce p\u0142yty grzejnej blokuj\u0105 si\u0119 automatycznie, gdy nie s\u0105 u\u017cywane<\/li>\n<li>Wolf oferuje wiod\u0105c\u0105 w bran\u017cy pe\u0142n\u0105 pi\u0119cioletni\u0105 gwarancj\u0119<\/li>\n<\/ul>\n","protected":false},"excerpt":{"rendered":"<p>Odkryj zalety indukcji. P\u0142yty indukcyjne Wolf \u0142\u0105cz\u0105 w sobie doskona\u0142\u0105 moc, szybko\u015b\u0107 i wydajno\u015b\u0107 z eleganckim wzornictwem i intuicyjnym sterowaniem. Dostarczaj\u0105c energi\u0119 bezpo\u015brednio do naczynia, indukcja zapewnia natychmiastow\u0105 reakcj\u0119 oraz bardziej sp\u00f3jne i precyzyjne ciep\u0142o ni\u017c p\u0142yta gazowa b\u0105d\u017a ceramiczna. Ustawienia mocy z regulacj\u0105 co p\u00f3\u0142 stopnia oferuj\u0105 szeroki zakres dok\u0142adnych temperatur. Tryb Boost wytwarza szybkie ciep\u0142o dla b\u0142yskawicznych czas\u00f3w wrzenia, podczas gdy czujniki reguluj\u0105 niskie ciep\u0142o do gotowania na wolnym ogniu, topienia i podgrzewania bez przypalania.<\/p>\n<p>Niesamowita pr\u0119dko\u015b\u0107. Precyzyjna kontrola. Wyj\u0105tkowa technologia. P\u0142yty indukcyjne Wolf dost\u0119pne s\u0105 w szeroko\u015bciach 60 cm, 76 cm i 91 cm. Modele Transitional z ram\u0105 doskonale \u0142\u0105cz\u0105 si\u0119 z p\u0142ytami modu\u0142owymi Wolf, tworz\u0105c idealn\u0105, niestandardow\u0105 konfiguracj\u0119 gotowania.<\/p>\n","protected":false},"featured_media":761,"comment_status":"closed","ping_status":"closed","template":"","meta":{"_acf_changed":false,"inline_featured_image":false},"product_cat":[30,38,31],"product_tag":[],"class_list":{"0":"post-760","1":"product","2":"type-product","3":"status-publish","4":"has-post-thumbnail","6":"product_cat-gotowanie","7":"product_cat-plyty-indukcyjne","8":"product_cat-wolf","9":"has-post-title","10":"has-post-date","11":"has-post-category","12":"has-post-tag","13":"has-post-comment","14":"has-post-author","15":"","17":"first","18":"instock","19":"shipping-taxable","20":"product-type-simple"},"acf":[],"builder_content":"","_links":{"self":[{"href":"https:\/\/www.subzerowolf.cz\/pl\/wp-json\/wp\/v2\/product\/760","targetHints":{"allow":["GET"]}}],"collection":[{"href":"https:\/\/www.subzerowolf.cz\/pl\/wp-json\/wp\/v2\/product"}],"about":[{"href":"https:\/\/www.subzerowolf.cz\/pl\/wp-json\/wp\/v2\/types\/product"}],"replies":[{"embeddable":true,"href":"https:\/\/www.subzerowolf.cz\/pl\/wp-json\/wp\/v2\/comments?post=760"}],"wp:featuredmedia":[{"embeddable":true,"href":"https:\/\/www.subzerowolf.cz\/pl\/wp-json\/wp\/v2\/media\/761"}],"wp:attachment":[{"href":"https:\/\/www.subzerowolf.cz\/pl\/wp-json\/wp\/v2\/media?parent=760"}],"wp:term":[{"taxonomy":"product_cat","embeddable":true,"href":"https:\/\/www.subzerowolf.cz\/pl\/wp-json\/wp\/v2\/product_cat?post=760"},{"taxonomy":"product_tag","embeddable":true,"href":"https:\/\/www.subzerowolf.cz\/pl\/wp-json\/wp\/v2\/product_tag?post=760"}],"curies":[{"name":"wp","href":"https:\/\/api.w.org\/{rel}","templated":true}]}}