{"id":774,"date":"2023-08-10T10:02:18","date_gmt":"2023-08-10T08:02:18","guid":{"rendered":"https:\/\/www.subzerowolf.cz\/?post_type=product&#038;p=774"},"modified":"2024-03-12T10:36:08","modified_gmt":"2024-03-12T09:36:08","slug":"plyta-gazowa-transitional-762-mm-icbcg304ts","status":"publish","type":"product","link":"https:\/\/www.subzerowolf.cz\/pl\/produkt\/plyta-gazowa-transitional-762-mm-icbcg304ts\/","title":{"rendered":"P\u0142yta Gazowa &#8211; Transitional &#8211;  762 mm"},"content":{"rendered":"<ul>\n<li>Nowoczesny system kontroli p\u0142omienia dla bezpiecze\u0144stwa u\u017cytkowania<\/li>\n<li>Automatyczny zapalnik p\u0142omienia<\/li>\n<li>Podw\u00f3jne palniki, zapewniaj\u0105ce idealn\u0105 kontrol\u0119 nad ogniem<\/li>\n<li>\u0141atwa w czyszczeniu<\/li>\n<li>Stylowe, nierdzewne pokr\u0119t\u0142a steruj\u0105ce dost\u0119pne w wielu kolorach<\/li>\n<li>\u017beliwny ruszt u\u0142atwiaj\u0105cy przesuwanie garnk\u00f3w i patelni<\/li>\n<li>Wolf oferuje wiod\u0105c\u0105 w bran\u017cy pi\u0119cioletni\u0105 gwarancj\u0119<\/li>\n<\/ul>\n","protected":false},"excerpt":{"rendered":"<p class=\"p1\">P\u0142yty gazowe Wolf uwielbiane s\u0105 zar\u00f3wno przez profesjonalnych, jak i domowych szef\u00f3w kuchni. Wyposa\u017cone w podw\u00f3jne palniki gazowe, oferuj\u0105 imponuj\u0105c\u0105 kontrol\u0119 nad moc\u0105 p\u0142omieni. Dzi\u0119ki temu mo\u017cesz delikatnie topi\u0107 czekolad\u0119, jak i wykorzysta\u0107 pe\u0142n\u0105 moc przy sma\u017ceniu stek\u00f3w. Dost\u0119pne w rozmiarach 76 oraz 91cm, w dw\u00f3ch wersjach estetycznych &#8211; Transitional oraz Professional. Wykonane s\u0105 z jednego kawa\u0142ka stali, bez widocznych \u0142\u0105cze\u0144, co pozwala na \u0142atwe utrzymanie w czysto\u015bci.<\/p>\n","protected":false},"featured_media":775,"comment_status":"closed","ping_status":"closed","template":"","meta":{"_acf_changed":false,"inline_featured_image":false},"product_cat":[30,39,31],"product_tag":[],"class_list":{"0":"post-774","1":"product","2":"type-product","3":"status-publish","4":"has-post-thumbnail","6":"product_cat-gotowanie","7":"product_cat-plyty-gazowe","8":"product_cat-wolf","9":"has-post-title","10":"has-post-date","11":"has-post-category","12":"has-post-tag","13":"has-post-comment","14":"has-post-author","15":"","17":"first","18":"instock","19":"shipping-taxable","20":"product-type-simple"},"acf":[],"builder_content":"","_links":{"self":[{"href":"https:\/\/www.subzerowolf.cz\/pl\/wp-json\/wp\/v2\/product\/774","targetHints":{"allow":["GET"]}}],"collection":[{"href":"https:\/\/www.subzerowolf.cz\/pl\/wp-json\/wp\/v2\/product"}],"about":[{"href":"https:\/\/www.subzerowolf.cz\/pl\/wp-json\/wp\/v2\/types\/product"}],"replies":[{"embeddable":true,"href":"https:\/\/www.subzerowolf.cz\/pl\/wp-json\/wp\/v2\/comments?post=774"}],"wp:featuredmedia":[{"embeddable":true,"href":"https:\/\/www.subzerowolf.cz\/pl\/wp-json\/wp\/v2\/media\/775"}],"wp:attachment":[{"href":"https:\/\/www.subzerowolf.cz\/pl\/wp-json\/wp\/v2\/media?parent=774"}],"wp:term":[{"taxonomy":"product_cat","embeddable":true,"href":"https:\/\/www.subzerowolf.cz\/pl\/wp-json\/wp\/v2\/product_cat?post=774"},{"taxonomy":"product_tag","embeddable":true,"href":"https:\/\/www.subzerowolf.cz\/pl\/wp-json\/wp\/v2\/product_tag?post=774"}],"curies":[{"name":"wp","href":"https:\/\/api.w.org\/{rel}","templated":true}]}}