{"id":776,"date":"2023-08-14T10:03:28","date_gmt":"2023-08-14T08:03:28","guid":{"rendered":"https:\/\/www.subzerowolf.cz\/?post_type=product&#038;p=776"},"modified":"2024-03-12T09:58:23","modified_gmt":"2024-03-12T08:58:23","slug":"modul-gazowy-wok-icbmm15tfs","status":"publish","type":"product","link":"https:\/\/www.subzerowolf.cz\/pl\/produkt\/modul-gazowy-wok-icbmm15tfs\/","title":{"rendered":"Modu\u0142 Gazowy &#8211; Wok"},"content":{"rendered":"<ul>\n<li>Wysokowydajny palnik o mocy do 8 kW<\/li>\n<li>Automatyczny system ponownego zap\u0142onu<\/li>\n<li>Innowacyjny ruszt \u201edwa w jednym\u201d do gotowania standardowego lub w woku<\/li>\n<li>Bezszwowa budowa dla \u0142atwego czyszczenia<\/li>\n<li>Pod\u015bwietlany panel sterowania<\/li>\n<li>Zintegrowana konstrukcja, smuk\u0142a szeroko\u015b\u0107 38 cm dobrze komponuje si\u0119 z innymi modu\u0142ami Wolf<\/li>\n<li>Wolf oferuje wiod\u0105c\u0105 w bran\u017cy pi\u0119cioletni\u0105 gwarancj\u0119<\/li>\n<\/ul>\n","protected":false},"excerpt":{"rendered":"<p class=\"p1\">To co\u015b pi\u0119knego \u2013 zw\u0142aszcza je\u015bli Twoj\u0105 specjalno\u015bci\u0105 jest sma\u017cenie. Palnik modu\u0142u wielofunkcyjnego Wolf 38 cm kszta\u0142tuje p\u0142omie\u0144 w pi\u00f3ropusz, skupiaj\u0105c ciep\u0142o w \u015brodku woka, a nast\u0119pnie rozprasza je na zewn\u0105trz, zapewniaj\u0105c precyzyjnie kontrolowane gotowanie. Pol\u0119dwica skwierczy, grzyby shitake mi\u0119kn\u0105 i b\u0142yszcz\u0105, pory zaczynaj\u0105 br\u0105zowie\u0107.<\/p>\n<p class=\"p1\">Oczywi\u015bcie nasz modu\u0142 wielofunkcyjny ma r\u00f3wnie\u017c wiele innych mo\u017cliwo\u015bci \u2013 wystarczy doda\u0107 \u015brodkowy pier\u015bcie\u0144, aby zmieni\u0107 ruszt z woka na standardowy ruszt, kt\u00f3ry pomie\u015bci nawet 350 mm garnek. Pot\u0119\u017cny palnik zapewnia niesamowit\u0105 kontrol\u0119, od 8kW do sma\u017cenia w jako\u015bci restauracyjnej po minimalny poziom do topienia czekolady. G\u0142\u0119boka, bezszwowa misa palnika u\u0142atwia czyszczenie. Co najlepsze, jest to tylko jeden z pi\u0119ciu modu\u0142\u00f3w Wolf, kt\u00f3re wprowadzaj\u0105 specjalistyczne gotowanie do Twojej kuchni.<\/p>\n","protected":false},"featured_media":777,"comment_status":"closed","ping_status":"closed","template":"","meta":{"_acf_changed":false,"inline_featured_image":false},"product_cat":[30,40,31],"product_tag":[],"class_list":{"0":"post-776","1":"product","2":"type-product","3":"status-publish","4":"has-post-thumbnail","6":"product_cat-gotowanie","7":"product_cat-moduly-zintegrowane","8":"product_cat-wolf","9":"has-post-title","10":"has-post-date","11":"has-post-category","12":"has-post-tag","13":"has-post-comment","14":"has-post-author","15":"","17":"first","18":"instock","19":"shipping-taxable","20":"product-type-simple"},"acf":[],"builder_content":"","_links":{"self":[{"href":"https:\/\/www.subzerowolf.cz\/pl\/wp-json\/wp\/v2\/product\/776","targetHints":{"allow":["GET"]}}],"collection":[{"href":"https:\/\/www.subzerowolf.cz\/pl\/wp-json\/wp\/v2\/product"}],"about":[{"href":"https:\/\/www.subzerowolf.cz\/pl\/wp-json\/wp\/v2\/types\/product"}],"replies":[{"embeddable":true,"href":"https:\/\/www.subzerowolf.cz\/pl\/wp-json\/wp\/v2\/comments?post=776"}],"wp:featuredmedia":[{"embeddable":true,"href":"https:\/\/www.subzerowolf.cz\/pl\/wp-json\/wp\/v2\/media\/777"}],"wp:attachment":[{"href":"https:\/\/www.subzerowolf.cz\/pl\/wp-json\/wp\/v2\/media?parent=776"}],"wp:term":[{"taxonomy":"product_cat","embeddable":true,"href":"https:\/\/www.subzerowolf.cz\/pl\/wp-json\/wp\/v2\/product_cat?post=776"},{"taxonomy":"product_tag","embeddable":true,"href":"https:\/\/www.subzerowolf.cz\/pl\/wp-json\/wp\/v2\/product_tag?post=776"}],"curies":[{"name":"wp","href":"https:\/\/api.w.org\/{rel}","templated":true}]}}