{"id":782,"date":"2023-08-14T10:04:19","date_gmt":"2023-08-14T08:04:19","guid":{"rendered":"https:\/\/www.subzerowolf.cz\/?post_type=product&#038;p=782"},"modified":"2024-03-12T09:57:53","modified_gmt":"2024-03-12T08:57:53","slug":"modul-parownika-icbsm15tfs","status":"publish","type":"product","link":"https:\/\/www.subzerowolf.cz\/pl\/produkt\/modul-parownika-icbsm15tfs\/","title":{"rendered":"Modu\u0142 Parownika"},"content":{"rendered":"<ul>\n<li>Pojemno\u015b\u0107 4,7L<\/li>\n<li>Pot\u0119\u017cny element grzewczy o mocy 2700 W szybko gotuje na parze mi\u0119so, ziarna i nie tylko<\/li>\n<li>Dzia\u0142a jako wolnowar przez 8-10 godzin<\/li>\n<li>Zwi\u0119kszona precyzja dzi\u0119ki 10 wst\u0119pnie ustawionym poziomom mocy i mo\u017cliwo\u015bci regulacji w krokach co 1\u00b0<\/li>\n<li>Patelnie ze stali nierdzewnej z mo\u017cliwo\u015bci\u0105 sztaplowania<\/li>\n<li>Zaawansowana uszczelka pokrywy utrzymuje par\u0119, zapewniaj\u0105c sta\u0142\u0105 temperatur\u0119<\/li>\n<li>Elektroniczny zaw\u00f3r wody uwalnia pe\u0142n\u0105 pojemno\u015b\u0107 w zaledwie 2 minuty<\/li>\n<li>Zintegrowana konstrukcja, smuk\u0142a szeroko\u015b\u0107 38 cm dobrze komponuje si\u0119 z innymi modu\u0142ami Wolf<\/li>\n<li>Wolf oferuje wiod\u0105c\u0105 w bran\u017cy pi\u0119cioletni\u0105 gwarancj\u0119<\/li>\n<\/ul>\n","protected":false},"excerpt":{"rendered":"<p>Przygotowuj zdrowsze i bardziej aromatyczne posi\u0142ki dzi\u0119ki parowarowi Wolf 38 cm. Ten cudowny ma\u0142y modu\u0142 uszczelnia smak i sk\u0142adniki od\u017cywcze warzyw, zb\u00f3\u017c, mi\u0119sa i innych produkt\u00f3w, ale ma r\u00f3wnie\u017c mo\u017cliwo\u015bci przygotowania \u0142ososia norweskiego en papillote i innych przysmak\u00f3w. Dzi\u0119ki akcesorium w postaci kosza, urz\u0105dzenie posiada nawet funkcj\u0119 sous vide \u2013 stek lub kurczak ugotowany do soczystej perfekcji.<\/p>\n<p>Modu\u0142 do gotowania na parze umo\u017cliwia gotowanie na parze wszelkiego rodzaju potraw, a tak\u017ce wyrabianie ciasta chlebowego, topienie czekolady i powolne gotowanie pieczeni, gulaszu i zup. Wykonany z wytrzyma\u0142ej stali nierdzewnej, ma du\u017c\u0105 pojemno\u015b\u0107 4,7 l z dwiema stalowymi wk\u0142adkami, jedn\u0105 pe\u0142n\u0105 i jedn\u0105 perforowan\u0105.<\/p>\n","protected":false},"featured_media":783,"comment_status":"closed","ping_status":"closed","template":"","meta":{"_acf_changed":false,"inline_featured_image":false},"product_cat":[30,40,31],"product_tag":[],"class_list":{"0":"post-782","1":"product","2":"type-product","3":"status-publish","4":"has-post-thumbnail","6":"product_cat-gotowanie","7":"product_cat-moduly-zintegrowane","8":"product_cat-wolf","9":"has-post-title","10":"has-post-date","11":"has-post-category","12":"has-post-tag","13":"has-post-comment","14":"has-post-author","15":"","17":"first","18":"instock","19":"shipping-taxable","20":"product-type-simple"},"acf":[],"builder_content":"","_links":{"self":[{"href":"https:\/\/www.subzerowolf.cz\/pl\/wp-json\/wp\/v2\/product\/782","targetHints":{"allow":["GET"]}}],"collection":[{"href":"https:\/\/www.subzerowolf.cz\/pl\/wp-json\/wp\/v2\/product"}],"about":[{"href":"https:\/\/www.subzerowolf.cz\/pl\/wp-json\/wp\/v2\/types\/product"}],"replies":[{"embeddable":true,"href":"https:\/\/www.subzerowolf.cz\/pl\/wp-json\/wp\/v2\/comments?post=782"}],"wp:featuredmedia":[{"embeddable":true,"href":"https:\/\/www.subzerowolf.cz\/pl\/wp-json\/wp\/v2\/media\/783"}],"wp:attachment":[{"href":"https:\/\/www.subzerowolf.cz\/pl\/wp-json\/wp\/v2\/media?parent=782"}],"wp:term":[{"taxonomy":"product_cat","embeddable":true,"href":"https:\/\/www.subzerowolf.cz\/pl\/wp-json\/wp\/v2\/product_cat?post=782"},{"taxonomy":"product_tag","embeddable":true,"href":"https:\/\/www.subzerowolf.cz\/pl\/wp-json\/wp\/v2\/product_tag?post=782"}],"curies":[{"name":"wp","href":"https:\/\/api.w.org\/{rel}","templated":true}]}}