{"id":814,"date":"2023-08-15T10:05:17","date_gmt":"2023-08-15T08:05:17","guid":{"rendered":"https:\/\/www.subzerowolf.cz\/?post_type=product&#038;p=814"},"modified":"2024-03-12T09:54:55","modified_gmt":"2024-03-12T08:54:55","slug":"okap-serii-pro-107-cm-icbpw422718","status":"publish","type":"product","link":"https:\/\/www.subzerowolf.cz\/pl\/produkt\/okap-serii-pro-107-cm-icbpw422718\/","title":{"rendered":"Okap serii PRO &#8211; 107 cm"},"content":{"rendered":"<ul>\n<li>Wytrzyma\u0142a konstrukcja ze stali nierdzewnej<\/li>\n<li>R\u0119cznie wyko\u0144czone kraw\u0119dzie i spawane szwy<\/li>\n<li>Wbudowane elementy steruj\u0105ce dla bardziej eleganckiego wygl\u0105du<\/li>\n<li>P\u0142ynne sterowanie pr\u0119dko\u015bci\u0105 silnik\u00f3w dmuchawy<\/li>\n<li>Jasne o\u015bwietlenie halogenowe<\/li>\n<li>Przej\u015bcie z ci\u0105giem wstecznym minimalizuje wsteczny przep\u0142yw zimnego powietrza<\/li>\n<li>Lampy grzewcze dost\u0119pne tylko dla modeli o g\u0142\u0119boko\u015bci 69 cm &#8211; \u017car\u00f3wki nie wchodz\u0105 w sk\u0142ad zestawu<\/li>\n<li>Czujnik ciep\u0142a dla bezpiecze\u0144stwa<\/li>\n<li>Wolf oferuje wiod\u0105c\u0105 w bran\u017cy pi\u0119cioletni\u0105 gwarancj\u0119<\/li>\n<\/ul>\n","protected":false},"excerpt":{"rendered":"<p class=\"p1\">Spawane szwy, obszyte kraw\u0119dzie, r\u0119czne wyko\u0144czenie. A wszystko to z wytrzyma\u0142ej, szczotkowanej stali nierdzewnej. Czy nazwanie okapu Wolf Pro Wall Hood pi\u0119knym by\u0142oby przesad\u0105? Naszym zdaniem nie. To ostateczny, kultowy akcent, kt\u00f3ry uzupe\u0142nia starannie zaprojektowan\u0105, profesjonaln\u0105 kuchni\u0119. Za wyrze\u017abionymi liniami kryje si\u0119 niesamowita wydajno\u015b\u0107, kt\u00f3ra sprawi, \u017ce strefa gotowania b\u0119dzie jasna, czysta i \u015bwie\u017ca, bez wzgl\u0119du na to, co gotujesz.<\/p>\n<p class=\"p1\">Pot\u0119\u017cne, wielobiegowe dmuchawy usuwaj\u0105 dym i nieprzyjemne zapachy. Jasne o\u015bwietlenie halogenowe z dwoma ustawieniami o\u015bwietla powierzchni\u0119 gotowania. Filtry przegrodowe ze stali nierdzewnej mo\u017cna \u0142atwo wyj\u0105\u0107 i umy\u0107 w zmywarce. Funkcja Heat Sentry automatycznie w\u0142\u0105cza dmuchaw\u0119 lub zwi\u0119ksza pr\u0119dko\u015b\u0107, gdy temperatura spalin przekroczy 93 C. Dost\u0119pny w g\u0142\u0119boko\u015bciach 61 cm i 69 cm (do 69 cm mo\u017cna doda\u0107 lampy grzewcze) i pi\u0119ciu szeroko\u015bciach: 76 cm, 91 cm, 107 cm, 122 cm i 152 cm.<\/p>\n","protected":false},"featured_media":815,"comment_status":"closed","ping_status":"closed","template":"","meta":{"_acf_changed":false,"inline_featured_image":false},"product_cat":[30,41,31],"product_tag":[],"class_list":{"0":"post-814","1":"product","2":"type-product","3":"status-publish","4":"has-post-thumbnail","6":"product_cat-gotowanie","7":"product_cat-wentylacja-kuchenna","8":"product_cat-wolf","9":"has-post-title","10":"has-post-date","11":"has-post-category","12":"has-post-tag","13":"has-post-comment","14":"has-post-author","15":"","17":"first","18":"instock","19":"shipping-taxable","20":"product-type-simple"},"acf":[],"builder_content":"","_links":{"self":[{"href":"https:\/\/www.subzerowolf.cz\/pl\/wp-json\/wp\/v2\/product\/814","targetHints":{"allow":["GET"]}}],"collection":[{"href":"https:\/\/www.subzerowolf.cz\/pl\/wp-json\/wp\/v2\/product"}],"about":[{"href":"https:\/\/www.subzerowolf.cz\/pl\/wp-json\/wp\/v2\/types\/product"}],"replies":[{"embeddable":true,"href":"https:\/\/www.subzerowolf.cz\/pl\/wp-json\/wp\/v2\/comments?post=814"}],"wp:featuredmedia":[{"embeddable":true,"href":"https:\/\/www.subzerowolf.cz\/pl\/wp-json\/wp\/v2\/media\/815"}],"wp:attachment":[{"href":"https:\/\/www.subzerowolf.cz\/pl\/wp-json\/wp\/v2\/media?parent=814"}],"wp:term":[{"taxonomy":"product_cat","embeddable":true,"href":"https:\/\/www.subzerowolf.cz\/pl\/wp-json\/wp\/v2\/product_cat?post=814"},{"taxonomy":"product_tag","embeddable":true,"href":"https:\/\/www.subzerowolf.cz\/pl\/wp-json\/wp\/v2\/product_tag?post=814"}],"curies":[{"name":"wp","href":"https:\/\/api.w.org\/{rel}","templated":true}]}}