{"id":822,"date":"2023-08-15T10:01:21","date_gmt":"2023-08-15T08:01:21","guid":{"rendered":"https:\/\/www.subzerowolf.cz\/?post_type=product&#038;p=822"},"modified":"2024-03-12T09:57:10","modified_gmt":"2024-03-12T08:57:10","slug":"okap-blatowy-91cm-icbdd36","status":"publish","type":"product","link":"https:\/\/www.subzerowolf.cz\/pl\/produkt\/okap-blatowy-91cm-icbdd36\/","title":{"rendered":"Okap blatowy &#8211; 91 cm"},"content":{"rendered":"<ul>\n<li>Opuszcza si\u0119, gdy nie jest u\u017cywany<\/li>\n<li>Wytrzyma\u0142a stal nierdzewna<\/li>\n<li>Funkcja op\u00f3\u017anionego wy\u0142\u0105czenia wy\u0142\u0105cza dmuchaw\u0119 po oko\u0142o 5 minutach<\/li>\n<li>Regulowany wylot umo\u017cliwia obej\u015bcie kana\u0142\u00f3w wentylacyjnych<\/li>\n<li>Dost\u0119pne wewn\u0119trzne i zewn\u0119trzne silniki okapu<\/li>\n<li>Zdalne sterowanie z odleg\u0142o\u015bci do 3 m<\/li>\n<li>Unosi si\u0119 na wysoko\u015b\u0107 356 mm, usuwaj\u0105c dym i nieprzyjemne zapachy<\/li>\n<li>Wolf oferuje wiod\u0105c\u0105 w bran\u017cy pi\u0119cioletni\u0105 gwarancj\u0119<\/li>\n<\/ul>\n","protected":false},"excerpt":{"rendered":"<p class=\"p1\">Sp\u00f3jrzmy prawdzie w oczy: wentylacja prawdopodobnie nie znajduje si\u0119 na szczycie listy wymarzonych urz\u0105dze\u0144. Jednak bez niej kuchnia mo\u017ce by\u0107 zadymionym, brudnym miejscem. Wentylacja blatowa Wolf unosi si\u0119 356 mm od blatu, aby usun\u0105\u0107 dym i zapachy z najmniejszej patelni do sma\u017cenia i najwi\u0119kszego garnka. Tw\u00f3j nos b\u0119dzie Ci wdzi\u0119czny, podobnie jak Twoje oczy. Okap posiada wiele pomys\u0142owych funkcji.<\/p>\n<p class=\"p1\">Gdy nie jest u\u017cywany, downdraft obni\u017ca si\u0119 do blatu, zapewniaj\u0105c dobr\u0105 widoczno\u015b\u0107 w kuchni. W zestawie znajduje si\u0119 przewodowy pilot zdalnego sterowania, kt\u00f3ry mo\u017cna umie\u015bci\u0107 w odleg\u0142o\u015bci do 3 metr\u00f3w, pod blatem lub w s\u0105siedniej szafce. Wska\u017anik informuje, kiedy nale\u017cy przepu\u015bci\u0107 filtry przez zmywark\u0119. Rze\u017abiona stal nierdzewna doskonale komponuje si\u0119 z wi\u0119kszo\u015bci\u0105 p\u0142yt grzewczych i kuchennych Wolf.<\/p>\n","protected":false},"featured_media":823,"comment_status":"closed","ping_status":"closed","template":"","meta":{"_acf_changed":false,"inline_featured_image":false},"product_cat":[30,41,31],"product_tag":[],"class_list":{"0":"post-822","1":"product","2":"type-product","3":"status-publish","4":"has-post-thumbnail","6":"product_cat-gotowanie","7":"product_cat-wentylacja-kuchenna","8":"product_cat-wolf","9":"has-post-title","10":"has-post-date","11":"has-post-category","12":"has-post-tag","13":"has-post-comment","14":"has-post-author","15":"","17":"first","18":"instock","19":"shipping-taxable","20":"product-type-simple"},"acf":[],"builder_content":"","_links":{"self":[{"href":"https:\/\/www.subzerowolf.cz\/pl\/wp-json\/wp\/v2\/product\/822","targetHints":{"allow":["GET"]}}],"collection":[{"href":"https:\/\/www.subzerowolf.cz\/pl\/wp-json\/wp\/v2\/product"}],"about":[{"href":"https:\/\/www.subzerowolf.cz\/pl\/wp-json\/wp\/v2\/types\/product"}],"replies":[{"embeddable":true,"href":"https:\/\/www.subzerowolf.cz\/pl\/wp-json\/wp\/v2\/comments?post=822"}],"wp:featuredmedia":[{"embeddable":true,"href":"https:\/\/www.subzerowolf.cz\/pl\/wp-json\/wp\/v2\/media\/823"}],"wp:attachment":[{"href":"https:\/\/www.subzerowolf.cz\/pl\/wp-json\/wp\/v2\/media?parent=822"}],"wp:term":[{"taxonomy":"product_cat","embeddable":true,"href":"https:\/\/www.subzerowolf.cz\/pl\/wp-json\/wp\/v2\/product_cat?post=822"},{"taxonomy":"product_tag","embeddable":true,"href":"https:\/\/www.subzerowolf.cz\/pl\/wp-json\/wp\/v2\/product_tag?post=822"}],"curies":[{"name":"wp","href":"https:\/\/api.w.org\/{rel}","templated":true}]}}