{"id":828,"date":"2023-08-15T10:14:13","date_gmt":"2023-08-15T08:14:13","guid":{"rendered":"https:\/\/www.subzerowolf.cz\/?post_type=product&#038;p=828"},"modified":"2024-03-12T09:40:45","modified_gmt":"2024-03-12T08:40:45","slug":"okap-wyspowy-107cm-stalowy-icbvi42s","status":"publish","type":"product","link":"https:\/\/www.subzerowolf.cz\/pl\/produkt\/okap-wyspowy-107cm-stalowy-icbvi42s\/","title":{"rendered":"Okap wyspowy &#8211; 107 cm, stalowy"},"content":{"rendered":"<ul>\n<li>Oddychaj czystszym powietrzem i ciesz si\u0119 mniejsz\u0105 ilo\u015bci\u0105 t\u0142ustych osad\u00f3w w kuchni<\/li>\n<li>Regulacja w razie potrzeby za pomoc\u0105 wpuszczanych element\u00f3w steruj\u0105cych, kt\u00f3re zapewniaj\u0105 bardziej elegancki wygl\u0105d, a jednocze\u015bnie zachowuj\u0105 najwy\u017csz\u0105 kontrol\u0119 nad dmuchaw\u0105<\/li>\n<li>Wykonany ze stali szlachetnej pasuje do wszystkich produkt\u00f3w Sub-Zero i Wolf<\/li>\n<li>Do wyboru silnik wewn\u0119trzny b\u0105d\u017a zewn\u0119trzny<\/li>\n<li>O\u015bwietlenie przestrzeni roboczej za pomoc\u0105 dw\u00f3ch pask\u00f3w \u015bwietlnych LED z dwoma ustawieniami jasno\u015bci<\/li>\n<li>Regulowana wysoko\u015b\u0107 teleskopowemu kominowi<\/li>\n<li>Wolf oferuje wiod\u0105c\u0105 w bran\u017cy pi\u0119cioletni\u0105 gwarancj\u0119<\/li>\n<\/ul>\n","protected":false},"excerpt":{"rendered":"<p class=\"p1\">Okap wyspowy ze stali nierdzewnej Wolf sprawia wra\u017cenie wyrze\u017abionego z jednego kawa\u0142ka grubej stali nierdzewnej. Ten doskona\u0142y stopie\u0144 wyko\u0144czenia to tylko jeden z przyk\u0142ad\u00f3w staranno\u015bci, jak\u0105 firma Wolf w\u0142o\u017cy\u0142a w konstrukcj\u0119 tego okapu. Wygl\u0105d idealnie pasuje do innych luksusowych urz\u0105dze\u0144 kuchennych Wolf i Sub-Zero. Zapewnia wysok\u0105 wydajno\u015b\u0107 przez ca\u0142y czas, dzi\u0119ki elementom steruj\u0105cym zamontowanym z przodu, doskona\u0142emu o\u015bwietleniu LED i wielu pr\u0119dko\u015bciom dla mocnej dmuchawy. Filtry mo\u017cna my\u0107 w zmywarce.<\/p>\n","protected":false},"featured_media":829,"comment_status":"closed","ping_status":"closed","template":"","meta":{"_acf_changed":false,"inline_featured_image":false},"product_cat":[30,41,31],"product_tag":[],"class_list":{"0":"post-828","1":"product","2":"type-product","3":"status-publish","4":"has-post-thumbnail","6":"product_cat-gotowanie","7":"product_cat-wentylacja-kuchenna","8":"product_cat-wolf","9":"has-post-title","10":"has-post-date","11":"has-post-category","12":"has-post-tag","13":"has-post-comment","14":"has-post-author","15":"","17":"first","18":"instock","19":"shipping-taxable","20":"product-type-simple"},"acf":[],"builder_content":"","_links":{"self":[{"href":"https:\/\/www.subzerowolf.cz\/pl\/wp-json\/wp\/v2\/product\/828","targetHints":{"allow":["GET"]}}],"collection":[{"href":"https:\/\/www.subzerowolf.cz\/pl\/wp-json\/wp\/v2\/product"}],"about":[{"href":"https:\/\/www.subzerowolf.cz\/pl\/wp-json\/wp\/v2\/types\/product"}],"replies":[{"embeddable":true,"href":"https:\/\/www.subzerowolf.cz\/pl\/wp-json\/wp\/v2\/comments?post=828"}],"wp:featuredmedia":[{"embeddable":true,"href":"https:\/\/www.subzerowolf.cz\/pl\/wp-json\/wp\/v2\/media\/829"}],"wp:attachment":[{"href":"https:\/\/www.subzerowolf.cz\/pl\/wp-json\/wp\/v2\/media?parent=828"}],"wp:term":[{"taxonomy":"product_cat","embeddable":true,"href":"https:\/\/www.subzerowolf.cz\/pl\/wp-json\/wp\/v2\/product_cat?post=828"},{"taxonomy":"product_tag","embeddable":true,"href":"https:\/\/www.subzerowolf.cz\/pl\/wp-json\/wp\/v2\/product_tag?post=828"}],"curies":[{"name":"wp","href":"https:\/\/api.w.org\/{rel}","templated":true}]}}