{"id":836,"date":"2023-08-12T10:04:41","date_gmt":"2023-08-12T08:04:41","guid":{"rendered":"https:\/\/www.subzerowolf.cz\/?post_type=product&#038;p=836"},"modified":"2024-04-22T12:57:08","modified_gmt":"2024-04-22T10:57:08","slug":"kuchnia-mikrofalowa-z-funkcja-piekarnika-seria-m-professional-icbspo30pmsph","status":"publish","type":"product","link":"https:\/\/www.subzerowolf.cz\/pl\/produkt\/kuchnia-mikrofalowa-z-funkcja-piekarnika-seria-m-professional-icbspo30pmsph\/","title":{"rendered":"Kuchnia mikrofalowa z funkcj\u0105 piekarnika &#8211; Seria M &#8211; Professional"},"content":{"rendered":"<ul>\n<li>\u0141\u0105czy w sobie technologie mikrofal, konwekcji i grilla, zapewniaj\u0105c wszechstronno\u015b\u0107 piekarnika typu \u201ewszystko w jednym\u201d.<\/li>\n<li>Zapewnia przewidywalnie pyszne rezultaty dzi\u0119ki 10 poziomom mocy mikrofal, wygodnym trybom szybkiego uruchamiania i intuicyjnemu trybowi Gourmet.<\/li>\n<li>Zapewnia wi\u0119ksz\u0105 moc gotowania ni\u017c tradycyjna kuchenka mikrofalowa dzi\u0119ki konwekcji i grillowi<\/li>\n<li>Wn\u0119trze ze stali nierdzewnej o pojemno\u015bci 46L mie\u015bci naczynia o wymiarach 33 x 23 cm<\/li>\n<li>Tryby Micro Bake i Micro Roast redukuj\u0105 lub ca\u0142kowicie eliminuj\u0105 czas nagrzewania wst\u0119pnego<\/li>\n<li>Pasuje do innych piekarnik\u00f3w i urz\u0105dze\u0144 do zabudowy firmy Wolf dzi\u0119ki r\u00f3\u017cnym opcjom uchwyt\u00f3w i wyko\u0144cze\u0144<\/li>\n<li>Wolf oferuje wiod\u0105c\u0105 na rynku 5-letni\u0105 gwarancj\u0119.<\/li>\n<\/ul>\n","protected":false},"excerpt":{"rendered":"<p class=\"p1\">Wydajno\u015b\u0107, kt\u00f3rej oczekujesz od Wolf &#8211; teraz w bardziej kompaktowym opakowaniu. \u0141\u0105cz\u0105c moc konwekcji, grilla i kuchenki mikrofalowej, piekarnik \u201cSpeed oven\u201d oferuje wszechstronno\u015b\u0107 piekarnika typu \u201cwszystko w jednym\u201d dzi\u0119ki czemu mo\u017cna przygotowa\u0107 szersz\u0105 gam\u0119 pysznych potraw w kr\u00f3tszym czasie. W pe\u0142ni kompatybilne z innymi urz\u0105dzeniami Wolf i Sub-Zero.<\/p>\n","protected":false},"featured_media":2380,"comment_status":"closed","ping_status":"closed","template":"","meta":{"_acf_changed":false,"inline_featured_image":false},"product_cat":[30,42,31],"product_tag":[],"class_list":{"0":"post-836","1":"product","2":"type-product","3":"status-publish","4":"has-post-thumbnail","6":"product_cat-gotowanie","7":"product_cat-piekarniki-z-funkcja-mikrofali","8":"product_cat-wolf","9":"has-post-title","10":"has-post-date","11":"has-post-category","12":"has-post-tag","13":"has-post-comment","14":"has-post-author","15":"","17":"first","18":"instock","19":"shipping-taxable","20":"product-type-simple"},"acf":[],"builder_content":"","_links":{"self":[{"href":"https:\/\/www.subzerowolf.cz\/pl\/wp-json\/wp\/v2\/product\/836","targetHints":{"allow":["GET"]}}],"collection":[{"href":"https:\/\/www.subzerowolf.cz\/pl\/wp-json\/wp\/v2\/product"}],"about":[{"href":"https:\/\/www.subzerowolf.cz\/pl\/wp-json\/wp\/v2\/types\/product"}],"replies":[{"embeddable":true,"href":"https:\/\/www.subzerowolf.cz\/pl\/wp-json\/wp\/v2\/comments?post=836"}],"wp:featuredmedia":[{"embeddable":true,"href":"https:\/\/www.subzerowolf.cz\/pl\/wp-json\/wp\/v2\/media\/2380"}],"wp:attachment":[{"href":"https:\/\/www.subzerowolf.cz\/pl\/wp-json\/wp\/v2\/media?parent=836"}],"wp:term":[{"taxonomy":"product_cat","embeddable":true,"href":"https:\/\/www.subzerowolf.cz\/pl\/wp-json\/wp\/v2\/product_cat?post=836"},{"taxonomy":"product_tag","embeddable":true,"href":"https:\/\/www.subzerowolf.cz\/pl\/wp-json\/wp\/v2\/product_tag?post=836"}],"curies":[{"name":"wp","href":"https:\/\/api.w.org\/{rel}","templated":true}]}}